{"id":2598,"date":"2020-09-18T15:02:15","date_gmt":"2020-09-18T13:02:15","guid":{"rendered":"https:\/\/pianoiturbi.dival.es\/festival-iturbi\/biografies\/marta-zabaleta\/"},"modified":"2020-09-21T09:44:53","modified_gmt":"2020-09-21T07:44:53","slug":"marta-zabaleta","status":"publish","type":"page","link":"https:\/\/pianoiturbi.dival.es\/ca\/festival-iturbi-1ed\/biografies\/marta-zabaleta\/","title":{"rendered":"Marta Zabaleta"},"content":{"rendered":"\t\t<div data-elementor-type=\"wp-page\" data-elementor-id=\"2598\" class=\"elementor elementor-2598 elementor-2530\" data-elementor-post-type=\"page\">\n\t\t\t\t\t\t<section class=\"elementor-section elementor-top-section elementor-element elementor-element-2e965460 elementor-hidden-desktop elementor-hidden-tablet elementor-section-boxed elementor-section-height-default elementor-section-height-default\" data-id=\"2e965460\" data-element_type=\"section\">\n\t\t\t\t\t\t<div class=\"elementor-container elementor-column-gap-no\">\n\t\t\t\t\t<div class=\"elementor-column elementor-col-100 elementor-top-column elementor-element elementor-element-48dc0994\" data-id=\"48dc0994\" data-element_type=\"column\">\n\t\t\t<div class=\"elementor-widget-wrap elementor-element-populated\">\n\t\t\t\t\t\t<div class=\"elementor-element elementor-element-1c551fc8 elementor-widget elementor-widget-image\" data-id=\"1c551fc8\" data-element_type=\"widget\" data-widget_type=\"image.default\">\n\t\t\t\t<div class=\"elementor-widget-container\">\n\t\t\t\t\t\t\t\t\t\t\t\t\t\t\t<img fetchpriority=\"high\" decoding=\"async\" width=\"738\" height=\"1024\" src=\"https:\/\/pianoiturbi.dival.es\/wp-content\/uploads\/Caratulas-WEB-02-2-738x1024.jpg\" class=\"attachment-large size-large wp-image-871\" alt=\"\" srcset=\"https:\/\/pianoiturbi.dival.es\/wp-content\/uploads\/Caratulas-WEB-02-2-738x1024.jpg 738w, https:\/\/pianoiturbi.dival.es\/wp-content\/uploads\/Caratulas-WEB-02-2-216x300.jpg 216w, https:\/\/pianoiturbi.dival.es\/wp-content\/uploads\/Caratulas-WEB-02-2-768x1066.jpg 768w, https:\/\/pianoiturbi.dival.es\/wp-content\/uploads\/Caratulas-WEB-02-2-1107x1536.jpg 1107w, https:\/\/pianoiturbi.dival.es\/wp-content\/uploads\/Caratulas-WEB-02-2.jpg 1277w\" sizes=\"(max-width: 738px) 100vw, 738px\" \/>\t\t\t\t\t\t\t\t\t\t\t\t\t\t\t<\/div>\n\t\t\t\t<\/div>\n\t\t\t\t\t<\/div>\n\t\t<\/div>\n\t\t\t\t\t<\/div>\n\t\t<\/section>\n\t\t\t\t<section class=\"elementor-section elementor-top-section elementor-element elementor-element-39f0ccb2 elementor-section-boxed elementor-section-height-default elementor-section-height-default\" data-id=\"39f0ccb2\" data-element_type=\"section\">\n\t\t\t\t\t\t<div class=\"elementor-container elementor-column-gap-no\">\n\t\t\t\t\t<div class=\"elementor-column elementor-col-50 elementor-top-column elementor-element elementor-element-497ec8d elementor-hidden-phone\" data-id=\"497ec8d\" data-element_type=\"column\" data-settings=\"{&quot;background_background&quot;:&quot;classic&quot;}\">\n\t\t\t<div class=\"elementor-widget-wrap elementor-element-populated\">\n\t\t\t\t\t\t<section class=\"elementor-section elementor-inner-section elementor-element elementor-element-36fb1e43 elementor-section-height-min-height elementor-section-boxed elementor-section-height-default\" data-id=\"36fb1e43\" data-element_type=\"section\" data-settings=\"{&quot;sticky&quot;:&quot;top&quot;,&quot;sticky_on&quot;:[&quot;desktop&quot;,&quot;tablet&quot;,&quot;mobile&quot;],&quot;sticky_offset&quot;:0,&quot;sticky_effects_offset&quot;:0,&quot;sticky_anchor_link_offset&quot;:0}\">\n\t\t\t\t\t\t<div class=\"elementor-container elementor-column-gap-no\">\n\t\t\t\t\t<div class=\"elementor-column elementor-col-100 elementor-inner-column elementor-element elementor-element-18dbbfcf elementor-hidden-phone\" data-id=\"18dbbfcf\" data-element_type=\"column\">\n\t\t\t<div class=\"elementor-widget-wrap elementor-element-populated\">\n\t\t\t\t\t\t<div class=\"elementor-element elementor-element-4ba78dc elementor-widget elementor-widget-image\" data-id=\"4ba78dc\" data-element_type=\"widget\" data-widget_type=\"image.default\">\n\t\t\t\t<div class=\"elementor-widget-container\">\n\t\t\t\t\t\t\t\t\t\t\t\t\t\t\t<img fetchpriority=\"high\" decoding=\"async\" width=\"738\" height=\"1024\" src=\"https:\/\/pianoiturbi.dival.es\/wp-content\/uploads\/Caratulas-WEB-02-2-738x1024.jpg\" class=\"attachment-large size-large wp-image-871\" alt=\"\" srcset=\"https:\/\/pianoiturbi.dival.es\/wp-content\/uploads\/Caratulas-WEB-02-2-738x1024.jpg 738w, https:\/\/pianoiturbi.dival.es\/wp-content\/uploads\/Caratulas-WEB-02-2-216x300.jpg 216w, https:\/\/pianoiturbi.dival.es\/wp-content\/uploads\/Caratulas-WEB-02-2-768x1066.jpg 768w, https:\/\/pianoiturbi.dival.es\/wp-content\/uploads\/Caratulas-WEB-02-2-1107x1536.jpg 1107w, https:\/\/pianoiturbi.dival.es\/wp-content\/uploads\/Caratulas-WEB-02-2.jpg 1277w\" sizes=\"(max-width: 738px) 100vw, 738px\" \/>\t\t\t\t\t\t\t\t\t\t\t\t\t\t\t<\/div>\n\t\t\t\t<\/div>\n\t\t\t\t\t<\/div>\n\t\t<\/div>\n\t\t\t\t\t<\/div>\n\t\t<\/section>\n\t\t\t\t\t<\/div>\n\t\t<\/div>\n\t\t\t\t<div class=\"elementor-column elementor-col-50 elementor-top-column elementor-element elementor-element-6b5ead9a\" data-id=\"6b5ead9a\" data-element_type=\"column\">\n\t\t\t<div class=\"elementor-widget-wrap elementor-element-populated\">\n\t\t\t\t\t\t<div class=\"elementor-element elementor-element-1a0046b3 elementor-widget elementor-widget-spacer\" data-id=\"1a0046b3\" data-element_type=\"widget\" data-widget_type=\"spacer.default\">\n\t\t\t\t<div class=\"elementor-widget-container\">\n\t\t\t\t\t\t\t<div class=\"elementor-spacer\">\n\t\t\t<div class=\"elementor-spacer-inner\"><\/div>\n\t\t<\/div>\n\t\t\t\t\t\t<\/div>\n\t\t\t\t<\/div>\n\t\t\t\t<div class=\"elementor-element elementor-element-7f771e4c elementor-widget elementor-widget-template\" data-id=\"7f771e4c\" data-element_type=\"widget\" data-widget_type=\"template.default\">\n\t\t\t\t<div class=\"elementor-widget-container\">\n\t\t\t\t\t\t\t<div class=\"elementor-template\">\n\t\t\t\t\t<div data-elementor-type=\"page\" data-elementor-id=\"1603\" class=\"elementor elementor-1603 elementor-1596\" data-elementor-post-type=\"elementor_library\">\n\t\t\t\t\t\t<section class=\"elementor-section elementor-top-section elementor-element elementor-element-5f621f72 elementor-section-boxed elementor-section-height-default elementor-section-height-default\" data-id=\"5f621f72\" data-element_type=\"section\">\n\t\t\t\t\t\t<div class=\"elementor-container elementor-column-gap-no\">\n\t\t\t\t\t<div class=\"elementor-column elementor-col-100 elementor-top-column elementor-element elementor-element-511ff68f\" data-id=\"511ff68f\" data-element_type=\"column\">\n\t\t\t<div class=\"elementor-widget-wrap elementor-element-populated\">\n\t\t\t\t\t\t<div class=\"elementor-element elementor-element-5082068a elementor-widget elementor-widget-spacer\" data-id=\"5082068a\" data-element_type=\"widget\" data-widget_type=\"spacer.default\">\n\t\t\t\t<div class=\"elementor-widget-container\">\n\t\t\t\t\t\t\t<div class=\"elementor-spacer\">\n\t\t\t<div class=\"elementor-spacer-inner\"><\/div>\n\t\t<\/div>\n\t\t\t\t\t\t<\/div>\n\t\t\t\t<\/div>\n\t\t\t\t<div class=\"elementor-element elementor-element-43ab52b3 elementor-widget elementor-widget-heading\" data-id=\"43ab52b3\" data-element_type=\"widget\" data-widget_type=\"heading.default\">\n\t\t\t\t<div class=\"elementor-widget-container\">\n\t\t\t\t\t<h3 class=\"elementor-heading-title elementor-size-default\">I <br>FESTIVAL <br>INTERNACIONAL <br>DE PIANO <br>DE VAL\u00c8NCIA <br>ITURBI<\/h3>\t\t\t\t<\/div>\n\t\t\t\t<\/div>\n\t\t\t\t<div class=\"elementor-element elementor-element-731bbefc elementor-widget elementor-widget-heading\" data-id=\"731bbefc\" data-element_type=\"widget\" data-widget_type=\"heading.default\">\n\t\t\t\t<div class=\"elementor-widget-container\">\n\t\t\t\t\t<h5 class=\"elementor-heading-title elementor-size-default\">Del 22 al 27 de setembre de 2020<\/h5>\t\t\t\t<\/div>\n\t\t\t\t<\/div>\n\t\t\t\t<div class=\"elementor-element elementor-element-433f3cc2 elementor-widget-divider--view-line elementor-widget elementor-widget-divider\" data-id=\"433f3cc2\" data-element_type=\"widget\" data-widget_type=\"divider.default\">\n\t\t\t\t<div class=\"elementor-widget-container\">\n\t\t\t\t\t\t\t<div class=\"elementor-divider\">\n\t\t\t<span class=\"elementor-divider-separator\">\n\t\t\t\t\t\t<\/span>\n\t\t<\/div>\n\t\t\t\t\t\t<\/div>\n\t\t\t\t<\/div>\n\t\t\t\t\t<\/div>\n\t\t<\/div>\n\t\t\t\t\t<\/div>\n\t\t<\/section>\n\t\t\t\t<\/div>\n\t\t\t\t<\/div>\n\t\t\t\t\t\t<\/div>\n\t\t\t\t<\/div>\n\t\t\t\t<div class=\"elementor-element elementor-element-309728ca elementor-widget elementor-widget-heading\" data-id=\"309728ca\" data-element_type=\"widget\" data-widget_type=\"heading.default\">\n\t\t\t\t<div class=\"elementor-widget-container\">\n\t\t\t\t\t<h3 class=\"elementor-heading-title elementor-size-default\">Marta Zabaleta<\/h3>\t\t\t\t<\/div>\n\t\t\t\t<\/div>\n\t\t\t\t<div class=\"elementor-element elementor-element-32062cc9 elementor-widget elementor-widget-text-editor\" data-id=\"32062cc9\" data-element_type=\"widget\" data-widget_type=\"text-editor.default\">\n\t\t\t\t<div class=\"elementor-widget-container\">\n\t\t\t\t\t\t\t\t\t<h4><img decoding=\"async\" class=\"wp-image-2537 size-medium alignleft\" src=\"https:\/\/pianoiturbi.dival.es\/wp-content\/uploads\/foto_marta-zabaleta-199x300.jpg\" alt=\"\" width=\"199\" height=\"300\" srcset=\"https:\/\/pianoiturbi.dival.es\/wp-content\/uploads\/foto_marta-zabaleta-199x300.jpg 199w, https:\/\/pianoiturbi.dival.es\/wp-content\/uploads\/foto_marta-zabaleta-680x1024.jpg 680w, https:\/\/pianoiturbi.dival.es\/wp-content\/uploads\/foto_marta-zabaleta-768x1156.jpg 768w, https:\/\/pianoiturbi.dival.es\/wp-content\/uploads\/foto_marta-zabaleta-1020x1536.jpg 1020w, https:\/\/pianoiturbi.dival.es\/wp-content\/uploads\/foto_marta-zabaleta-1360x2048.jpg 1360w, https:\/\/pianoiturbi.dival.es\/wp-content\/uploads\/foto_marta-zabaleta-scaled.jpg 1700w\" sizes=\"(max-width: 199px) 100vw, 199px\" \/><\/h4>\n<p>&nbsp;<\/p>\n<p>La pianista guipuscoana obt\u00e9 el primer premi de fi de carrera a Sant Sebasti\u00e0, amb 16 anys, i recorre les escoles europees m\u00e9s destacades: la CNSM de Par\u00eds amb Dominique Merlet; l\u2019Escola Reina Sofia de Madrid, amb Dimitri Bashkirov; i l\u2019Acad\u00e8mia Marshall, amb Alicia de Larrocha. Sempre va obtindre les m\u00e0ximes qualificacions.<\/p>\n<p>&nbsp;<\/p>\n<p>Recull importants premis en els concursos internacionals com el de Santander, com a millor pianista espanyola; Darmstadt; Ja\u00e9n; i Pilar Bayona. La seua vida concert\u00edstica es desenvolupa en recital o amb orquestres simf\u00f2niques com les d\u2019Euskadi, Bilbao, Extremadura, Castella i Lle\u00f3, M\u00farcia, RTVE, Comunitat de Madrid, Gal\u00edcia, C\u00f2rdova, M\u00e0laga, Granada, Val\u00e8ncia, English Chamber, Simf\u00f2nica de Londres, Simf\u00f2nica de Berl\u00edn, Reina Sofia\u2026, sota la direcci\u00f3 de mestres tan rellevants com Sir Colin Davis, Daniele Gatti, Harry Christophers, S. Comissiona, C. Mandeal, M. Venzago, G. Varga, G. Neuhold, J. C. Spinossi, G. Pelhivanian, J. Mena, Sr. Wilson, L. Pfaff, J. M. Alzinar, J. Amic, M. Bragat, G. I. Ramos, C. Wilkins.<\/p>\n<p>&nbsp;<\/p>\n<p>Marta Zabaleta comparteix escenari en m\u00fasica de cambra amb el violoncel\u00b7lista Asier Polo, amb el qual va debutar al Carnegie Hall, amb el pianista Miguel Borges Coelho o amb el quartet Ysaye.<\/p>\n<p>&nbsp;<\/p>\n<p>Els seus primers enregistraments estan en el mercat: dos amb el segell internacional EMI, de l\u2019obra de Joaqu\u00edn Rodrigo; un amb el segell su\u00eds Claves, el <em>Concierto Vasco <\/em>per a piano i orquesta d\u2019Escudero; amb el segell RTVE el <em>Concert per a dos pianos<\/em> de M. Pompey; <em>Goyescas<\/em> de Granados amb el segell \u201cLa m\u00e0 de guido\u201d; un juntament amb el violoncel\u00b7lista Asier Polo amb el segell BBK; i un altre amb el segell IBS Classic.<\/p>\n<p>&nbsp;<\/p>\n<p>Actualment \u00e9s professora en el Centre de M\u00fasica Superior del Pa\u00eds Basc, Musikene, i directora de l\u2019Acad\u00e8mia Marshall de Barcelona per desig expr\u00e9s de la seua antecessora Alicia de Larrocha. Ha sigut convidada com a professora a prestigiosos conservatoris europeus: Hochschule de Col\u00f2nia, Trinity Laban College de Londres, o en els d\u2019altres continents com el de la Universitat de Bogot\u00e0 o el d\u2019Auckland (Nova Zelanda).<\/p>\n<p>&nbsp;<\/p>\n<p>Ha rebut la medalla Alb\u00e9niz de la fundaci\u00f3 p\u00fablica Isaac Alb\u00e9niz.<\/p>\n\t\t\t\t\t\t\t\t<\/div>\n\t\t\t\t<\/div>\n\t\t\t\t<div class=\"elementor-element elementor-element-ab3b4c4 elementor-align-center elementor-widget elementor-widget-button\" data-id=\"ab3b4c4\" data-element_type=\"widget\" data-widget_type=\"button.default\">\n\t\t\t\t<div class=\"elementor-widget-container\">\n\t\t\t\t\t\t\t\t\t<div class=\"elementor-button-wrapper\">\n\t\t\t\t\t<a class=\"elementor-button elementor-button-link elementor-size-sm\" href=\"https:\/\/pianoiturbi.dival.es\/ca\/festival-iturbi\/biografies\/\">\n\t\t\t\t\t\t<span class=\"elementor-button-content-wrapper\">\n\t\t\t\t\t\t\t\t\t<span class=\"elementor-button-text\">TORNAR<\/span>\n\t\t\t\t\t<\/span>\n\t\t\t\t\t<\/a>\n\t\t\t\t<\/div>\n\t\t\t\t\t\t\t\t<\/div>\n\t\t\t\t<\/div>\n\t\t\t\t\t<\/div>\n\t\t<\/div>\n\t\t\t\t\t<\/div>\n\t\t<\/section>\n\t\t\t\t<\/div>\n\t\t","protected":false},"excerpt":{"rendered":"<p>Marta Zabaleta &nbsp; La pianista guipuscoana obt\u00e9 el primer premi de fi de carrera a Sant Sebasti\u00e0, amb 16 anys, i recorre les escoles europees m\u00e9s destacades: la CNSM de [&hellip;]<\/p>\n","protected":false},"author":11,"featured_media":0,"parent":2375,"menu_order":0,"comment_status":"closed","ping_status":"closed","template":"","meta":{"_tec_requires_first_save":true,"site-sidebar-layout":"no-sidebar","site-content-layout":"page-builder","ast-site-content-layout":"","site-content-style":"default","site-sidebar-style":"default","ast-global-header-display":"","ast-banner-title-visibility":"","ast-main-header-display":"","ast-hfb-above-header-display":"","ast-hfb-below-header-display":"","ast-hfb-mobile-header-display":"","site-post-title":"disabled","ast-breadcrumbs-content":"","ast-featured-img":"disabled","footer-sml-layout":"","theme-transparent-header-meta":"default","adv-header-id-meta":"","stick-header-meta":"","header-above-stick-meta":"","header-main-stick-meta":"","header-below-stick-meta":"","astra-migrate-meta-layouts":"default","ast-page-background-enabled":"default","ast-page-background-meta":{"desktop":{"background-color":"","background-image":"","background-repeat":"repeat","background-position":"center center","background-size":"auto","background-attachment":"scroll","background-type":"","background-media":"","overlay-type":"","overlay-color":"","overlay-opacity":"","overlay-gradient":""},"tablet":{"background-color":"","background-image":"","background-repeat":"repeat","background-position":"center center","background-size":"auto","background-attachment":"scroll","background-type":"","background-media":"","overlay-type":"","overlay-color":"","overlay-opacity":"","overlay-gradient":""},"mobile":{"background-color":"","background-image":"","background-repeat":"repeat","background-position":"center center","background-size":"auto","background-attachment":"scroll","background-type":"","background-media":"","overlay-type":"","overlay-color":"","overlay-opacity":"","overlay-gradient":""}},"ast-content-background-meta":{"desktop":{"background-color":"var(--ast-global-color-5)","background-image":"","background-repeat":"repeat","background-position":"center center","background-size":"auto","background-attachment":"scroll","background-type":"","background-media":"","overlay-type":"","overlay-color":"","overlay-opacity":"","overlay-gradient":""},"tablet":{"background-color":"var(--ast-global-color-5)","background-image":"","background-repeat":"repeat","background-position":"center center","background-size":"auto","background-attachment":"scroll","background-type":"","background-media":"","overlay-type":"","overlay-color":"","overlay-opacity":"","overlay-gradient":""},"mobile":{"background-color":"var(--ast-global-color-5)","background-image":"","background-repeat":"repeat","background-position":"center center","background-size":"auto","background-attachment":"scroll","background-type":"","background-media":"","overlay-type":"","overlay-color":"","overlay-opacity":"","overlay-gradient":""}},"_EventAllDay":false,"_EventTimezone":"","_EventStartDate":"","_EventEndDate":"","_EventStartDateUTC":"","_EventEndDateUTC":"","_EventShowMap":false,"_EventShowMapLink":false,"_EventURL":"","_EventCost":"","_EventCostDescription":"","_EventCurrencySymbol":"","_EventCurrencyCode":"","_EventCurrencyPosition":"","_EventDateTimeSeparator":"","_EventTimeRangeSeparator":"","_EventOrganizerID":[],"_EventVenueID":[],"_OrganizerEmail":"","_OrganizerPhone":"","_OrganizerWebsite":"","_VenueAddress":"","_VenueCity":"","_VenueCountry":"","_VenueProvince":"","_VenueState":"","_VenueZip":"","_VenuePhone":"","_VenueURL":"","_VenueStateProvince":"","_VenueLat":"","_VenueLng":"","_VenueShowMap":false,"_VenueShowMapLink":false,"_tribe_blocks_recurrence_rules":"","_tribe_blocks_recurrence_description":"","_tribe_blocks_recurrence_exclusions":"","footnotes":""},"class_list":["post-2598","page","type-page","status-publish","hentry"],"yoast_head":"<!-- This site is optimized with the Yoast SEO plugin v25.3 - https:\/\/yoast.com\/wordpress\/plugins\/seo\/ -->\n<title>Marta Zabaleta - Piano Iturbi<\/title>\n<meta name=\"description\" content=\"El Concurs Internacional de Piano de Val\u00e8ncia Iturbi, plataforma per a joves pianistes de tot el m\u00f3n, \u00e9s un referent de l&#039;escena musical internacional, en combinaci\u00f3 amb el Festival de Piano Iturbi i el programa de recitals\" \/>\n<meta name=\"robots\" content=\"index, follow, max-snippet:-1, max-image-preview:large, max-video-preview:-1\" \/>\n<link rel=\"canonical\" href=\"https:\/\/pianoiturbi.dival.es\/festival-iturbi-1ed\/biografias\/marta-zabaleta\/\" \/>\n<meta property=\"og:locale\" content=\"ca_ES\" \/>\n<meta property=\"og:type\" content=\"article\" \/>\n<meta property=\"og:title\" content=\"Marta Zabaleta - Piano Iturbi\" \/>\n<meta property=\"og:description\" content=\"El Concurs Internacional de Piano de Val\u00e8ncia Iturbi, plataforma per a joves pianistes de tot el m\u00f3n, \u00e9s un referent de l&#039;escena musical internacional, en combinaci\u00f3 amb el Festival de Piano Iturbi i el programa de recitals\" \/>\n<meta property=\"og:url\" content=\"https:\/\/pianoiturbi.dival.es\/festival-iturbi-1ed\/biografias\/marta-zabaleta\/\" \/>\n<meta property=\"og:site_name\" content=\"Piano Iturbi\" \/>\n<meta property=\"article:modified_time\" content=\"2020-09-21T07:44:53+00:00\" \/>\n<meta property=\"og:image\" content=\"https:\/\/pianoiturbi.dival.es\/wp-content\/uploads\/Caratulas-WEB-02-2.jpg\" \/>\n\t<meta property=\"og:image:width\" content=\"1277\" \/>\n\t<meta property=\"og:image:height\" content=\"1772\" \/>\n\t<meta property=\"og:image:type\" content=\"image\/jpeg\" \/>\n<meta name=\"twitter:card\" content=\"summary_large_image\" \/>\n<meta name=\"twitter:label1\" content=\"Temps estimat de lectura\" \/>\n\t<meta name=\"twitter:data1\" content=\"2 minuts\" \/>\n<script type=\"application\/ld+json\" class=\"yoast-schema-graph\">{\"@context\":\"https:\/\/schema.org\",\"@graph\":[{\"@type\":\"WebPage\",\"@id\":\"https:\/\/pianoiturbi.dival.es\/festival-iturbi-1ed\/biografias\/marta-zabaleta\/\",\"url\":\"https:\/\/pianoiturbi.dival.es\/festival-iturbi-1ed\/biografias\/marta-zabaleta\/\",\"name\":\"Marta Zabaleta - Piano Iturbi\",\"isPartOf\":{\"@id\":\"https:\/\/pianoiturbi.dival.es\/#website\"},\"primaryImageOfPage\":{\"@id\":\"https:\/\/pianoiturbi.dival.es\/festival-iturbi-1ed\/biografias\/marta-zabaleta\/#primaryimage\"},\"image\":{\"@id\":\"https:\/\/pianoiturbi.dival.es\/festival-iturbi-1ed\/biografias\/marta-zabaleta\/#primaryimage\"},\"thumbnailUrl\":\"https:\/\/pianoiturbi.dival.es\/wp-content\/uploads\/Caratulas-WEB-02-2-738x1024.jpg\",\"datePublished\":\"2020-09-18T13:02:15+00:00\",\"dateModified\":\"2020-09-21T07:44:53+00:00\",\"description\":\"El Concurs Internacional de Piano de Val\u00e8ncia Iturbi, plataforma per a joves pianistes de tot el m\u00f3n, \u00e9s un referent de l'escena musical internacional, en combinaci\u00f3 amb el Festival de Piano Iturbi i el programa de recitals\",\"breadcrumb\":{\"@id\":\"https:\/\/pianoiturbi.dival.es\/festival-iturbi-1ed\/biografias\/marta-zabaleta\/#breadcrumb\"},\"inLanguage\":\"ca\",\"potentialAction\":[{\"@type\":\"ReadAction\",\"target\":[\"https:\/\/pianoiturbi.dival.es\/festival-iturbi-1ed\/biografias\/marta-zabaleta\/\"]}]},{\"@type\":\"ImageObject\",\"inLanguage\":\"ca\",\"@id\":\"https:\/\/pianoiturbi.dival.es\/festival-iturbi-1ed\/biografias\/marta-zabaleta\/#primaryimage\",\"url\":\"https:\/\/pianoiturbi.dival.es\/wp-content\/uploads\/Caratulas-WEB-02-2-738x1024.jpg\",\"contentUrl\":\"https:\/\/pianoiturbi.dival.es\/wp-content\/uploads\/Caratulas-WEB-02-2-738x1024.jpg\"},{\"@type\":\"BreadcrumbList\",\"@id\":\"https:\/\/pianoiturbi.dival.es\/festival-iturbi-1ed\/biografias\/marta-zabaleta\/#breadcrumb\",\"itemListElement\":[{\"@type\":\"ListItem\",\"position\":1,\"name\":\"Portada\",\"item\":\"https:\/\/pianoiturbi.dival.es\/ca\/\"},{\"@type\":\"ListItem\",\"position\":2,\"name\":\"Festival Iturbi (1\u00aa Edici\u00f3)\",\"item\":\"https:\/\/pianoiturbi.dival.es\/ca\/festival-iturbi-1ed\/\"},{\"@type\":\"ListItem\",\"position\":3,\"name\":\"Biografies\",\"item\":\"https:\/\/pianoiturbi.dival.es\/ca\/festival-iturbi-1ed\/biografies\/\"},{\"@type\":\"ListItem\",\"position\":4,\"name\":\"Marta Zabaleta\"}]},{\"@type\":\"WebSite\",\"@id\":\"https:\/\/pianoiturbi.dival.es\/#website\",\"url\":\"https:\/\/pianoiturbi.dival.es\/\",\"name\":\"Piano Iturbi\",\"description\":\"El Concurs Internacional de Piano de Val\u00e8ncia Iturbi, plataforma per a joves pianistes de tot el m\u00f3n, \u00e9s un referent de l'escena musical internacional, en combinaci\u00f3 amb el Festival de Piano Iturbi i el programa de recitals\",\"potentialAction\":[{\"@type\":\"SearchAction\",\"target\":{\"@type\":\"EntryPoint\",\"urlTemplate\":\"https:\/\/pianoiturbi.dival.es\/?s={search_term_string}\"},\"query-input\":{\"@type\":\"PropertyValueSpecification\",\"valueRequired\":true,\"valueName\":\"search_term_string\"}}],\"inLanguage\":\"ca\"}]}<\/script>\n<!-- \/ Yoast SEO plugin. -->","yoast_head_json":{"title":"Marta Zabaleta - Piano Iturbi","description":"El Concurs Internacional de Piano de Val\u00e8ncia Iturbi, plataforma per a joves pianistes de tot el m\u00f3n, \u00e9s un referent de l'escena musical internacional, en combinaci\u00f3 amb el Festival de Piano Iturbi i el programa de recitals","robots":{"index":"index","follow":"follow","max-snippet":"max-snippet:-1","max-image-preview":"max-image-preview:large","max-video-preview":"max-video-preview:-1"},"canonical":"https:\/\/pianoiturbi.dival.es\/festival-iturbi-1ed\/biografias\/marta-zabaleta\/","og_locale":"ca_ES","og_type":"article","og_title":"Marta Zabaleta - Piano Iturbi","og_description":"El Concurs Internacional de Piano de Val\u00e8ncia Iturbi, plataforma per a joves pianistes de tot el m\u00f3n, \u00e9s un referent de l'escena musical internacional, en combinaci\u00f3 amb el Festival de Piano Iturbi i el programa de recitals","og_url":"https:\/\/pianoiturbi.dival.es\/festival-iturbi-1ed\/biografias\/marta-zabaleta\/","og_site_name":"Piano Iturbi","article_modified_time":"2020-09-21T07:44:53+00:00","og_image":[{"width":1277,"height":1772,"url":"https:\/\/pianoiturbi.dival.es\/wp-content\/uploads\/Caratulas-WEB-02-2.jpg","type":"image\/jpeg"}],"twitter_card":"summary_large_image","twitter_misc":{"Temps estimat de lectura":"2 minuts"},"schema":{"@context":"https:\/\/schema.org","@graph":[{"@type":"WebPage","@id":"https:\/\/pianoiturbi.dival.es\/festival-iturbi-1ed\/biografias\/marta-zabaleta\/","url":"https:\/\/pianoiturbi.dival.es\/festival-iturbi-1ed\/biografias\/marta-zabaleta\/","name":"Marta Zabaleta - Piano Iturbi","isPartOf":{"@id":"https:\/\/pianoiturbi.dival.es\/#website"},"primaryImageOfPage":{"@id":"https:\/\/pianoiturbi.dival.es\/festival-iturbi-1ed\/biografias\/marta-zabaleta\/#primaryimage"},"image":{"@id":"https:\/\/pianoiturbi.dival.es\/festival-iturbi-1ed\/biografias\/marta-zabaleta\/#primaryimage"},"thumbnailUrl":"https:\/\/pianoiturbi.dival.es\/wp-content\/uploads\/Caratulas-WEB-02-2-738x1024.jpg","datePublished":"2020-09-18T13:02:15+00:00","dateModified":"2020-09-21T07:44:53+00:00","description":"El Concurs Internacional de Piano de Val\u00e8ncia Iturbi, plataforma per a joves pianistes de tot el m\u00f3n, \u00e9s un referent de l'escena musical internacional, en combinaci\u00f3 amb el Festival de Piano Iturbi i el programa de recitals","breadcrumb":{"@id":"https:\/\/pianoiturbi.dival.es\/festival-iturbi-1ed\/biografias\/marta-zabaleta\/#breadcrumb"},"inLanguage":"ca","potentialAction":[{"@type":"ReadAction","target":["https:\/\/pianoiturbi.dival.es\/festival-iturbi-1ed\/biografias\/marta-zabaleta\/"]}]},{"@type":"ImageObject","inLanguage":"ca","@id":"https:\/\/pianoiturbi.dival.es\/festival-iturbi-1ed\/biografias\/marta-zabaleta\/#primaryimage","url":"https:\/\/pianoiturbi.dival.es\/wp-content\/uploads\/Caratulas-WEB-02-2-738x1024.jpg","contentUrl":"https:\/\/pianoiturbi.dival.es\/wp-content\/uploads\/Caratulas-WEB-02-2-738x1024.jpg"},{"@type":"BreadcrumbList","@id":"https:\/\/pianoiturbi.dival.es\/festival-iturbi-1ed\/biografias\/marta-zabaleta\/#breadcrumb","itemListElement":[{"@type":"ListItem","position":1,"name":"Portada","item":"https:\/\/pianoiturbi.dival.es\/ca\/"},{"@type":"ListItem","position":2,"name":"Festival Iturbi (1\u00aa Edici\u00f3)","item":"https:\/\/pianoiturbi.dival.es\/ca\/festival-iturbi-1ed\/"},{"@type":"ListItem","position":3,"name":"Biografies","item":"https:\/\/pianoiturbi.dival.es\/ca\/festival-iturbi-1ed\/biografies\/"},{"@type":"ListItem","position":4,"name":"Marta Zabaleta"}]},{"@type":"WebSite","@id":"https:\/\/pianoiturbi.dival.es\/#website","url":"https:\/\/pianoiturbi.dival.es\/","name":"Piano Iturbi","description":"El Concurs Internacional de Piano de Val\u00e8ncia Iturbi, plataforma per a joves pianistes de tot el m\u00f3n, \u00e9s un referent de l'escena musical internacional, en combinaci\u00f3 amb el Festival de Piano Iturbi i el programa de recitals","potentialAction":[{"@type":"SearchAction","target":{"@type":"EntryPoint","urlTemplate":"https:\/\/pianoiturbi.dival.es\/?s={search_term_string}"},"query-input":{"@type":"PropertyValueSpecification","valueRequired":true,"valueName":"search_term_string"}}],"inLanguage":"ca"}]}},"_links":{"self":[{"href":"https:\/\/pianoiturbi.dival.es\/ca\/wp-json\/wp\/v2\/pages\/2598","targetHints":{"allow":["GET"]}}],"collection":[{"href":"https:\/\/pianoiturbi.dival.es\/ca\/wp-json\/wp\/v2\/pages"}],"about":[{"href":"https:\/\/pianoiturbi.dival.es\/ca\/wp-json\/wp\/v2\/types\/page"}],"author":[{"embeddable":true,"href":"https:\/\/pianoiturbi.dival.es\/ca\/wp-json\/wp\/v2\/users\/11"}],"replies":[{"embeddable":true,"href":"https:\/\/pianoiturbi.dival.es\/ca\/wp-json\/wp\/v2\/comments?post=2598"}],"version-history":[{"count":0,"href":"https:\/\/pianoiturbi.dival.es\/ca\/wp-json\/wp\/v2\/pages\/2598\/revisions"}],"up":[{"embeddable":true,"href":"https:\/\/pianoiturbi.dival.es\/ca\/wp-json\/wp\/v2\/pages\/2375"}],"wp:attachment":[{"href":"https:\/\/pianoiturbi.dival.es\/ca\/wp-json\/wp\/v2\/media?parent=2598"}],"curies":[{"name":"wp","href":"https:\/\/api.w.org\/{rel}","templated":true}]}}