{"id":2914,"date":"2020-09-29T13:09:19","date_gmt":"2020-09-29T11:09:19","guid":{"rendered":"https:\/\/pianoiturbi.dival.es\/jurat\/kei-itoh\/"},"modified":"2021-04-27T13:22:04","modified_gmt":"2021-04-27T11:22:04","slug":"kei-itoh","status":"publish","type":"page","link":"https:\/\/pianoiturbi.dival.es\/ca\/jurat\/kei-itoh\/","title":{"rendered":"Ana Guijarro"},"content":{"rendered":"\t\t<div data-elementor-type=\"wp-page\" data-elementor-id=\"2914\" class=\"elementor elementor-2914\" data-elementor-post-type=\"page\">\n\t\t\t\t\t\t<section class=\"elementor-section elementor-top-section elementor-element elementor-element-4eb6feb2 elementor-hidden-desktop elementor-hidden-tablet elementor-section-boxed elementor-section-height-default elementor-section-height-default\" data-id=\"4eb6feb2\" data-element_type=\"section\" data-e-type=\"section\">\n\t\t\t\t\t\t<div class=\"elementor-container elementor-column-gap-no\">\n\t\t\t\t\t<div class=\"elementor-column elementor-col-100 elementor-top-column elementor-element elementor-element-42f36430\" data-id=\"42f36430\" data-element_type=\"column\" data-e-type=\"column\">\n\t\t\t<div class=\"elementor-widget-wrap elementor-element-populated\">\n\t\t\t\t\t\t<div class=\"elementor-element elementor-element-3bef42db elementor-widget elementor-widget-image\" data-id=\"3bef42db\" data-element_type=\"widget\" data-e-type=\"widget\" data-widget_type=\"image.default\">\n\t\t\t\t<div class=\"elementor-widget-container\">\n\t\t\t\t\t\t\t\t\t\t\t\t\t\t\t<img fetchpriority=\"high\" decoding=\"async\" width=\"737\" height=\"1024\" src=\"https:\/\/pianoiturbi.dival.es\/wp-content\/uploads\/Caratulas-WEB-01-1-737x1024.jpg\" class=\"attachment-large size-large wp-image-1964\" alt=\"\" srcset=\"https:\/\/pianoiturbi.dival.es\/wp-content\/uploads\/Caratulas-WEB-01-1-737x1024.jpg 737w, https:\/\/pianoiturbi.dival.es\/wp-content\/uploads\/Caratulas-WEB-01-1-216x300.jpg 216w, https:\/\/pianoiturbi.dival.es\/wp-content\/uploads\/Caratulas-WEB-01-1-768x1067.jpg 768w, https:\/\/pianoiturbi.dival.es\/wp-content\/uploads\/Caratulas-WEB-01-1-1106x1536.jpg 1106w, https:\/\/pianoiturbi.dival.es\/wp-content\/uploads\/Caratulas-WEB-01-1.jpg 1276w\" sizes=\"(max-width: 737px) 100vw, 737px\" \/>\t\t\t\t\t\t\t\t\t\t\t\t\t\t\t<\/div>\n\t\t\t\t<\/div>\n\t\t\t\t\t<\/div>\n\t\t<\/div>\n\t\t\t\t\t<\/div>\n\t\t<\/section>\n\t\t\t\t<section class=\"elementor-section elementor-top-section elementor-element elementor-element-19fb79b3 elementor-section-boxed elementor-section-height-default elementor-section-height-default\" data-id=\"19fb79b3\" data-element_type=\"section\" data-e-type=\"section\">\n\t\t\t\t\t\t<div class=\"elementor-container elementor-column-gap-no\">\n\t\t\t\t\t<div class=\"elementor-column elementor-col-50 elementor-top-column elementor-element elementor-element-b973f1e elementor-hidden-phone\" data-id=\"b973f1e\" data-element_type=\"column\" data-e-type=\"column\" data-settings=\"{&quot;background_background&quot;:&quot;classic&quot;}\">\n\t\t\t<div class=\"elementor-widget-wrap elementor-element-populated\">\n\t\t\t\t\t\t<section class=\"elementor-section elementor-inner-section elementor-element elementor-element-5fde087 elementor-section-height-min-height elementor-section-boxed elementor-section-height-default\" data-id=\"5fde087\" data-element_type=\"section\" data-e-type=\"section\" data-settings=\"{&quot;sticky&quot;:&quot;top&quot;,&quot;sticky_on&quot;:[&quot;desktop&quot;,&quot;tablet&quot;,&quot;mobile&quot;],&quot;sticky_offset&quot;:0,&quot;sticky_effects_offset&quot;:0,&quot;sticky_anchor_link_offset&quot;:0}\">\n\t\t\t\t\t\t<div class=\"elementor-container elementor-column-gap-no\">\n\t\t\t\t\t<div class=\"elementor-column elementor-col-100 elementor-inner-column elementor-element elementor-element-19c294ff elementor-hidden-phone\" data-id=\"19c294ff\" data-element_type=\"column\" data-e-type=\"column\">\n\t\t\t<div class=\"elementor-widget-wrap elementor-element-populated\">\n\t\t\t\t\t\t<div class=\"elementor-element elementor-element-65c54ed6 elementor-widget elementor-widget-image\" data-id=\"65c54ed6\" data-element_type=\"widget\" data-e-type=\"widget\" data-widget_type=\"image.default\">\n\t\t\t\t<div class=\"elementor-widget-container\">\n\t\t\t\t\t\t\t\t\t\t\t\t\t\t\t<img fetchpriority=\"high\" decoding=\"async\" width=\"737\" height=\"1024\" src=\"https:\/\/pianoiturbi.dival.es\/wp-content\/uploads\/Caratulas-WEB-01-1-737x1024.jpg\" class=\"attachment-large size-large wp-image-1964\" alt=\"\" srcset=\"https:\/\/pianoiturbi.dival.es\/wp-content\/uploads\/Caratulas-WEB-01-1-737x1024.jpg 737w, https:\/\/pianoiturbi.dival.es\/wp-content\/uploads\/Caratulas-WEB-01-1-216x300.jpg 216w, https:\/\/pianoiturbi.dival.es\/wp-content\/uploads\/Caratulas-WEB-01-1-768x1067.jpg 768w, https:\/\/pianoiturbi.dival.es\/wp-content\/uploads\/Caratulas-WEB-01-1-1106x1536.jpg 1106w, https:\/\/pianoiturbi.dival.es\/wp-content\/uploads\/Caratulas-WEB-01-1.jpg 1276w\" sizes=\"(max-width: 737px) 100vw, 737px\" \/>\t\t\t\t\t\t\t\t\t\t\t\t\t\t\t<\/div>\n\t\t\t\t<\/div>\n\t\t\t\t\t<\/div>\n\t\t<\/div>\n\t\t\t\t\t<\/div>\n\t\t<\/section>\n\t\t\t\t\t<\/div>\n\t\t<\/div>\n\t\t\t\t<div class=\"elementor-column elementor-col-50 elementor-top-column elementor-element elementor-element-498d3408\" data-id=\"498d3408\" data-element_type=\"column\" data-e-type=\"column\">\n\t\t\t<div class=\"elementor-widget-wrap elementor-element-populated\">\n\t\t\t\t\t\t<div class=\"elementor-element elementor-element-5eb05747 elementor-widget elementor-widget-spacer\" data-id=\"5eb05747\" data-element_type=\"widget\" data-e-type=\"widget\" data-widget_type=\"spacer.default\">\n\t\t\t\t<div class=\"elementor-widget-container\">\n\t\t\t\t\t\t\t<div class=\"elementor-spacer\">\n\t\t\t<div class=\"elementor-spacer-inner\"><\/div>\n\t\t<\/div>\n\t\t\t\t\t\t<\/div>\n\t\t\t\t<\/div>\n\t\t\t\t<div class=\"elementor-element elementor-element-6f009e91 elementor-widget elementor-widget-template\" data-id=\"6f009e91\" data-element_type=\"widget\" data-e-type=\"widget\" data-widget_type=\"template.default\">\n\t\t\t\t<div class=\"elementor-widget-container\">\n\t\t\t\t\t\t\t<div class=\"elementor-template\">\n\t\t\t\t\t<div data-elementor-type=\"page\" data-elementor-id=\"1582\" class=\"elementor elementor-1582 elementor-1567\" data-elementor-post-type=\"elementor_library\">\n\t\t\t\t\t\t<section class=\"elementor-section elementor-top-section elementor-element elementor-element-14b0a63f elementor-section-boxed elementor-section-height-default elementor-section-height-default\" data-id=\"14b0a63f\" data-element_type=\"section\" data-e-type=\"section\">\n\t\t\t\t\t\t<div class=\"elementor-container elementor-column-gap-no\">\n\t\t\t\t\t<div class=\"elementor-column elementor-col-100 elementor-top-column elementor-element elementor-element-6e27175e\" data-id=\"6e27175e\" data-element_type=\"column\" data-e-type=\"column\">\n\t\t\t<div class=\"elementor-widget-wrap elementor-element-populated\">\n\t\t\t\t\t\t<div class=\"elementor-element elementor-element-9249be8 elementor-widget elementor-widget-spacer\" data-id=\"9249be8\" data-element_type=\"widget\" data-e-type=\"widget\" data-widget_type=\"spacer.default\">\n\t\t\t\t<div class=\"elementor-widget-container\">\n\t\t\t\t\t\t\t<div class=\"elementor-spacer\">\n\t\t\t<div class=\"elementor-spacer-inner\"><\/div>\n\t\t<\/div>\n\t\t\t\t\t\t<\/div>\n\t\t\t\t<\/div>\n\t\t\t\t<div class=\"elementor-element elementor-element-2cb3852a elementor-widget elementor-widget-heading\" data-id=\"2cb3852a\" data-element_type=\"widget\" data-e-type=\"widget\" data-widget_type=\"heading.default\">\n\t\t\t\t<div class=\"elementor-widget-container\">\n\t\t\t\t\t<h3 class=\"elementor-heading-title elementor-size-default\">XXI <br>Concurs <br>Internacional<br> de Piano <br>de Val\u00e8ncia <br>ITURBI<\/h3>\t\t\t\t<\/div>\n\t\t\t\t<\/div>\n\t\t\t\t<div class=\"elementor-element elementor-element-371f59c elementor-widget elementor-widget-heading\" data-id=\"371f59c\" data-element_type=\"widget\" data-e-type=\"widget\" data-widget_type=\"heading.default\">\n\t\t\t\t<div class=\"elementor-widget-container\">\n\t\t\t\t\t<h5 class=\"elementor-heading-title elementor-size-default\">Del 23 de juny al 2 de juliol de 2021<\/h5>\t\t\t\t<\/div>\n\t\t\t\t<\/div>\n\t\t\t\t<div class=\"elementor-element elementor-element-77bfd9e7 elementor-widget-divider--view-line elementor-widget elementor-widget-divider\" data-id=\"77bfd9e7\" data-element_type=\"widget\" data-e-type=\"widget\" data-widget_type=\"divider.default\">\n\t\t\t\t<div class=\"elementor-widget-container\">\n\t\t\t\t\t\t\t<div class=\"elementor-divider\">\n\t\t\t<span class=\"elementor-divider-separator\">\n\t\t\t\t\t\t<\/span>\n\t\t<\/div>\n\t\t\t\t\t\t<\/div>\n\t\t\t\t<\/div>\n\t\t\t\t\t<\/div>\n\t\t<\/div>\n\t\t\t\t\t<\/div>\n\t\t<\/section>\n\t\t\t\t<\/div>\n\t\t\t\t<\/div>\n\t\t\t\t\t\t<\/div>\n\t\t\t\t<\/div>\n\t\t\t\t<div class=\"elementor-element elementor-element-5c53dc87 elementor-widget elementor-widget-heading\" data-id=\"5c53dc87\" data-element_type=\"widget\" data-e-type=\"widget\" data-widget_type=\"heading.default\">\n\t\t\t\t<div class=\"elementor-widget-container\">\n\t\t\t\t\t<h3 class=\"elementor-heading-title elementor-size-default\">Ana Guijarro<\/h3>\t\t\t\t<\/div>\n\t\t\t\t<\/div>\n\t\t\t\t<div class=\"elementor-element elementor-element-e413aa1 elementor-widget elementor-widget-text-editor\" data-id=\"e413aa1\" data-element_type=\"widget\" data-e-type=\"widget\" data-widget_type=\"text-editor.default\">\n\t\t\t\t<div class=\"elementor-widget-container\">\n\t\t\t\t\t\t\t\t\t<p><img decoding=\"async\" class=\"alignnone size-medium wp-image-3354\" src=\"https:\/\/pianoiturbi.dival.es\/wp-content\/uploads\/ana-guijarro-300x212.jpg\" alt=\"\" width=\"300\" height=\"212\" srcset=\"https:\/\/pianoiturbi.dival.es\/wp-content\/uploads\/ana-guijarro-300x212.jpg 300w, https:\/\/pianoiturbi.dival.es\/wp-content\/uploads\/ana-guijarro.jpg 400w\" sizes=\"(max-width: 300px) 100vw, 300px\" \/><\/p>\n<p>Nacida en Madrid en 1955, es una de las pianistas m\u00e1s reconocidas de su generaci\u00f3n. Formada principalmente en el Real Conservatorio Superior de M\u00fasica de Madrid con los insignes pianistas Antonio Lucas Moreno y Carmen D\u00edez Mart\u00edn, \u2014su referente m\u00e1s decisivo\u2014, ampl\u00eda estudios en Roma, becada por el Ministerio de Asuntos Exteriores,\u00a0 bajo la direcci\u00f3n de Guido Agosti y en <em>l\u2019\u00c9cole Normale de Musique<\/em> de Par\u00eds, siguiendo los consejos de Marian Rybicki.<\/p>\n<p>Desde muy temprana edad ofrece recitales a solo y en agrupaciones de M\u00fasica de C\u00e1mara, as\u00ed como conciertos con orquesta. Ha actuado en auditorios y salas de prestigio de las m\u00e1s importantes ciudades europeas, en Espa\u00f1a, B\u00e9lgica, Portugal, Polonia, Austria, Inglaterra, as\u00ed como en Canad\u00e1 y Estados Unidos. Ha realizado grabaciones para las radios estatales de Espa\u00f1a, Polonia, RAI italiana, as\u00ed como para Canal Sur Televisi\u00f3n.<\/p>\n<p>\u00a0Ha actuado como solista con la Orquesta Nacional de Oporto, Montr\u00e9al Chamber Players, London Symphony Orchestra, Orquesta de la Comunidad de Madrid, Orquesta Andr\u00e9s Segovia, Real Orquesta Sinf\u00f3nica de Sevilla, Orquesta Filarm\u00f3nica de M\u00e1laga, con los directores Yuri Simonov, Vi\u00e9koslav Sutej, Max Bragado, Leo Brower, Francisco de G\u00e1lvez, Juan Luis P\u00e9rez, Jos\u00e9 Luis Temes, Jeffrey Schindler, Ernst Mart\u00ednez Izquierdo, Pedro Halffter, Collin Metters, Manuel Hern\u00e1ndez Silva, entre otros.<\/p>\n<p>Es una profunda conocedora de la obra para piano del ilustre compositor sevillano Manuel Castillo, a quien ha dedicado una buena parte de su carrera profesional. Music\u00f3logos e investigadores requieren frecuentemente sus conocimientos para escribir sobre la vida y obra de este reconocido compositor. Ha grabado su obra\u00a0 para piano para la colecci\u00f3n <em>Documentos sonoros del Patrimonio Musical de Andaluc\u00eda<\/em>, el Concierto para piano y orquesta n\u00ba 1 con la Montr\u00e9al Chamber Players, dirigida por Francisco de G\u00e1lvez y el 2\u00ba Concierto para piano y orquesta con la Orquesta Sinf\u00f3nica de Sevilla, dirigida por Juan Luis P\u00e9rez.<\/p>\n<p>\u00a0Est\u00e1 en posesi\u00f3n de diversos Premios y distinciones destacando el <em>Diploma de Honor<\/em> obtenido en el gran Concurso Internacional F. Chopin, Varsovia 1980.<\/p>\n<p>\u00a0Ha sido miembro del Jurado de importantes Premios de interpretaci\u00f3n pian\u00edstica a lo largo de su carrera, destacando su participaci\u00f3n como Presidenta del Jurado y miembro del Consejo Asesor del Concurso Internacional de piano <em>Premio Ja\u00e9n<\/em> a lo largo de cuatro ediciones, entre 2012 y 2015.<\/p>\n\t\t\t\t\t\t\t\t<\/div>\n\t\t\t\t<\/div>\n\t\t\t\t<div class=\"elementor-element elementor-element-b440838 elementor-align-center elementor-widget elementor-widget-button\" data-id=\"b440838\" data-element_type=\"widget\" data-e-type=\"widget\" data-widget_type=\"button.default\">\n\t\t\t\t<div class=\"elementor-widget-container\">\n\t\t\t\t\t\t\t\t\t<div class=\"elementor-button-wrapper\">\n\t\t\t\t\t<a class=\"elementor-button elementor-button-link elementor-size-sm\" href=\"https:\/\/pianoiturbi.dival.es\/ca\/jurat\/\">\n\t\t\t\t\t\t<span class=\"elementor-button-content-wrapper\">\n\t\t\t\t\t\t\t\t\t<span class=\"elementor-button-text\">VOLVER<\/span>\n\t\t\t\t\t<\/span>\n\t\t\t\t\t<\/a>\n\t\t\t\t<\/div>\n\t\t\t\t\t\t\t\t<\/div>\n\t\t\t\t<\/div>\n\t\t\t\t\t<\/div>\n\t\t<\/div>\n\t\t\t\t\t<\/div>\n\t\t<\/section>\n\t\t\t\t<\/div>\n\t\t","protected":false},"excerpt":{"rendered":"<p>Ana Guijarro Nacida en Madrid en 1955, es una de las pianistas m\u00e1s reconocidas de su generaci\u00f3n. Formada principalmente en el Real Conservatorio Superior de M\u00fasica de Madrid con los [&hellip;]<\/p>\n","protected":false},"author":11,"featured_media":3355,"parent":1317,"menu_order":0,"comment_status":"closed","ping_status":"closed","template":"","meta":{"_tec_requires_first_save":true,"site-sidebar-layout":"no-sidebar","site-content-layout":"page-builder","ast-site-content-layout":"","site-content-style":"default","site-sidebar-style":"default","ast-global-header-display":"","ast-banner-title-visibility":"","ast-main-header-display":"","ast-hfb-above-header-display":"","ast-hfb-below-header-display":"","ast-hfb-mobile-header-display":"","site-post-title":"disabled","ast-breadcrumbs-content":"","ast-featured-img":"disabled","footer-sml-layout":"","theme-transparent-header-meta":"default","adv-header-id-meta":"","stick-header-meta":"","header-above-stick-meta":"","header-main-stick-meta":"","header-below-stick-meta":"","astra-migrate-meta-layouts":"default","ast-page-background-enabled":"default","ast-page-background-meta":{"desktop":{"background-color":"","background-image":"","background-repeat":"repeat","background-position":"center center","background-size":"auto","background-attachment":"scroll","background-type":"","background-media":"","overlay-type":"","overlay-color":"","overlay-opacity":"","overlay-gradient":""},"tablet":{"background-color":"","background-image":"","background-repeat":"repeat","background-position":"center center","background-size":"auto","background-attachment":"scroll","background-type":"","background-media":"","overlay-type":"","overlay-color":"","overlay-opacity":"","overlay-gradient":""},"mobile":{"background-color":"","background-image":"","background-repeat":"repeat","background-position":"center center","background-size":"auto","background-attachment":"scroll","background-type":"","background-media":"","overlay-type":"","overlay-color":"","overlay-opacity":"","overlay-gradient":""}},"ast-content-background-meta":{"desktop":{"background-color":"var(--ast-global-color-5)","background-image":"","background-repeat":"repeat","background-position":"center center","background-size":"auto","background-attachment":"scroll","background-type":"","background-media":"","overlay-type":"","overlay-color":"","overlay-opacity":"","overlay-gradient":""},"tablet":{"background-color":"var(--ast-global-color-5)","background-image":"","background-repeat":"repeat","background-position":"center center","background-size":"auto","background-attachment":"scroll","background-type":"","background-media":"","overlay-type":"","overlay-color":"","overlay-opacity":"","overlay-gradient":""},"mobile":{"background-color":"var(--ast-global-color-5)","background-image":"","background-repeat":"repeat","background-position":"center center","background-size":"auto","background-attachment":"scroll","background-type":"","background-media":"","overlay-type":"","overlay-color":"","overlay-opacity":"","overlay-gradient":""}},"_EventAllDay":false,"_EventTimezone":"","_EventStartDate":"","_EventEndDate":"","_EventStartDateUTC":"","_EventEndDateUTC":"","_EventShowMap":false,"_EventShowMapLink":false,"_EventURL":"","_EventCost":"","_EventCostDescription":"","_EventCurrencySymbol":"","_EventCurrencyCode":"","_EventCurrencyPosition":"","_EventDateTimeSeparator":"","_EventTimeRangeSeparator":"","_EventOrganizerID":[],"_EventVenueID":[],"_OrganizerEmail":"","_OrganizerPhone":"","_OrganizerWebsite":"","_VenueAddress":"","_VenueCity":"","_VenueCountry":"","_VenueProvince":"","_VenueState":"","_VenueZip":"","_VenuePhone":"","_VenueURL":"","_VenueStateProvince":"","_VenueLat":"","_VenueLng":"","_VenueShowMap":false,"_VenueShowMapLink":false,"_tribe_blocks_recurrence_rules":"","_tribe_blocks_recurrence_description":"","_tribe_blocks_recurrence_exclusions":"","footnotes":""},"class_list":["post-2914","page","type-page","status-publish","has-post-thumbnail","hentry"],"yoast_head":"<!-- This site is optimized with the Yoast SEO plugin v27.5 - https:\/\/yoast.com\/product\/yoast-seo-wordpress\/ -->\n<title>Ana Guijarro - Piano Iturbi<\/title>\n<meta name=\"description\" content=\"El Concurs Internacional de Piano de Val\u00e8ncia Iturbi, plataforma per a joves pianistes de tot el m\u00f3n, \u00e9s un referent de l&#039;escena musical internacional, en combinaci\u00f3 amb el Festival de Piano Iturbi i el programa de recitals\" \/>\n<meta name=\"robots\" content=\"index, follow, max-snippet:-1, max-image-preview:large, max-video-preview:-1\" \/>\n<link rel=\"canonical\" href=\"https:\/\/pianoiturbi.dival.es\/ca\/jurat\/kei-itoh\/\" \/>\n<meta property=\"og:locale\" content=\"ca_ES\" \/>\n<meta property=\"og:type\" content=\"article\" \/>\n<meta property=\"og:title\" content=\"Ana Guijarro - Piano Iturbi\" \/>\n<meta property=\"og:description\" content=\"El Concurs Internacional de Piano de Val\u00e8ncia Iturbi, plataforma per a joves pianistes de tot el m\u00f3n, \u00e9s un referent de l&#039;escena musical internacional, en combinaci\u00f3 amb el Festival de Piano Iturbi i el programa de recitals\" \/>\n<meta property=\"og:url\" content=\"https:\/\/pianoiturbi.dival.es\/ca\/jurat\/kei-itoh\/\" \/>\n<meta property=\"og:site_name\" content=\"Piano Iturbi\" \/>\n<meta property=\"article:modified_time\" content=\"2021-04-27T11:22:04+00:00\" \/>\n<meta property=\"og:image\" content=\"https:\/\/pianoiturbi.dival.es\/wp-content\/uploads\/ana-guijarro.jpg\" \/>\n\t<meta property=\"og:image:width\" content=\"400\" \/>\n\t<meta property=\"og:image:height\" content=\"283\" \/>\n\t<meta property=\"og:image:type\" content=\"image\/jpeg\" \/>\n<meta name=\"twitter:card\" content=\"summary_large_image\" \/>\n<meta name=\"twitter:label1\" content=\"Temps estimat de lectura\" \/>\n\t<meta name=\"twitter:data1\" content=\"2 minuts\" \/>\n<script type=\"application\/ld+json\" class=\"yoast-schema-graph\">{\"@context\":\"https:\\\/\\\/schema.org\",\"@graph\":[{\"@type\":\"WebPage\",\"@id\":\"https:\\\/\\\/pianoiturbi.dival.es\\\/ca\\\/jurat\\\/kei-itoh\\\/\",\"url\":\"https:\\\/\\\/pianoiturbi.dival.es\\\/ca\\\/jurat\\\/kei-itoh\\\/\",\"name\":\"Ana Guijarro - Piano Iturbi\",\"isPartOf\":{\"@id\":\"https:\\\/\\\/pianoiturbi.dival.es\\\/#website\"},\"primaryImageOfPage\":{\"@id\":\"https:\\\/\\\/pianoiturbi.dival.es\\\/ca\\\/jurat\\\/kei-itoh\\\/#primaryimage\"},\"image\":{\"@id\":\"https:\\\/\\\/pianoiturbi.dival.es\\\/ca\\\/jurat\\\/kei-itoh\\\/#primaryimage\"},\"thumbnailUrl\":\"https:\\\/\\\/pianoiturbi.dival.es\\\/wp-content\\\/uploads\\\/ana-guijarro.jpg\",\"datePublished\":\"2020-09-29T11:09:19+00:00\",\"dateModified\":\"2021-04-27T11:22:04+00:00\",\"description\":\"El Concurs Internacional de Piano de Val\u00e8ncia Iturbi, plataforma per a joves pianistes de tot el m\u00f3n, \u00e9s un referent de l'escena musical internacional, en combinaci\u00f3 amb el Festival de Piano Iturbi i el programa de recitals\",\"breadcrumb\":{\"@id\":\"https:\\\/\\\/pianoiturbi.dival.es\\\/ca\\\/jurat\\\/kei-itoh\\\/#breadcrumb\"},\"inLanguage\":\"ca\",\"potentialAction\":[{\"@type\":\"ReadAction\",\"target\":[\"https:\\\/\\\/pianoiturbi.dival.es\\\/ca\\\/jurat\\\/kei-itoh\\\/\"]}]},{\"@type\":\"ImageObject\",\"inLanguage\":\"ca\",\"@id\":\"https:\\\/\\\/pianoiturbi.dival.es\\\/ca\\\/jurat\\\/kei-itoh\\\/#primaryimage\",\"url\":\"https:\\\/\\\/pianoiturbi.dival.es\\\/wp-content\\\/uploads\\\/ana-guijarro.jpg\",\"contentUrl\":\"https:\\\/\\\/pianoiturbi.dival.es\\\/wp-content\\\/uploads\\\/ana-guijarro.jpg\",\"width\":400,\"height\":283},{\"@type\":\"BreadcrumbList\",\"@id\":\"https:\\\/\\\/pianoiturbi.dival.es\\\/ca\\\/jurat\\\/kei-itoh\\\/#breadcrumb\",\"itemListElement\":[{\"@type\":\"ListItem\",\"position\":1,\"name\":\"Portada\",\"item\":\"https:\\\/\\\/pianoiturbi.dival.es\\\/ca\\\/\"},{\"@type\":\"ListItem\",\"position\":2,\"name\":\"Jurat\",\"item\":\"https:\\\/\\\/pianoiturbi.dival.es\\\/concurso-2021\\\/jurado\\\/\"},{\"@type\":\"ListItem\",\"position\":3,\"name\":\"Ana Guijarro\"}]},{\"@type\":\"WebSite\",\"@id\":\"https:\\\/\\\/pianoiturbi.dival.es\\\/#website\",\"url\":\"https:\\\/\\\/pianoiturbi.dival.es\\\/\",\"name\":\"Piano Iturbi\",\"description\":\"El Concurs Internacional de Piano de Val\u00e8ncia Iturbi, plataforma per a joves pianistes de tot el m\u00f3n, \u00e9s un referent de l'escena musical internacional, en combinaci\u00f3 amb el Festival de Piano Iturbi i el programa de recitals\",\"potentialAction\":[{\"@type\":\"SearchAction\",\"target\":{\"@type\":\"EntryPoint\",\"urlTemplate\":\"https:\\\/\\\/pianoiturbi.dival.es\\\/?s={search_term_string}\"},\"query-input\":{\"@type\":\"PropertyValueSpecification\",\"valueRequired\":true,\"valueName\":\"search_term_string\"}}],\"inLanguage\":\"ca\"}]}<\/script>\n<!-- \/ Yoast SEO plugin. -->","yoast_head_json":{"title":"Ana Guijarro - Piano Iturbi","description":"El Concurs Internacional de Piano de Val\u00e8ncia Iturbi, plataforma per a joves pianistes de tot el m\u00f3n, \u00e9s un referent de l'escena musical internacional, en combinaci\u00f3 amb el Festival de Piano Iturbi i el programa de recitals","robots":{"index":"index","follow":"follow","max-snippet":"max-snippet:-1","max-image-preview":"max-image-preview:large","max-video-preview":"max-video-preview:-1"},"canonical":"https:\/\/pianoiturbi.dival.es\/ca\/jurat\/kei-itoh\/","og_locale":"ca_ES","og_type":"article","og_title":"Ana Guijarro - Piano Iturbi","og_description":"El Concurs Internacional de Piano de Val\u00e8ncia Iturbi, plataforma per a joves pianistes de tot el m\u00f3n, \u00e9s un referent de l'escena musical internacional, en combinaci\u00f3 amb el Festival de Piano Iturbi i el programa de recitals","og_url":"https:\/\/pianoiturbi.dival.es\/ca\/jurat\/kei-itoh\/","og_site_name":"Piano Iturbi","article_modified_time":"2021-04-27T11:22:04+00:00","og_image":[{"width":400,"height":283,"url":"https:\/\/pianoiturbi.dival.es\/wp-content\/uploads\/ana-guijarro.jpg","type":"image\/jpeg"}],"twitter_card":"summary_large_image","twitter_misc":{"Temps estimat de lectura":"2 minuts"},"schema":{"@context":"https:\/\/schema.org","@graph":[{"@type":"WebPage","@id":"https:\/\/pianoiturbi.dival.es\/ca\/jurat\/kei-itoh\/","url":"https:\/\/pianoiturbi.dival.es\/ca\/jurat\/kei-itoh\/","name":"Ana Guijarro - Piano Iturbi","isPartOf":{"@id":"https:\/\/pianoiturbi.dival.es\/#website"},"primaryImageOfPage":{"@id":"https:\/\/pianoiturbi.dival.es\/ca\/jurat\/kei-itoh\/#primaryimage"},"image":{"@id":"https:\/\/pianoiturbi.dival.es\/ca\/jurat\/kei-itoh\/#primaryimage"},"thumbnailUrl":"https:\/\/pianoiturbi.dival.es\/wp-content\/uploads\/ana-guijarro.jpg","datePublished":"2020-09-29T11:09:19+00:00","dateModified":"2021-04-27T11:22:04+00:00","description":"El Concurs Internacional de Piano de Val\u00e8ncia Iturbi, plataforma per a joves pianistes de tot el m\u00f3n, \u00e9s un referent de l'escena musical internacional, en combinaci\u00f3 amb el Festival de Piano Iturbi i el programa de recitals","breadcrumb":{"@id":"https:\/\/pianoiturbi.dival.es\/ca\/jurat\/kei-itoh\/#breadcrumb"},"inLanguage":"ca","potentialAction":[{"@type":"ReadAction","target":["https:\/\/pianoiturbi.dival.es\/ca\/jurat\/kei-itoh\/"]}]},{"@type":"ImageObject","inLanguage":"ca","@id":"https:\/\/pianoiturbi.dival.es\/ca\/jurat\/kei-itoh\/#primaryimage","url":"https:\/\/pianoiturbi.dival.es\/wp-content\/uploads\/ana-guijarro.jpg","contentUrl":"https:\/\/pianoiturbi.dival.es\/wp-content\/uploads\/ana-guijarro.jpg","width":400,"height":283},{"@type":"BreadcrumbList","@id":"https:\/\/pianoiturbi.dival.es\/ca\/jurat\/kei-itoh\/#breadcrumb","itemListElement":[{"@type":"ListItem","position":1,"name":"Portada","item":"https:\/\/pianoiturbi.dival.es\/ca\/"},{"@type":"ListItem","position":2,"name":"Jurat","item":"https:\/\/pianoiturbi.dival.es\/concurso-2021\/jurado\/"},{"@type":"ListItem","position":3,"name":"Ana Guijarro"}]},{"@type":"WebSite","@id":"https:\/\/pianoiturbi.dival.es\/#website","url":"https:\/\/pianoiturbi.dival.es\/","name":"Piano Iturbi","description":"El Concurs Internacional de Piano de Val\u00e8ncia Iturbi, plataforma per a joves pianistes de tot el m\u00f3n, \u00e9s un referent de l'escena musical internacional, en combinaci\u00f3 amb el Festival de Piano Iturbi i el programa de recitals","potentialAction":[{"@type":"SearchAction","target":{"@type":"EntryPoint","urlTemplate":"https:\/\/pianoiturbi.dival.es\/?s={search_term_string}"},"query-input":{"@type":"PropertyValueSpecification","valueRequired":true,"valueName":"search_term_string"}}],"inLanguage":"ca"}]}},"_links":{"self":[{"href":"https:\/\/pianoiturbi.dival.es\/ca\/wp-json\/wp\/v2\/pages\/2914","targetHints":{"allow":["GET"]}}],"collection":[{"href":"https:\/\/pianoiturbi.dival.es\/ca\/wp-json\/wp\/v2\/pages"}],"about":[{"href":"https:\/\/pianoiturbi.dival.es\/ca\/wp-json\/wp\/v2\/types\/page"}],"author":[{"embeddable":true,"href":"https:\/\/pianoiturbi.dival.es\/ca\/wp-json\/wp\/v2\/users\/11"}],"replies":[{"embeddable":true,"href":"https:\/\/pianoiturbi.dival.es\/ca\/wp-json\/wp\/v2\/comments?post=2914"}],"version-history":[{"count":0,"href":"https:\/\/pianoiturbi.dival.es\/ca\/wp-json\/wp\/v2\/pages\/2914\/revisions"}],"up":[{"embeddable":true,"href":"https:\/\/pianoiturbi.dival.es\/ca\/wp-json\/wp\/v2\/pages\/1317"}],"wp:featuredmedia":[{"embeddable":true,"href":"https:\/\/pianoiturbi.dival.es\/ca\/wp-json\/wp\/v2\/media\/3355"}],"wp:attachment":[{"href":"https:\/\/pianoiturbi.dival.es\/ca\/wp-json\/wp\/v2\/media?parent=2914"}],"curies":[{"name":"wp","href":"https:\/\/api.w.org\/{rel}","templated":true}]}}