{"id":6743,"date":"2023-05-25T13:24:10","date_gmt":"2023-05-25T11:24:10","guid":{"rendered":"https:\/\/pianoiturbi.dival.es\/sebastian-iivonen\/"},"modified":"2023-05-25T13:24:49","modified_gmt":"2023-05-25T11:24:49","slug":"sebastian-iivonen","status":"publish","type":"page","link":"https:\/\/pianoiturbi.dival.es\/ca\/concurs-2023\/participants\/sebastian-iivonen\/","title":{"rendered":"Sebastian Iivonen"},"content":{"rendered":"\t\t<div data-elementor-type=\"wp-page\" data-elementor-id=\"6743\" class=\"elementor elementor-6743 elementor-6563\" data-elementor-post-type=\"page\">\n\t\t\t\t\t\t<section class=\"elementor-section elementor-top-section elementor-element elementor-element-45982f58 elementor-hidden-desktop elementor-hidden-tablet elementor-section-boxed elementor-section-height-default elementor-section-height-default\" data-id=\"45982f58\" data-element_type=\"section\">\n\t\t\t\t\t\t<div class=\"elementor-container elementor-column-gap-no\">\n\t\t\t\t\t<div class=\"elementor-column elementor-col-100 elementor-top-column elementor-element elementor-element-35761a6f\" data-id=\"35761a6f\" data-element_type=\"column\">\n\t\t\t<div class=\"elementor-widget-wrap elementor-element-populated\">\n\t\t\t\t\t\t<div class=\"elementor-element elementor-element-1bac64da elementor-widget elementor-widget-image\" data-id=\"1bac64da\" data-element_type=\"widget\" data-widget_type=\"image.default\">\n\t\t\t\t<div class=\"elementor-widget-container\">\n\t\t\t\t\t\t\t\t\t\t\t\t\t\t\t<img fetchpriority=\"high\" decoding=\"async\" width=\"737\" height=\"1024\" src=\"https:\/\/pianoiturbi.dival.es\/wp-content\/uploads\/pianoiturbi-2023-logo-737x1024.jpg\" class=\"attachment-large size-large wp-image-4550\" alt=\"\" srcset=\"https:\/\/pianoiturbi.dival.es\/wp-content\/uploads\/pianoiturbi-2023-logo-737x1024.jpg 737w, https:\/\/pianoiturbi.dival.es\/wp-content\/uploads\/pianoiturbi-2023-logo-216x300.jpg 216w, https:\/\/pianoiturbi.dival.es\/wp-content\/uploads\/pianoiturbi-2023-logo-768x1067.jpg 768w, https:\/\/pianoiturbi.dival.es\/wp-content\/uploads\/pianoiturbi-2023-logo-1106x1536.jpg 1106w, https:\/\/pianoiturbi.dival.es\/wp-content\/uploads\/pianoiturbi-2023-logo.jpg 1276w\" sizes=\"(max-width: 737px) 100vw, 737px\" \/>\t\t\t\t\t\t\t\t\t\t\t\t\t\t\t<\/div>\n\t\t\t\t<\/div>\n\t\t\t\t\t<\/div>\n\t\t<\/div>\n\t\t\t\t\t<\/div>\n\t\t<\/section>\n\t\t\t\t<section class=\"elementor-section elementor-top-section elementor-element elementor-element-600e013b elementor-section-boxed elementor-section-height-default elementor-section-height-default\" data-id=\"600e013b\" data-element_type=\"section\">\n\t\t\t\t\t\t<div class=\"elementor-container elementor-column-gap-no\">\n\t\t\t\t\t<div class=\"elementor-column elementor-col-50 elementor-top-column elementor-element elementor-element-2c09be38 elementor-hidden-phone\" data-id=\"2c09be38\" data-element_type=\"column\" data-settings=\"{&quot;background_background&quot;:&quot;classic&quot;}\">\n\t\t\t<div class=\"elementor-widget-wrap elementor-element-populated\">\n\t\t\t\t\t\t<section class=\"elementor-section elementor-inner-section elementor-element elementor-element-1a611750 elementor-section-height-min-height elementor-section-boxed elementor-section-height-default\" data-id=\"1a611750\" data-element_type=\"section\" data-settings=\"{&quot;sticky&quot;:&quot;top&quot;,&quot;sticky_on&quot;:[&quot;desktop&quot;,&quot;tablet&quot;,&quot;mobile&quot;],&quot;sticky_offset&quot;:0,&quot;sticky_effects_offset&quot;:0,&quot;sticky_anchor_link_offset&quot;:0}\">\n\t\t\t\t\t\t<div class=\"elementor-container elementor-column-gap-no\">\n\t\t\t\t\t<div class=\"elementor-column elementor-col-100 elementor-inner-column elementor-element elementor-element-5b12b987 elementor-hidden-phone\" data-id=\"5b12b987\" data-element_type=\"column\">\n\t\t\t<div class=\"elementor-widget-wrap elementor-element-populated\">\n\t\t\t\t\t\t<div class=\"elementor-element elementor-element-4cc3337c elementor-widget elementor-widget-image\" data-id=\"4cc3337c\" data-element_type=\"widget\" data-widget_type=\"image.default\">\n\t\t\t\t<div class=\"elementor-widget-container\">\n\t\t\t\t\t\t\t\t\t\t\t\t\t\t\t<img fetchpriority=\"high\" decoding=\"async\" width=\"737\" height=\"1024\" src=\"https:\/\/pianoiturbi.dival.es\/wp-content\/uploads\/pianoiturbi-2023-logo-737x1024.jpg\" class=\"attachment-large size-large wp-image-4550\" alt=\"\" srcset=\"https:\/\/pianoiturbi.dival.es\/wp-content\/uploads\/pianoiturbi-2023-logo-737x1024.jpg 737w, https:\/\/pianoiturbi.dival.es\/wp-content\/uploads\/pianoiturbi-2023-logo-216x300.jpg 216w, https:\/\/pianoiturbi.dival.es\/wp-content\/uploads\/pianoiturbi-2023-logo-768x1067.jpg 768w, https:\/\/pianoiturbi.dival.es\/wp-content\/uploads\/pianoiturbi-2023-logo-1106x1536.jpg 1106w, https:\/\/pianoiturbi.dival.es\/wp-content\/uploads\/pianoiturbi-2023-logo.jpg 1276w\" sizes=\"(max-width: 737px) 100vw, 737px\" \/>\t\t\t\t\t\t\t\t\t\t\t\t\t\t\t<\/div>\n\t\t\t\t<\/div>\n\t\t\t\t\t<\/div>\n\t\t<\/div>\n\t\t\t\t\t<\/div>\n\t\t<\/section>\n\t\t\t\t\t<\/div>\n\t\t<\/div>\n\t\t\t\t<div class=\"elementor-column elementor-col-50 elementor-top-column elementor-element elementor-element-4521c9b5\" data-id=\"4521c9b5\" data-element_type=\"column\">\n\t\t\t<div class=\"elementor-widget-wrap elementor-element-populated\">\n\t\t\t\t\t\t<div class=\"elementor-element elementor-element-4894c4c9 elementor-widget elementor-widget-spacer\" data-id=\"4894c4c9\" data-element_type=\"widget\" data-widget_type=\"spacer.default\">\n\t\t\t\t<div class=\"elementor-widget-container\">\n\t\t\t\t\t\t\t<div class=\"elementor-spacer\">\n\t\t\t<div class=\"elementor-spacer-inner\"><\/div>\n\t\t<\/div>\n\t\t\t\t\t\t<\/div>\n\t\t\t\t<\/div>\n\t\t\t\t<div class=\"elementor-element elementor-element-62358af3 elementor-widget elementor-widget-template\" data-id=\"62358af3\" data-element_type=\"widget\" data-widget_type=\"template.default\">\n\t\t\t\t<div class=\"elementor-widget-container\">\n\t\t\t\t\t\t\t<div class=\"elementor-template\">\n\t\t\t\t\t<div data-elementor-type=\"page\" data-elementor-id=\"4545\" class=\"elementor elementor-4545 elementor-4541\" data-elementor-post-type=\"elementor_library\">\n\t\t\t\t\t\t<section class=\"elementor-section elementor-top-section elementor-element elementor-element-239d8534 elementor-section-boxed elementor-section-height-default elementor-section-height-default\" data-id=\"239d8534\" data-element_type=\"section\">\n\t\t\t\t\t\t<div class=\"elementor-container elementor-column-gap-no\">\n\t\t\t\t\t<div class=\"elementor-column elementor-col-100 elementor-top-column elementor-element elementor-element-44d4e846\" data-id=\"44d4e846\" data-element_type=\"column\">\n\t\t\t<div class=\"elementor-widget-wrap elementor-element-populated\">\n\t\t\t\t\t\t<div class=\"elementor-element elementor-element-3bf8be1f elementor-widget elementor-widget-spacer\" data-id=\"3bf8be1f\" data-element_type=\"widget\" data-widget_type=\"spacer.default\">\n\t\t\t\t<div class=\"elementor-widget-container\">\n\t\t\t\t\t\t\t<div class=\"elementor-spacer\">\n\t\t\t<div class=\"elementor-spacer-inner\"><\/div>\n\t\t<\/div>\n\t\t\t\t\t\t<\/div>\n\t\t\t\t<\/div>\n\t\t\t\t<div class=\"elementor-element elementor-element-35fac6d4 elementor-widget elementor-widget-heading\" data-id=\"35fac6d4\" data-element_type=\"widget\" data-widget_type=\"heading.default\">\n\t\t\t\t<div class=\"elementor-widget-container\">\n\t\t\t\t\t<h3 class=\"elementor-heading-title elementor-size-default\">XXII <br>Concurs <br>Internacional<br> de Piano <br>de Val\u00e8ncia <br>ITURBI<\/h3>\t\t\t\t<\/div>\n\t\t\t\t<\/div>\n\t\t\t\t<div class=\"elementor-element elementor-element-3be91dbc elementor-widget elementor-widget-heading\" data-id=\"3be91dbc\" data-element_type=\"widget\" data-widget_type=\"heading.default\">\n\t\t\t\t<div class=\"elementor-widget-container\">\n\t\t\t\t\t<h5 class=\"elementor-heading-title elementor-size-default\">Del 31 de maig al 10 de juny de 2023<\/h5>\t\t\t\t<\/div>\n\t\t\t\t<\/div>\n\t\t\t\t<div class=\"elementor-element elementor-element-487ea14c elementor-widget-divider--view-line elementor-widget elementor-widget-divider\" data-id=\"487ea14c\" data-element_type=\"widget\" data-widget_type=\"divider.default\">\n\t\t\t\t<div class=\"elementor-widget-container\">\n\t\t\t\t\t\t\t<div class=\"elementor-divider\">\n\t\t\t<span class=\"elementor-divider-separator\">\n\t\t\t\t\t\t<\/span>\n\t\t<\/div>\n\t\t\t\t\t\t<\/div>\n\t\t\t\t<\/div>\n\t\t\t\t\t<\/div>\n\t\t<\/div>\n\t\t\t\t\t<\/div>\n\t\t<\/section>\n\t\t\t\t<\/div>\n\t\t\t\t<\/div>\n\t\t\t\t\t\t<\/div>\n\t\t\t\t<\/div>\n\t\t\t\t<div class=\"elementor-element elementor-element-7baef538 elementor-widget elementor-widget-image\" data-id=\"7baef538\" data-element_type=\"widget\" data-widget_type=\"image.default\">\n\t\t\t\t<div class=\"elementor-widget-container\">\n\t\t\t\t\t\t\t\t\t\t\t\t\t\t\t<img decoding=\"async\" width=\"1024\" height=\"622\" src=\"https:\/\/pianoiturbi.dival.es\/wp-content\/uploads\/05-Sebastian-Iivonen-1.jpg\" class=\"attachment-large size-large wp-image-6488\" alt=\"\" \/>\t\t\t\t\t\t\t\t\t\t\t\t\t\t\t<\/div>\n\t\t\t\t<\/div>\n\t\t\t\t<div class=\"elementor-element elementor-element-4bd6e620 elementor-widget elementor-widget-heading\" data-id=\"4bd6e620\" data-element_type=\"widget\" data-widget_type=\"heading.default\">\n\t\t\t\t<div class=\"elementor-widget-container\">\n\t\t\t\t\t<h3 class=\"elementor-heading-title elementor-size-default\">Sebastian Iivonen<\/h3>\t\t\t\t<\/div>\n\t\t\t\t<\/div>\n\t\t\t\t<div class=\"elementor-element elementor-element-26cd8d1a elementor-widget elementor-widget-text-editor\" data-id=\"26cd8d1a\" data-element_type=\"widget\" data-widget_type=\"text-editor.default\">\n\t\t\t\t<div class=\"elementor-widget-container\">\n\t\t\t\t\t\t\t\t\t<p class=\"p1\">Sebastian Iivonen va n\u00e0ixer el 1997 a Estocolmo (Su\u00e8cia), on va comen\u00e7ar els seus estudis de piano als sis anys d\u2019edat amb Natalia Kazimirovskaia i Tamara Poddubnaya. Posteriorment, es va llicenciar al Royal College of Music de Estocolmo\/Edsberg Manor, on va estudiar amb Mats Widlund. En l\u2019actualitat, Sebastian estudia amb la professora Julia Mustonen-Dahlkvist com a artista resident al Centre de Piano Ingesund d\u2019Arvika (Su\u00e8cia).<\/p>\n\t\t\t\t\t\t\t\t<\/div>\n\t\t\t\t<\/div>\n\t\t\t\t<div class=\"elementor-element elementor-element-6bb79584 elementor-widget elementor-widget-text-editor\" data-id=\"6bb79584\" data-element_type=\"widget\" data-widget_type=\"text-editor.default\">\n\t\t\t\t<div class=\"elementor-widget-container\">\n\t\t\t\t\t\t\t\t\t<p class=\"p1\">Amb nom\u00e9s 9 anys, Sebastian va guanyar el Concurs Steinway\u00bb de Piano 2007 a Estocolmo. Un any m\u00e9s tard, va debutar com a concertista a la Sala de Concerts d\u2019Estocolmo amb l\u2019Orquestra Simf\u00f2nica Juvenil d\u2019Estocolmo (SUSO), am la interpretaci\u00f3 del <i>Concert per a piano n\u00fam. 3 <\/i>de Kabalevsky. Als 12 anys, Sebastian va debutar com a solista al Centre Cultural de Los Cristianos (Tenerife), amb totes les entrades exhaurides. El mateix anys tamb\u00e9 se li va adjudicar la prestigiosa beca \u00abMai von Rosens\u00bb a Estocolmo. El 2012, Sebastian va ser convidat per la Fundaci\u00f3 Vladimir Spivakov per a actuar a la Sala de Concerts Tchaikovsky de Mosc\u00fa. Des d\u2019aleshores, ha guanyat els primers premis seg\u00fcents: 2008, el Concours International de Piano \u00abSimone Delbert Fevri\u00e9r\u00bb a Fran\u00e7a; el 2009, el Concours International de Piano C\u00f4te D\u2019Azur a Fran\u00e7a; l\u2019Stockholm International Music Competition dels anys 2010, 2011 i 2012, i de nou el 2015, el \u00abYoung Artists\u00bb d\u2019Estocolmo i el \u00abNil\u00fcfer\u00bb Piano International Music Competition a Turquia, ambd\u00f3s el 2016.<\/p>\n\t\t\t\t\t\t\t\t<\/div>\n\t\t\t\t<\/div>\n\t\t\t\t<div class=\"elementor-element elementor-element-70f05c79 elementor-align-center elementor-widget elementor-widget-button\" data-id=\"70f05c79\" data-element_type=\"widget\" data-widget_type=\"button.default\">\n\t\t\t\t<div class=\"elementor-widget-container\">\n\t\t\t\t\t\t\t\t\t<div class=\"elementor-button-wrapper\">\n\t\t\t\t\t<a class=\"elementor-button elementor-button-link elementor-size-sm\" href=\"https:\/\/pianoiturbi.dival.es\/concurso-2023\/participantes\/\">\n\t\t\t\t\t\t<span class=\"elementor-button-content-wrapper\">\n\t\t\t\t\t\t\t\t\t<span class=\"elementor-button-text\">TORNAR<\/span>\n\t\t\t\t\t<\/span>\n\t\t\t\t\t<\/a>\n\t\t\t\t<\/div>\n\t\t\t\t\t\t\t\t<\/div>\n\t\t\t\t<\/div>\n\t\t\t\t\t<\/div>\n\t\t<\/div>\n\t\t\t\t\t<\/div>\n\t\t<\/section>\n\t\t\t\t<\/div>\n\t\t","protected":false},"excerpt":{"rendered":"<p>Sebastian Iivonen Sebastian Iivonen va n\u00e0ixer el 1997 a Estocolmo (Su\u00e8cia), on va comen\u00e7ar els seus estudis de piano als sis anys d\u2019edat amb Natalia Kazimirovskaia i Tamara Poddubnaya. Posteriorment, [&hellip;]<\/p>\n","protected":false},"author":2,"featured_media":0,"parent":6757,"menu_order":0,"comment_status":"closed","ping_status":"closed","template":"","meta":{"_tec_requires_first_save":true,"site-sidebar-layout":"no-sidebar","site-content-layout":"page-builder","ast-site-content-layout":"","site-content-style":"default","site-sidebar-style":"default","ast-global-header-display":"","ast-banner-title-visibility":"","ast-main-header-display":"","ast-hfb-above-header-display":"","ast-hfb-below-header-display":"","ast-hfb-mobile-header-display":"","site-post-title":"disabled","ast-breadcrumbs-content":"","ast-featured-img":"disabled","footer-sml-layout":"","theme-transparent-header-meta":"","adv-header-id-meta":"","stick-header-meta":"","header-above-stick-meta":"","header-main-stick-meta":"","header-below-stick-meta":"","astra-migrate-meta-layouts":"default","ast-page-background-enabled":"default","ast-page-background-meta":{"desktop":{"background-color":"","background-image":"","background-repeat":"repeat","background-position":"center center","background-size":"auto","background-attachment":"scroll","background-type":"","background-media":"","overlay-type":"","overlay-color":"","overlay-opacity":"","overlay-gradient":""},"tablet":{"background-color":"","background-image":"","background-repeat":"repeat","background-position":"center center","background-size":"auto","background-attachment":"scroll","background-type":"","background-media":"","overlay-type":"","overlay-color":"","overlay-opacity":"","overlay-gradient":""},"mobile":{"background-color":"","background-image":"","background-repeat":"repeat","background-position":"center center","background-size":"auto","background-attachment":"scroll","background-type":"","background-media":"","overlay-type":"","overlay-color":"","overlay-opacity":"","overlay-gradient":""}},"ast-content-background-meta":{"desktop":{"background-color":"var(--ast-global-color-5)","background-image":"","background-repeat":"repeat","background-position":"center center","background-size":"auto","background-attachment":"scroll","background-type":"","background-media":"","overlay-type":"","overlay-color":"","overlay-opacity":"","overlay-gradient":""},"tablet":{"background-color":"var(--ast-global-color-5)","background-image":"","background-repeat":"repeat","background-position":"center center","background-size":"auto","background-attachment":"scroll","background-type":"","background-media":"","overlay-type":"","overlay-color":"","overlay-opacity":"","overlay-gradient":""},"mobile":{"background-color":"var(--ast-global-color-5)","background-image":"","background-repeat":"repeat","background-position":"center center","background-size":"auto","background-attachment":"scroll","background-type":"","background-media":"","overlay-type":"","overlay-color":"","overlay-opacity":"","overlay-gradient":""}},"_EventAllDay":false,"_EventTimezone":"","_EventStartDate":"","_EventEndDate":"","_EventStartDateUTC":"","_EventEndDateUTC":"","_EventShowMap":false,"_EventShowMapLink":false,"_EventURL":"","_EventCost":"","_EventCostDescription":"","_EventCurrencySymbol":"","_EventCurrencyCode":"","_EventCurrencyPosition":"","_EventDateTimeSeparator":"","_EventTimeRangeSeparator":"","_EventOrganizerID":[],"_EventVenueID":[],"_OrganizerEmail":"","_OrganizerPhone":"","_OrganizerWebsite":"","_VenueAddress":"","_VenueCity":"","_VenueCountry":"","_VenueProvince":"","_VenueState":"","_VenueZip":"","_VenuePhone":"","_VenueURL":"","_VenueStateProvince":"","_VenueLat":"","_VenueLng":"","_VenueShowMap":false,"_VenueShowMapLink":false,"_tribe_blocks_recurrence_rules":"","_tribe_blocks_recurrence_description":"","_tribe_blocks_recurrence_exclusions":"","footnotes":""},"class_list":["post-6743","page","type-page","status-publish","hentry"],"yoast_head":"<!-- This site is optimized with the Yoast SEO plugin v25.3 - https:\/\/yoast.com\/wordpress\/plugins\/seo\/ -->\n<title>Sebastian Iivonen - Piano Iturbi<\/title>\n<meta name=\"description\" content=\"El Concurs Internacional de Piano de Val\u00e8ncia Iturbi, plataforma per a joves pianistes de tot el m\u00f3n, \u00e9s un referent de l&#039;escena musical internacional, en combinaci\u00f3 amb el Festival de Piano Iturbi i el programa de recitals\" \/>\n<meta name=\"robots\" content=\"index, follow, max-snippet:-1, max-image-preview:large, max-video-preview:-1\" \/>\n<link rel=\"canonical\" href=\"https:\/\/pianoiturbi.dival.es\/concurso-2023\/participantes\/sebastian-iivonen\/\" \/>\n<meta property=\"og:locale\" content=\"ca_ES\" \/>\n<meta property=\"og:type\" content=\"article\" \/>\n<meta property=\"og:title\" content=\"Sebastian Iivonen - Piano Iturbi\" \/>\n<meta property=\"og:description\" content=\"El Concurs Internacional de Piano de Val\u00e8ncia Iturbi, plataforma per a joves pianistes de tot el m\u00f3n, \u00e9s un referent de l&#039;escena musical internacional, en combinaci\u00f3 amb el Festival de Piano Iturbi i el programa de recitals\" \/>\n<meta property=\"og:url\" content=\"https:\/\/pianoiturbi.dival.es\/concurso-2023\/participantes\/sebastian-iivonen\/\" \/>\n<meta property=\"og:site_name\" content=\"Piano Iturbi\" \/>\n<meta property=\"article:modified_time\" content=\"2023-05-25T11:24:49+00:00\" \/>\n<meta property=\"og:image\" content=\"https:\/\/pianoiturbi.dival.es\/wp-content\/uploads\/pianoiturbi-2023-logo.jpg\" \/>\n\t<meta property=\"og:image:width\" content=\"1276\" \/>\n\t<meta property=\"og:image:height\" content=\"1772\" \/>\n\t<meta property=\"og:image:type\" content=\"image\/jpeg\" \/>\n<meta name=\"twitter:card\" content=\"summary_large_image\" \/>\n<meta name=\"twitter:label1\" content=\"Temps estimat de lectura\" \/>\n\t<meta name=\"twitter:data1\" content=\"1 minut\" \/>\n<script type=\"application\/ld+json\" class=\"yoast-schema-graph\">{\"@context\":\"https:\/\/schema.org\",\"@graph\":[{\"@type\":\"WebPage\",\"@id\":\"https:\/\/pianoiturbi.dival.es\/concurso-2023\/participantes\/sebastian-iivonen\/\",\"url\":\"https:\/\/pianoiturbi.dival.es\/concurso-2023\/participantes\/sebastian-iivonen\/\",\"name\":\"Sebastian Iivonen - Piano Iturbi\",\"isPartOf\":{\"@id\":\"https:\/\/pianoiturbi.dival.es\/#website\"},\"primaryImageOfPage\":{\"@id\":\"https:\/\/pianoiturbi.dival.es\/concurso-2023\/participantes\/sebastian-iivonen\/#primaryimage\"},\"image\":{\"@id\":\"https:\/\/pianoiturbi.dival.es\/concurso-2023\/participantes\/sebastian-iivonen\/#primaryimage\"},\"thumbnailUrl\":\"https:\/\/pianoiturbi.dival.es\/wp-content\/uploads\/pianoiturbi-2023-logo-737x1024.jpg\",\"datePublished\":\"2023-05-25T11:24:10+00:00\",\"dateModified\":\"2023-05-25T11:24:49+00:00\",\"description\":\"El Concurs Internacional de Piano de Val\u00e8ncia Iturbi, plataforma per a joves pianistes de tot el m\u00f3n, \u00e9s un referent de l'escena musical internacional, en combinaci\u00f3 amb el Festival de Piano Iturbi i el programa de recitals\",\"breadcrumb\":{\"@id\":\"https:\/\/pianoiturbi.dival.es\/concurso-2023\/participantes\/sebastian-iivonen\/#breadcrumb\"},\"inLanguage\":\"ca\",\"potentialAction\":[{\"@type\":\"ReadAction\",\"target\":[\"https:\/\/pianoiturbi.dival.es\/concurso-2023\/participantes\/sebastian-iivonen\/\"]}]},{\"@type\":\"ImageObject\",\"inLanguage\":\"ca\",\"@id\":\"https:\/\/pianoiturbi.dival.es\/concurso-2023\/participantes\/sebastian-iivonen\/#primaryimage\",\"url\":\"https:\/\/pianoiturbi.dival.es\/wp-content\/uploads\/pianoiturbi-2023-logo-737x1024.jpg\",\"contentUrl\":\"https:\/\/pianoiturbi.dival.es\/wp-content\/uploads\/pianoiturbi-2023-logo-737x1024.jpg\"},{\"@type\":\"BreadcrumbList\",\"@id\":\"https:\/\/pianoiturbi.dival.es\/concurso-2023\/participantes\/sebastian-iivonen\/#breadcrumb\",\"itemListElement\":[{\"@type\":\"ListItem\",\"position\":1,\"name\":\"Portada\",\"item\":\"https:\/\/pianoiturbi.dival.es\/ca\/\"},{\"@type\":\"ListItem\",\"position\":2,\"name\":\"Concurs 2023\",\"item\":\"https:\/\/pianoiturbi.dival.es\/ca\/concurs-2023\/\"},{\"@type\":\"ListItem\",\"position\":3,\"name\":\"Participants\",\"item\":\"https:\/\/pianoiturbi.dival.es\/concurso-2023\/participantes\/\"},{\"@type\":\"ListItem\",\"position\":4,\"name\":\"Sebastian Iivonen\"}]},{\"@type\":\"WebSite\",\"@id\":\"https:\/\/pianoiturbi.dival.es\/#website\",\"url\":\"https:\/\/pianoiturbi.dival.es\/\",\"name\":\"Piano Iturbi\",\"description\":\"El Concurs Internacional de Piano de Val\u00e8ncia Iturbi, plataforma per a joves pianistes de tot el m\u00f3n, \u00e9s un referent de l'escena musical internacional, en combinaci\u00f3 amb el Festival de Piano Iturbi i el programa de recitals\",\"potentialAction\":[{\"@type\":\"SearchAction\",\"target\":{\"@type\":\"EntryPoint\",\"urlTemplate\":\"https:\/\/pianoiturbi.dival.es\/?s={search_term_string}\"},\"query-input\":{\"@type\":\"PropertyValueSpecification\",\"valueRequired\":true,\"valueName\":\"search_term_string\"}}],\"inLanguage\":\"ca\"}]}<\/script>\n<!-- \/ Yoast SEO plugin. -->","yoast_head_json":{"title":"Sebastian Iivonen - Piano Iturbi","description":"El Concurs Internacional de Piano de Val\u00e8ncia Iturbi, plataforma per a joves pianistes de tot el m\u00f3n, \u00e9s un referent de l'escena musical internacional, en combinaci\u00f3 amb el Festival de Piano Iturbi i el programa de recitals","robots":{"index":"index","follow":"follow","max-snippet":"max-snippet:-1","max-image-preview":"max-image-preview:large","max-video-preview":"max-video-preview:-1"},"canonical":"https:\/\/pianoiturbi.dival.es\/concurso-2023\/participantes\/sebastian-iivonen\/","og_locale":"ca_ES","og_type":"article","og_title":"Sebastian Iivonen - Piano Iturbi","og_description":"El Concurs Internacional de Piano de Val\u00e8ncia Iturbi, plataforma per a joves pianistes de tot el m\u00f3n, \u00e9s un referent de l'escena musical internacional, en combinaci\u00f3 amb el Festival de Piano Iturbi i el programa de recitals","og_url":"https:\/\/pianoiturbi.dival.es\/concurso-2023\/participantes\/sebastian-iivonen\/","og_site_name":"Piano Iturbi","article_modified_time":"2023-05-25T11:24:49+00:00","og_image":[{"width":1276,"height":1772,"url":"https:\/\/pianoiturbi.dival.es\/wp-content\/uploads\/pianoiturbi-2023-logo.jpg","type":"image\/jpeg"}],"twitter_card":"summary_large_image","twitter_misc":{"Temps estimat de lectura":"1 minut"},"schema":{"@context":"https:\/\/schema.org","@graph":[{"@type":"WebPage","@id":"https:\/\/pianoiturbi.dival.es\/concurso-2023\/participantes\/sebastian-iivonen\/","url":"https:\/\/pianoiturbi.dival.es\/concurso-2023\/participantes\/sebastian-iivonen\/","name":"Sebastian Iivonen - Piano Iturbi","isPartOf":{"@id":"https:\/\/pianoiturbi.dival.es\/#website"},"primaryImageOfPage":{"@id":"https:\/\/pianoiturbi.dival.es\/concurso-2023\/participantes\/sebastian-iivonen\/#primaryimage"},"image":{"@id":"https:\/\/pianoiturbi.dival.es\/concurso-2023\/participantes\/sebastian-iivonen\/#primaryimage"},"thumbnailUrl":"https:\/\/pianoiturbi.dival.es\/wp-content\/uploads\/pianoiturbi-2023-logo-737x1024.jpg","datePublished":"2023-05-25T11:24:10+00:00","dateModified":"2023-05-25T11:24:49+00:00","description":"El Concurs Internacional de Piano de Val\u00e8ncia Iturbi, plataforma per a joves pianistes de tot el m\u00f3n, \u00e9s un referent de l'escena musical internacional, en combinaci\u00f3 amb el Festival de Piano Iturbi i el programa de recitals","breadcrumb":{"@id":"https:\/\/pianoiturbi.dival.es\/concurso-2023\/participantes\/sebastian-iivonen\/#breadcrumb"},"inLanguage":"ca","potentialAction":[{"@type":"ReadAction","target":["https:\/\/pianoiturbi.dival.es\/concurso-2023\/participantes\/sebastian-iivonen\/"]}]},{"@type":"ImageObject","inLanguage":"ca","@id":"https:\/\/pianoiturbi.dival.es\/concurso-2023\/participantes\/sebastian-iivonen\/#primaryimage","url":"https:\/\/pianoiturbi.dival.es\/wp-content\/uploads\/pianoiturbi-2023-logo-737x1024.jpg","contentUrl":"https:\/\/pianoiturbi.dival.es\/wp-content\/uploads\/pianoiturbi-2023-logo-737x1024.jpg"},{"@type":"BreadcrumbList","@id":"https:\/\/pianoiturbi.dival.es\/concurso-2023\/participantes\/sebastian-iivonen\/#breadcrumb","itemListElement":[{"@type":"ListItem","position":1,"name":"Portada","item":"https:\/\/pianoiturbi.dival.es\/ca\/"},{"@type":"ListItem","position":2,"name":"Concurs 2023","item":"https:\/\/pianoiturbi.dival.es\/ca\/concurs-2023\/"},{"@type":"ListItem","position":3,"name":"Participants","item":"https:\/\/pianoiturbi.dival.es\/concurso-2023\/participantes\/"},{"@type":"ListItem","position":4,"name":"Sebastian Iivonen"}]},{"@type":"WebSite","@id":"https:\/\/pianoiturbi.dival.es\/#website","url":"https:\/\/pianoiturbi.dival.es\/","name":"Piano Iturbi","description":"El Concurs Internacional de Piano de Val\u00e8ncia Iturbi, plataforma per a joves pianistes de tot el m\u00f3n, \u00e9s un referent de l'escena musical internacional, en combinaci\u00f3 amb el Festival de Piano Iturbi i el programa de recitals","potentialAction":[{"@type":"SearchAction","target":{"@type":"EntryPoint","urlTemplate":"https:\/\/pianoiturbi.dival.es\/?s={search_term_string}"},"query-input":{"@type":"PropertyValueSpecification","valueRequired":true,"valueName":"search_term_string"}}],"inLanguage":"ca"}]}},"_links":{"self":[{"href":"https:\/\/pianoiturbi.dival.es\/ca\/wp-json\/wp\/v2\/pages\/6743","targetHints":{"allow":["GET"]}}],"collection":[{"href":"https:\/\/pianoiturbi.dival.es\/ca\/wp-json\/wp\/v2\/pages"}],"about":[{"href":"https:\/\/pianoiturbi.dival.es\/ca\/wp-json\/wp\/v2\/types\/page"}],"author":[{"embeddable":true,"href":"https:\/\/pianoiturbi.dival.es\/ca\/wp-json\/wp\/v2\/users\/2"}],"replies":[{"embeddable":true,"href":"https:\/\/pianoiturbi.dival.es\/ca\/wp-json\/wp\/v2\/comments?post=6743"}],"version-history":[{"count":0,"href":"https:\/\/pianoiturbi.dival.es\/ca\/wp-json\/wp\/v2\/pages\/6743\/revisions"}],"up":[{"embeddable":true,"href":"https:\/\/pianoiturbi.dival.es\/ca\/wp-json\/wp\/v2\/pages\/6757"}],"wp:attachment":[{"href":"https:\/\/pianoiturbi.dival.es\/ca\/wp-json\/wp\/v2\/media?parent=6743"}],"curies":[{"name":"wp","href":"https:\/\/api.w.org\/{rel}","templated":true}]}}