{"id":9356,"date":"2017-12-18T17:39:25","date_gmt":"2017-12-18T16:39:25","guid":{"rendered":"https:\/\/pianoiturbi.dival.es\/politica-de-cookies\/"},"modified":"2017-12-18T17:39:25","modified_gmt":"2017-12-18T16:39:25","slug":"politica-de-cookies","status":"publish","type":"page","link":"https:\/\/pianoiturbi.dival.es\/ca\/politica-de-cookies\/","title":{"rendered":"Pol\u00edtica de cookies"},"content":{"rendered":"\t\t<div data-elementor-type=\"wp-page\" data-elementor-id=\"9356\" class=\"elementor elementor-9356 elementor-25\" data-elementor-post-type=\"page\">\n\t\t\t\t\t\t<section class=\"elementor-section elementor-top-section elementor-element elementor-element-d3261ae elementor-section-boxed elementor-section-height-default elementor-section-height-default\" data-id=\"d3261ae\" data-element_type=\"section\">\n\t\t\t\t\t\t<div class=\"elementor-container elementor-column-gap-default\">\n\t\t\t\t\t<div class=\"elementor-column elementor-col-100 elementor-top-column elementor-element elementor-element-b4f751d\" data-id=\"b4f751d\" data-element_type=\"column\">\n\t\t\t<div class=\"elementor-widget-wrap elementor-element-populated\">\n\t\t\t\t\t\t<div class=\"elementor-element elementor-element-e15e8bd elementor-widget elementor-widget-text-editor\" data-id=\"e15e8bd\" data-element_type=\"widget\" data-widget_type=\"text-editor.default\">\n\t\t\t\t<div class=\"elementor-widget-container\">\n\t\t\t\t\t\t\t\t\t<p><strong>1. Introducci\u00f3n<\/strong><br>La Diputaci\u00f3n de Valencia no utiliza cookies para recoger informaci\u00f3n de los usuarios en el Portal de Internet o sitio web www.dival.es o, en su caso, en otras direcciones electr\u00f3nicas de organismos vinculados a la Diputaci\u00f3n. \u00danicamente se utilizan cookies propias y de terceros con finalidad t\u00e9cnica para permitir navegaci\u00f3n a trav\u00e9s del sitio web y la utilizaci\u00f3n de las diferentes opciones y servicios que en ella existen. El conjunto de cookies propias nos ayuda a mejorar la calidad de nuestro sitio web, ya que permite controlar qu\u00e9 p\u00e1ginas les parecen \u00fatiles a nuestros usuarios y cu\u00e1les no. El portal tambi\u00e9n contiene enlaces a sitios web de terceros, cuyas pol\u00edticas de privacidad o cookies son ajenas a la de la Diputaci\u00f3n. Al acceder a tales sitios web usted puede decidir si acepta sus pol\u00edticas de privacidad y de cookies. Con car\u00e1cter general, si navega por internet usted puede aceptar o rechazar las cookies de terceros desde las opciones de configuraci\u00f3n de su navegador.<\/p>\n<p><\/p>\n<p><strong>2. \u00bfQu\u00e9 son las cookies?<\/strong><br>Las cookies y otras tecnolog\u00edas similares (tales como, local shared objects, flash cookies o p\u00edxeles) son peque\u00f1os ficheros de texto que los sitios web instalan en el ordenador o dispositivo m\u00f3vil de las personas usuarias, con el fin de registrar la actividad de su navegaci\u00f3n.<\/p>\n<p><\/p>\n<div>&nbsp;<\/div>\n<div>\n<p><b>3. Tipo de cookies<\/b><br>En funci\u00f3n de los siguientes criterios, podemos distinguir la siguiente tipolog\u00eda de cookies, sin perjuicio de otros categorizaciones o clasificaciones similares:<\/p>\n<p><\/p>\n<p><b>Seg\u00fan la propiedad:<\/b><\/p>\n<p>&#8211; Cookies propias: son aquellas que se env\u00edan al equipo terminal del Usuario desde un equipo o dominio gestionado por el propio editor y desde el que se presta el servicio solicitado por el Usuario.<\/p>\n<p>&#8211; Cookies de terceros: son aquellas que se env\u00edan al equipo terminal del Usuario desde un equipo o dominio que no es gestionado por el editor, sino por otra entidad que trata los datos obtenidos trav\u00e9s de las cookies.<\/p>\n<p><\/p>\n<p><b>Seg\u00fan la finalidad:<\/b><\/p>\n<p>&#8211; Cookies t\u00e9cnicas y funcionales (Necesarias): son aquellas que permiten al Usuario de una p\u00e1gina web, plataforma o aplicaci\u00f3n y la utilizaci\u00f3n de las diferentes opciones o servicios que en ella existan.<\/p>\n<p>&#8211; Cookies anal\u00edticas (Estad\u00edsticas): son aquellas que permiten al responsable de las mismas el seguimiento y an\u00e1lisis del comportamiento de los Usuarios de los sitios web a los que est\u00e1n vinculadas. La informaci\u00f3n recogida mediante este tipo de cookies se utiliza en la medici\u00f3n de la actividad de los sitios web, aplicaci\u00f3n o plataforma y para la elaboraci\u00f3n de perfiles de navegaci\u00f3n de los usuarios de dichos sitios, aplicaciones y plataformas, con el fin de introducir mejoras en funci\u00f3n del an\u00e1lisis de los datos de uso que hacen los usuarios del servicio.<\/p>\n<p>&#8211; Cookies publicitarias (Marketing): son aquellas que permiten la gesti\u00f3n, de la forma m\u00e1s eficaz posible, de los espacios publicitarios que, en su caso, el editor haya incluido en una p\u00e1gina web, aplicaci\u00f3n o plataforma desde la que presta el servicio solicitado en base a criterios como el contenido editado o la frecuencia en la que se muestran los anuncios.<\/p>\n<p>&#8211; Cookies de publicidad comportamental: recogen informaci\u00f3n sobre las preferencias y elecciones personales del Usuario (retargeting) para permitir la gesti\u00f3n, de la forma m\u00e1s eficaz posible, de los espacios publicitarios que, en su caso, el editor haya incluido en una p\u00e1gina web, aplicaci\u00f3n o plataforma desde la que presta el servicio solicitado.<\/p>\n<p>&#8211; Cookies de redes sociales: son establecidas por las plataformas de redes sociales en los servicios para permitirle compartir contenido con sus amigos y redes. Las plataformas de medios sociales tienen la capacidad de rastrear su actividad en l\u00ednea fuera de los Servicios. Esto puede afectar al contenido y los mensajes que ve en otros servicios que visita.<\/p>\n<p>&#8211; Cookies de afiliados: permiten hacer un seguimiento de las visitas procedentes de otras webs, con las que el sitio web establece un contrato de afiliaci\u00f3n (empresas de afiliaci\u00f3n).<\/p>\n<p>&#8211; Cookies de seguridad: almacenan informaci\u00f3n cifrada para evitar que los datos guardados en ellas sean vulnerables a ataques maliciosos de terceros.<\/p>\n<p><\/p>\n<p><b>&nbsp;<\/b><\/p>\n<p><b>Seg\u00fan plazo de conservaci\u00f3n<\/b><br>&#8211; Cookies de sesi\u00f3n: son un tipo de cookies dise\u00f1adas para recabar y<br>almacenar datos mientras el Usuario accede a una p\u00e1gina web.<br>&#8211; Cookies persistentes: son un tipo de cookies en el que los datos siguen almacenados en el terminal y pueden ser accedidos y tratados durante un per\u00edodo definido por el responsable de la cookie, y que puede ir de unos minutos a varios a\u00f1os.<\/p>\n<p><\/p>\n<p><b>&nbsp;<\/b><\/p><table class=\"table\"><thead><tr><th width=\"15%\">Cookie<\/th>\n      <th width=\"15%\">Dominio<\/th>\n      <th style=\"min-width:300px\">Descripci\u00f3n<\/th>\n      <th width=\"15%\">Duraci\u00f3n<\/th>\n      <th width=\"15%\">Tipo<\/th>\n      <\/tr><\/thead><tbody><tr>\n        <td>wpml_browser_redirect_test<\/td>\n        <td>pianoiturbi.dival.es<\/td>\n        <td>This cookie is set by WPML WordPress plugin and is used to test if cookies are enabled on the browser.<\/td>\n        <td>session<\/td>\n        <td>Funcionales<\/td>\n        <\/tr><tr>\n        <td>_icl_visitor_lang_js<\/td>\n        <td>.pianoiturbi.dival.es<\/td>\n        <td>WPML sets this cookie to store the redirected language.<\/td>\n        <td>1 day<\/td>\n        <td>Funcionales<\/td>\n        <\/tr><tr>\n        <td>wp-wpml_current_language<\/td>\n        <td>pianoiturbi.dival.es<\/td>\n        <td>WordPress multilingual plugin sets this cookie to store the current language\/language settings.<\/td>\n        <td>session<\/td>\n        <td>Funcionales<\/td>\n        <\/tr><tr>\n        <td>elementor<\/td>\n        <td>pianoiturbi.dival.es<\/td>\n        <td>This cookie is used by the website&#8217;s WordPress theme. It \nallows the website owner to implement or change the website&#8217;s content in\n real-time.<\/td>\n        <td>never<\/td>\n        <td>Necesarias<\/td>\n        <\/tr><tr>\n        <td>wpEmojiSettingsSupports<\/td>\n        <td>pianoiturbi.dival.es<\/td>\n        <td>WordPress sets this cookie when a user interacts with emojis\n on a WordPress site.  It helps determine if the user&#8217;s browser can \ndisplay emojis properly.<\/td>\n        <td>session<\/td>\n        <td>Necesarias<\/td><\/tr><\/tbody><\/table>\n<p><b>4. \u00bfQu\u00e9 cookies utilizamos en este Portal de Internet?<\/b><br>De acuerdo con la tipolog\u00eda anterior, se informa que en el sitio web www.dival.es se utilizan las siguientes cookies:<br>&#8211; Cookies t\u00e9cnicas y funcionales (necesarias)<br>&#8211; Cookies anal\u00edticas (estad\u00edsticas)<br>Para el an\u00e1lisis u funci\u00f3n estad\u00edstica del uso del sitio web, en este caso, se opta por el servicio ofrecido por Google<br>Analytics: www.google.com\/analytics\/ y https:\/\/developers.google.com\/an alytics\/devguides\/collection\/analyticsjs\/cookie-usage de Google Inc, cuya oficina principal est\u00e1 en 1600 Amphitheatre Parkway, Mountain View (California), CA 94043, Estados Unidos (\u201cGoogle\u201d).<br>El servicio \u201cGoogle Analytics\u201d , sin identificaci\u00f3n de los Usuarios, recoge diversa informaci\u00f3n relativa al n\u00famero de usuarios que acceden a la web, el n\u00famero de p\u00e1ginas vistas, la frecuencia y repetici\u00f3n de las visitas, su duraci\u00f3n, el navegador utilizado, el operador que presta el servicio, el idioma, el terminal que utiliza, o la ciudad a la que est\u00e1 asignada su direcci\u00f3n IP. Informaci\u00f3n que posibilita un mejor y m\u00e1s apropiado servicio por parte de este Portal. Puede encontrar m\u00e1s informaci\u00f3n al respecto e inhabilitar el uso de estas cookies en la p\u00e1gina de descripci\u00f3n de Cookies de Google Analytics<\/p>\n<p><\/p>\n<p><b>&nbsp;<\/b><\/p>\n<p><b>5. \u00bfC\u00f3mo gestionar las cookies desde el navegador?<\/b><br>El registro de las cookies podr\u00e1 estar sujeto a tu aceptaci\u00f3n durante la instalaci\u00f3n o puesta al d\u00eda del navegador, y esta aceptaci\u00f3n podr\u00e1 ser revocada en cualquier momento mediante las opciones de configuraci\u00f3n de contenidos y privacidad disponibles.<br>Muchos navegadores permiten activar una opci\u00f3n de navegaci\u00f3n privada mediante la cual las cookies se borran siempre tras tu visita. Dependiendo de cada navegador, esta navegaci\u00f3n privada puede presentar diversos nombres.<br>Las cookies que ya est\u00e1n en un dispositivo se pueden eliminar borrando el historial del navegador, con lo que se suprimen las cookies de todos los sitios web visitados.<br>Sin embargo, tambi\u00e9n se puede perder parte de la informaci\u00f3n guardada (por ejemplo, los datos de inicio de sesi\u00f3n o las preferencias de sitio web).<br>A continuaci\u00f3n, se muestra una lista de los navegadores m\u00e1s comunes y enlace a la informaci\u00f3n relativa a la activaci\u00f3n o desactivaci\u00f3n de cookies en la navegaci\u00f3n:<\/p>\n<\/div>\n<ul>\n<li><strong>Chrome:<\/strong> <a href=\"http:\/\/support.google.com\/chrome\/answer\/95647?hl=es\">Enlace<\/a><\/li>\n<li><strong>Internet Explorer 11:<\/strong> <a href=\"https:\/\/support.microsoft.com\/es-es\/help\/278835\/how-to-delete-cookie-files-in-internet-explorer\">Enlace<\/a><\/li>\n<li><strong>Firefox (v.65.0.1):<\/strong> <a href=\"https:\/\/www.mozilla.org\/es-ES\/privacy\/websites\/#cookies\">Enlace<\/a><\/li>\n<li><strong>Safari (v.5.1):<\/strong> <a href=\"https:\/\/support.apple.com\/es-es\/guide\/safari\/sfri11471\/mac\">Enlace<\/a><\/li>\n<li><strong>Opera:<\/strong> <a href=\"https:\/\/help.opera.com\/en\/latest\/security-and-privacy\/#clearBrowsingData\">Enlace<\/a><\/li>\n<\/ul>\n<p>Adem\u00e1s, puedes bloquear las cookies anal\u00edticas en el navegador utilizando este complemento facilitado por Google Analytics: <a href=\"https:\/\/tools.google.com\/dlpage\/gaoptout\">Enlace al complemento<\/a><\/p>\n<p><\/p>\t\t\t\t\t\t\t\t<\/div>\n\t\t\t\t<\/div>\n\t\t\t\t\t<\/div>\n\t\t<\/div>\n\t\t\t\t\t<\/div>\n\t\t<\/section>\n\t\t\t\t<\/div>\n\t\t","protected":false},"excerpt":{"rendered":"<p>1. Introducci\u00f3nLa Diputaci\u00f3n de Valencia no utiliza cookies para recoger informaci\u00f3n de los usuarios en el Portal de Internet o sitio web www.dival.es o, en su caso, en otras direcciones [&hellip;]<\/p>\n","protected":false},"author":2,"featured_media":0,"parent":0,"menu_order":0,"comment_status":"closed","ping_status":"closed","template":"","meta":{"_tec_requires_first_save":true,"site-sidebar-layout":"default","site-content-layout":"","ast-site-content-layout":"","site-content-style":"default","site-sidebar-style":"default","ast-global-header-display":"","ast-banner-title-visibility":"","ast-main-header-display":"","ast-hfb-above-header-display":"","ast-hfb-below-header-display":"","ast-hfb-mobile-header-display":"","site-post-title":"","ast-breadcrumbs-content":"","ast-featured-img":"","footer-sml-layout":"","theme-transparent-header-meta":"","adv-header-id-meta":"","stick-header-meta":"","header-above-stick-meta":"","header-main-stick-meta":"","header-below-stick-meta":"","astra-migrate-meta-layouts":"default","ast-page-background-enabled":"default","ast-page-background-meta":{"desktop":{"background-color":"","background-image":"","background-repeat":"repeat","background-position":"center center","background-size":"auto","background-attachment":"scroll","background-type":"","background-media":"","overlay-type":"","overlay-color":"","overlay-opacity":"","overlay-gradient":""},"tablet":{"background-color":"","background-image":"","background-repeat":"repeat","background-position":"center center","background-size":"auto","background-attachment":"scroll","background-type":"","background-media":"","overlay-type":"","overlay-color":"","overlay-opacity":"","overlay-gradient":""},"mobile":{"background-color":"","background-image":"","background-repeat":"repeat","background-position":"center center","background-size":"auto","background-attachment":"scroll","background-type":"","background-media":"","overlay-type":"","overlay-color":"","overlay-opacity":"","overlay-gradient":""}},"ast-content-background-meta":{"desktop":{"background-color":"var(--ast-global-color-5)","background-image":"","background-repeat":"repeat","background-position":"center center","background-size":"auto","background-attachment":"scroll","background-type":"","background-media":"","overlay-type":"","overlay-color":"","overlay-opacity":"","overlay-gradient":""},"tablet":{"background-color":"var(--ast-global-color-5)","background-image":"","background-repeat":"repeat","background-position":"center center","background-size":"auto","background-attachment":"scroll","background-type":"","background-media":"","overlay-type":"","overlay-color":"","overlay-opacity":"","overlay-gradient":""},"mobile":{"background-color":"var(--ast-global-color-5)","background-image":"","background-repeat":"repeat","background-position":"center center","background-size":"auto","background-attachment":"scroll","background-type":"","background-media":"","overlay-type":"","overlay-color":"","overlay-opacity":"","overlay-gradient":""}},"_EventAllDay":false,"_EventTimezone":"","_EventStartDate":"","_EventEndDate":"","_EventStartDateUTC":"","_EventEndDateUTC":"","_EventShowMap":false,"_EventShowMapLink":false,"_EventURL":"","_EventCost":"","_EventCostDescription":"","_EventCurrencySymbol":"","_EventCurrencyCode":"","_EventCurrencyPosition":"","_EventDateTimeSeparator":"","_EventTimeRangeSeparator":"","_EventOrganizerID":[],"_EventVenueID":[],"_OrganizerEmail":"","_OrganizerPhone":"","_OrganizerWebsite":"","_VenueAddress":"","_VenueCity":"","_VenueCountry":"","_VenueProvince":"","_VenueState":"","_VenueZip":"","_VenuePhone":"","_VenueURL":"","_VenueStateProvince":"","_VenueLat":"","_VenueLng":"","_VenueShowMap":false,"_VenueShowMapLink":false,"_tribe_blocks_recurrence_rules":"","_tribe_blocks_recurrence_description":"","_tribe_blocks_recurrence_exclusions":"","footnotes":""},"class_list":["post-9356","page","type-page","status-publish","hentry"],"yoast_head":"<!-- This site is optimized with the Yoast SEO plugin v25.3 - https:\/\/yoast.com\/wordpress\/plugins\/seo\/ -->\n<title>Pol\u00edtica de cookies - Piano Iturbi<\/title>\n<meta name=\"description\" content=\"El Concurs Internacional de Piano de Val\u00e8ncia Iturbi, plataforma per a joves pianistes de tot el m\u00f3n, \u00e9s un referent de l&#039;escena musical internacional, en combinaci\u00f3 amb el Festival de Piano Iturbi i el programa de recitals\" \/>\n<meta name=\"robots\" content=\"index, follow, max-snippet:-1, max-image-preview:large, max-video-preview:-1\" \/>\n<link rel=\"canonical\" href=\"https:\/\/pianoiturbi.dival.es\/ca\/politica-de-cookies\/\" \/>\n<meta property=\"og:locale\" content=\"ca_ES\" \/>\n<meta property=\"og:type\" content=\"article\" \/>\n<meta property=\"og:title\" content=\"Pol\u00edtica de cookies - Piano Iturbi\" \/>\n<meta property=\"og:description\" content=\"El Concurs Internacional de Piano de Val\u00e8ncia Iturbi, plataforma per a joves pianistes de tot el m\u00f3n, \u00e9s un referent de l&#039;escena musical internacional, en combinaci\u00f3 amb el Festival de Piano Iturbi i el programa de recitals\" \/>\n<meta property=\"og:url\" content=\"https:\/\/pianoiturbi.dival.es\/ca\/politica-de-cookies\/\" \/>\n<meta property=\"og:site_name\" content=\"Piano Iturbi\" \/>\n<meta name=\"twitter:card\" content=\"summary_large_image\" \/>\n<meta name=\"twitter:label1\" content=\"Temps estimat de lectura\" \/>\n\t<meta name=\"twitter:data1\" content=\"7 minuts\" \/>\n<script type=\"application\/ld+json\" class=\"yoast-schema-graph\">{\"@context\":\"https:\/\/schema.org\",\"@graph\":[{\"@type\":\"WebPage\",\"@id\":\"https:\/\/pianoiturbi.dival.es\/ca\/politica-de-cookies\/\",\"url\":\"https:\/\/pianoiturbi.dival.es\/ca\/politica-de-cookies\/\",\"name\":\"Pol\u00edtica de cookies - Piano Iturbi\",\"isPartOf\":{\"@id\":\"https:\/\/pianoiturbi.dival.es\/#website\"},\"datePublished\":\"2017-12-18T16:39:25+00:00\",\"description\":\"El Concurs Internacional de Piano de Val\u00e8ncia Iturbi, plataforma per a joves pianistes de tot el m\u00f3n, \u00e9s un referent de l'escena musical internacional, en combinaci\u00f3 amb el Festival de Piano Iturbi i el programa de recitals\",\"breadcrumb\":{\"@id\":\"https:\/\/pianoiturbi.dival.es\/ca\/politica-de-cookies\/#breadcrumb\"},\"inLanguage\":\"ca\",\"potentialAction\":[{\"@type\":\"ReadAction\",\"target\":[\"https:\/\/pianoiturbi.dival.es\/ca\/politica-de-cookies\/\"]}]},{\"@type\":\"BreadcrumbList\",\"@id\":\"https:\/\/pianoiturbi.dival.es\/ca\/politica-de-cookies\/#breadcrumb\",\"itemListElement\":[{\"@type\":\"ListItem\",\"position\":1,\"name\":\"Portada\",\"item\":\"https:\/\/pianoiturbi.dival.es\/ca\/\"},{\"@type\":\"ListItem\",\"position\":2,\"name\":\"Pol\u00edtica de cookies\"}]},{\"@type\":\"WebSite\",\"@id\":\"https:\/\/pianoiturbi.dival.es\/#website\",\"url\":\"https:\/\/pianoiturbi.dival.es\/\",\"name\":\"Piano Iturbi\",\"description\":\"El Concurs Internacional de Piano de Val\u00e8ncia Iturbi, plataforma per a joves pianistes de tot el m\u00f3n, \u00e9s un referent de l'escena musical internacional, en combinaci\u00f3 amb el Festival de Piano Iturbi i el programa de recitals\",\"potentialAction\":[{\"@type\":\"SearchAction\",\"target\":{\"@type\":\"EntryPoint\",\"urlTemplate\":\"https:\/\/pianoiturbi.dival.es\/?s={search_term_string}\"},\"query-input\":{\"@type\":\"PropertyValueSpecification\",\"valueRequired\":true,\"valueName\":\"search_term_string\"}}],\"inLanguage\":\"ca\"}]}<\/script>\n<!-- \/ Yoast SEO plugin. -->","yoast_head_json":{"title":"Pol\u00edtica de cookies - Piano Iturbi","description":"El Concurs Internacional de Piano de Val\u00e8ncia Iturbi, plataforma per a joves pianistes de tot el m\u00f3n, \u00e9s un referent de l'escena musical internacional, en combinaci\u00f3 amb el Festival de Piano Iturbi i el programa de recitals","robots":{"index":"index","follow":"follow","max-snippet":"max-snippet:-1","max-image-preview":"max-image-preview:large","max-video-preview":"max-video-preview:-1"},"canonical":"https:\/\/pianoiturbi.dival.es\/ca\/politica-de-cookies\/","og_locale":"ca_ES","og_type":"article","og_title":"Pol\u00edtica de cookies - Piano Iturbi","og_description":"El Concurs Internacional de Piano de Val\u00e8ncia Iturbi, plataforma per a joves pianistes de tot el m\u00f3n, \u00e9s un referent de l'escena musical internacional, en combinaci\u00f3 amb el Festival de Piano Iturbi i el programa de recitals","og_url":"https:\/\/pianoiturbi.dival.es\/ca\/politica-de-cookies\/","og_site_name":"Piano Iturbi","twitter_card":"summary_large_image","twitter_misc":{"Temps estimat de lectura":"7 minuts"},"schema":{"@context":"https:\/\/schema.org","@graph":[{"@type":"WebPage","@id":"https:\/\/pianoiturbi.dival.es\/ca\/politica-de-cookies\/","url":"https:\/\/pianoiturbi.dival.es\/ca\/politica-de-cookies\/","name":"Pol\u00edtica de cookies - Piano Iturbi","isPartOf":{"@id":"https:\/\/pianoiturbi.dival.es\/#website"},"datePublished":"2017-12-18T16:39:25+00:00","description":"El Concurs Internacional de Piano de Val\u00e8ncia Iturbi, plataforma per a joves pianistes de tot el m\u00f3n, \u00e9s un referent de l'escena musical internacional, en combinaci\u00f3 amb el Festival de Piano Iturbi i el programa de recitals","breadcrumb":{"@id":"https:\/\/pianoiturbi.dival.es\/ca\/politica-de-cookies\/#breadcrumb"},"inLanguage":"ca","potentialAction":[{"@type":"ReadAction","target":["https:\/\/pianoiturbi.dival.es\/ca\/politica-de-cookies\/"]}]},{"@type":"BreadcrumbList","@id":"https:\/\/pianoiturbi.dival.es\/ca\/politica-de-cookies\/#breadcrumb","itemListElement":[{"@type":"ListItem","position":1,"name":"Portada","item":"https:\/\/pianoiturbi.dival.es\/ca\/"},{"@type":"ListItem","position":2,"name":"Pol\u00edtica de cookies"}]},{"@type":"WebSite","@id":"https:\/\/pianoiturbi.dival.es\/#website","url":"https:\/\/pianoiturbi.dival.es\/","name":"Piano Iturbi","description":"El Concurs Internacional de Piano de Val\u00e8ncia Iturbi, plataforma per a joves pianistes de tot el m\u00f3n, \u00e9s un referent de l'escena musical internacional, en combinaci\u00f3 amb el Festival de Piano Iturbi i el programa de recitals","potentialAction":[{"@type":"SearchAction","target":{"@type":"EntryPoint","urlTemplate":"https:\/\/pianoiturbi.dival.es\/?s={search_term_string}"},"query-input":{"@type":"PropertyValueSpecification","valueRequired":true,"valueName":"search_term_string"}}],"inLanguage":"ca"}]}},"_links":{"self":[{"href":"https:\/\/pianoiturbi.dival.es\/ca\/wp-json\/wp\/v2\/pages\/9356","targetHints":{"allow":["GET"]}}],"collection":[{"href":"https:\/\/pianoiturbi.dival.es\/ca\/wp-json\/wp\/v2\/pages"}],"about":[{"href":"https:\/\/pianoiturbi.dival.es\/ca\/wp-json\/wp\/v2\/types\/page"}],"author":[{"embeddable":true,"href":"https:\/\/pianoiturbi.dival.es\/ca\/wp-json\/wp\/v2\/users\/2"}],"replies":[{"embeddable":true,"href":"https:\/\/pianoiturbi.dival.es\/ca\/wp-json\/wp\/v2\/comments?post=9356"}],"version-history":[{"count":0,"href":"https:\/\/pianoiturbi.dival.es\/ca\/wp-json\/wp\/v2\/pages\/9356\/revisions"}],"wp:attachment":[{"href":"https:\/\/pianoiturbi.dival.es\/ca\/wp-json\/wp\/v2\/media?parent=9356"}],"curies":[{"name":"wp","href":"https:\/\/api.w.org\/{rel}","templated":true}]}}