{"id":9925,"date":"2025-06-03T14:35:38","date_gmt":"2025-06-03T12:35:38","guid":{"rendered":"https:\/\/pianoiturbi.dival.es\/concurs-2025\/participants\/fortunato-salvador-garcia-piquer\/"},"modified":"2025-06-03T14:35:39","modified_gmt":"2025-06-03T12:35:39","slug":"fortunato-salvador-garcia-piquer","status":"publish","type":"page","link":"https:\/\/pianoiturbi.dival.es\/ca\/concurs-2025\/participants\/fortunato-salvador-garcia-piquer\/","title":{"rendered":"Fortunato Salvador Garc\u00eda Piquer"},"content":{"rendered":"\t\t<div data-elementor-type=\"wp-page\" data-elementor-id=\"9925\" class=\"elementor elementor-9925 elementor-9811\" data-elementor-post-type=\"page\">\n\t\t\t\t\t\t<section class=\"elementor-section elementor-top-section elementor-element elementor-element-a563830 elementor-hidden-desktop elementor-hidden-tablet elementor-section-boxed elementor-section-height-default elementor-section-height-default\" data-id=\"a563830\" data-element_type=\"section\">\n\t\t\t\t\t\t<div class=\"elementor-container elementor-column-gap-no\">\n\t\t\t\t\t<div class=\"elementor-column elementor-col-100 elementor-top-column elementor-element elementor-element-3a54de49\" data-id=\"3a54de49\" data-element_type=\"column\">\n\t\t\t<div class=\"elementor-widget-wrap elementor-element-populated\">\n\t\t\t\t\t\t<div class=\"elementor-element elementor-element-50696e39 elementor-widget elementor-widget-image\" data-id=\"50696e39\" data-element_type=\"widget\" data-widget_type=\"image.default\">\n\t\t\t\t<div class=\"elementor-widget-container\">\n\t\t\t\t\t\t\t\t\t\t\t\t\t\t\t<img fetchpriority=\"high\" decoding=\"async\" width=\"600\" height=\"833\" src=\"https:\/\/pianoiturbi.dival.es\/wp-content\/uploads\/pianoiturbi-2025-logo.jpg\" class=\"attachment-large size-large wp-image-7784\" alt=\"\" srcset=\"https:\/\/pianoiturbi.dival.es\/wp-content\/uploads\/pianoiturbi-2025-logo.jpg 600w, https:\/\/pianoiturbi.dival.es\/wp-content\/uploads\/pianoiturbi-2025-logo-216x300.jpg 216w\" sizes=\"(max-width: 600px) 100vw, 600px\" \/>\t\t\t\t\t\t\t\t\t\t\t\t\t\t\t<\/div>\n\t\t\t\t<\/div>\n\t\t\t\t\t<\/div>\n\t\t<\/div>\n\t\t\t\t\t<\/div>\n\t\t<\/section>\n\t\t\t\t<section class=\"elementor-section elementor-top-section elementor-element elementor-element-1d2403fa elementor-section-boxed elementor-section-height-default elementor-section-height-default\" data-id=\"1d2403fa\" data-element_type=\"section\">\n\t\t\t\t\t\t<div class=\"elementor-container elementor-column-gap-no\">\n\t\t\t\t\t<div class=\"elementor-column elementor-col-50 elementor-top-column elementor-element elementor-element-16b90cf7 elementor-hidden-phone\" data-id=\"16b90cf7\" data-element_type=\"column\" data-settings=\"{&quot;background_background&quot;:&quot;classic&quot;}\">\n\t\t\t<div class=\"elementor-widget-wrap elementor-element-populated\">\n\t\t\t\t\t\t<section class=\"elementor-section elementor-inner-section elementor-element elementor-element-3d1ad8a9 elementor-section-height-min-height elementor-section-boxed elementor-section-height-default\" data-id=\"3d1ad8a9\" data-element_type=\"section\" data-settings=\"{&quot;sticky&quot;:&quot;top&quot;,&quot;sticky_parent&quot;:&quot;yes&quot;,&quot;sticky_on&quot;:[&quot;desktop&quot;,&quot;tablet&quot;,&quot;mobile&quot;],&quot;sticky_offset&quot;:0,&quot;sticky_effects_offset&quot;:0,&quot;sticky_anchor_link_offset&quot;:0}\">\n\t\t\t\t\t\t<div class=\"elementor-container elementor-column-gap-no\">\n\t\t\t\t\t<div class=\"elementor-column elementor-col-100 elementor-inner-column elementor-element elementor-element-48967637 elementor-hidden-phone\" data-id=\"48967637\" data-element_type=\"column\">\n\t\t\t<div class=\"elementor-widget-wrap elementor-element-populated\">\n\t\t\t\t\t\t<div class=\"elementor-element elementor-element-7f8aace elementor-widget elementor-widget-image\" data-id=\"7f8aace\" data-element_type=\"widget\" data-widget_type=\"image.default\">\n\t\t\t\t<div class=\"elementor-widget-container\">\n\t\t\t\t\t\t\t\t\t\t\t\t\t\t\t<img fetchpriority=\"high\" decoding=\"async\" width=\"600\" height=\"833\" src=\"https:\/\/pianoiturbi.dival.es\/wp-content\/uploads\/pianoiturbi-2025-logo.jpg\" class=\"attachment-large size-large wp-image-7784\" alt=\"\" srcset=\"https:\/\/pianoiturbi.dival.es\/wp-content\/uploads\/pianoiturbi-2025-logo.jpg 600w, https:\/\/pianoiturbi.dival.es\/wp-content\/uploads\/pianoiturbi-2025-logo-216x300.jpg 216w\" sizes=\"(max-width: 600px) 100vw, 600px\" \/>\t\t\t\t\t\t\t\t\t\t\t\t\t\t\t<\/div>\n\t\t\t\t<\/div>\n\t\t\t\t\t<\/div>\n\t\t<\/div>\n\t\t\t\t\t<\/div>\n\t\t<\/section>\n\t\t\t\t\t<\/div>\n\t\t<\/div>\n\t\t\t\t<div class=\"elementor-column elementor-col-50 elementor-top-column elementor-element elementor-element-5aaf8c64\" data-id=\"5aaf8c64\" data-element_type=\"column\">\n\t\t\t<div class=\"elementor-widget-wrap elementor-element-populated\">\n\t\t\t\t\t\t<div class=\"elementor-element elementor-element-1718f966 elementor-widget elementor-widget-spacer\" data-id=\"1718f966\" data-element_type=\"widget\" data-widget_type=\"spacer.default\">\n\t\t\t\t<div class=\"elementor-widget-container\">\n\t\t\t\t\t\t\t<div class=\"elementor-spacer\">\n\t\t\t<div class=\"elementor-spacer-inner\"><\/div>\n\t\t<\/div>\n\t\t\t\t\t\t<\/div>\n\t\t\t\t<\/div>\n\t\t\t\t<div class=\"elementor-element elementor-element-34a7e654 elementor-widget elementor-widget-template\" data-id=\"34a7e654\" data-element_type=\"widget\" data-widget_type=\"template.default\">\n\t\t\t\t<div class=\"elementor-widget-container\">\n\t\t\t\t\t\t\t<div class=\"elementor-template\">\n\t\t\t\t\t<div data-elementor-type=\"page\" data-elementor-id=\"7778\" class=\"elementor elementor-7778 elementor-7773\" data-elementor-post-type=\"elementor_library\">\n\t\t\t\t\t\t<section class=\"elementor-section elementor-top-section elementor-element elementor-element-3feef6de elementor-section-boxed elementor-section-height-default elementor-section-height-default\" data-id=\"3feef6de\" data-element_type=\"section\">\n\t\t\t\t\t\t<div class=\"elementor-container elementor-column-gap-no\">\n\t\t\t\t\t<div class=\"elementor-column elementor-col-100 elementor-top-column elementor-element elementor-element-5a8c3d81\" data-id=\"5a8c3d81\" data-element_type=\"column\">\n\t\t\t<div class=\"elementor-widget-wrap elementor-element-populated\">\n\t\t\t\t\t\t<div class=\"elementor-element elementor-element-2fe6fd7f elementor-widget elementor-widget-spacer\" data-id=\"2fe6fd7f\" data-element_type=\"widget\" data-widget_type=\"spacer.default\">\n\t\t\t\t<div class=\"elementor-widget-container\">\n\t\t\t\t\t\t\t<div class=\"elementor-spacer\">\n\t\t\t<div class=\"elementor-spacer-inner\"><\/div>\n\t\t<\/div>\n\t\t\t\t\t\t<\/div>\n\t\t\t\t<\/div>\n\t\t\t\t<div class=\"elementor-element elementor-element-3906087c elementor-widget elementor-widget-heading\" data-id=\"3906087c\" data-element_type=\"widget\" data-widget_type=\"heading.default\">\n\t\t\t\t<div class=\"elementor-widget-container\">\n\t\t\t\t\t<h3 class=\"elementor-heading-title elementor-size-default\">XXIII <br>Concurs <br>Internacional<br> de Piano <br>de Val\u00e8ncia <br>ITURBI<\/h3>\t\t\t\t<\/div>\n\t\t\t\t<\/div>\n\t\t\t\t<div class=\"elementor-element elementor-element-2b155942 elementor-widget elementor-widget-heading\" data-id=\"2b155942\" data-element_type=\"widget\" data-widget_type=\"heading.default\">\n\t\t\t\t<div class=\"elementor-widget-container\">\n\t\t\t\t\t<h5 class=\"elementor-heading-title elementor-size-default\">Del 4 al 14 de juny de 2025<\/h5>\t\t\t\t<\/div>\n\t\t\t\t<\/div>\n\t\t\t\t<div class=\"elementor-element elementor-element-6a912d3f elementor-widget-divider--view-line elementor-widget elementor-widget-divider\" data-id=\"6a912d3f\" data-element_type=\"widget\" data-widget_type=\"divider.default\">\n\t\t\t\t<div class=\"elementor-widget-container\">\n\t\t\t\t\t\t\t<div class=\"elementor-divider\">\n\t\t\t<span class=\"elementor-divider-separator\">\n\t\t\t\t\t\t<\/span>\n\t\t<\/div>\n\t\t\t\t\t\t<\/div>\n\t\t\t\t<\/div>\n\t\t\t\t\t<\/div>\n\t\t<\/div>\n\t\t\t\t\t<\/div>\n\t\t<\/section>\n\t\t\t\t<\/div>\n\t\t\t\t<\/div>\n\t\t\t\t\t\t<\/div>\n\t\t\t\t<\/div>\n\t\t\t\t<div class=\"elementor-element elementor-element-78e1c55a elementor-widget elementor-widget-image\" data-id=\"78e1c55a\" data-element_type=\"widget\" data-widget_type=\"image.default\">\n\t\t\t\t<div class=\"elementor-widget-container\">\n\t\t\t\t\t\t\t\t\t\t\t\t\t\t\t<img decoding=\"async\" width=\"900\" height=\"546\" src=\"https:\/\/pianoiturbi.dival.es\/wp-content\/uploads\/06-Fortunato-Salvador-Garcia-Piquer.jpg\" class=\"attachment-large size-large wp-image-9718\" alt=\"\" \/>\t\t\t\t\t\t\t\t\t\t\t\t\t\t\t<\/div>\n\t\t\t\t<\/div>\n\t\t\t\t<div class=\"elementor-element elementor-element-33a6050 elementor-widget elementor-widget-heading\" data-id=\"33a6050\" data-element_type=\"widget\" data-widget_type=\"heading.default\">\n\t\t\t\t<div class=\"elementor-widget-container\">\n\t\t\t\t\t<h3 class=\"elementor-heading-title elementor-size-default\">Fortunato Salvador Garc\u00eda Piquer<\/h3>\t\t\t\t<\/div>\n\t\t\t\t<\/div>\n\t\t\t\t<div class=\"elementor-element elementor-element-1f812710 elementor-widget elementor-widget-text-editor\" data-id=\"1f812710\" data-element_type=\"widget\" data-widget_type=\"text-editor.default\">\n\t\t\t\t<div class=\"elementor-widget-container\">\n\t\t\t\t\t\t\t\t\t<p>Fortunato Salvador Garc\u00eda Piquer va comen\u00e7ar la seua carrera musical al Centre d\u2019Ensenyances Art\u00edstiques Professionals de M\u00fasica d\u2019Onda, Espanya, on es va especialitzar en clarinet i piano. Es va graduar amb la m\u00e0xima distinci\u00f3 i va obtindre el premi a l\u2019Excel\u00b7l\u00e8ncia en Estudis de Piano en 2018.<\/p>\n\t\t\t\t\t\t\t\t<\/div>\n\t\t\t\t<\/div>\n\t\t\t\t<div class=\"elementor-element elementor-element-53a1fc67 elementor-widget elementor-widget-text-editor\" data-id=\"53a1fc67\" data-element_type=\"widget\" data-widget_type=\"text-editor.default\">\n\t\t\t\t<div class=\"elementor-widget-container\">\n\t\t\t\t\t\t\t\t\t<p>En 2022, va obtindre la llicenciatura al Conservatori Superior de M\u00fasica Salvador Segu\u00ed (Castell\u00f3) amb alta distinci\u00f3 i el premi a l\u2019Excel\u00b7l\u00e8ncia Acad\u00e8mica de la Conselleria d\u2019Educaci\u00f3 valenciana, estudiant amb Juan Carlos Cornelles. En 2024, es va graduar <em>cum laude<\/em> en un m\u00e0ster en Interpretaci\u00f3 de M\u00fasica Cl\u00e0ssica en l\u2019Acad\u00e8mia de M\u00fasica i Teatre d\u2019Est\u00f2nia amb Mihkel Poll i Ivari Ilja, i ara hi cursa un doctorat.<\/p>\n\t\t\t\t\t\t\t\t<\/div>\n\t\t\t\t<\/div>\n\t\t\t\t<div class=\"elementor-element elementor-element-d7125db elementor-widget elementor-widget-text-editor\" data-id=\"d7125db\" data-element_type=\"widget\" data-widget_type=\"text-editor.default\">\n\t\t\t\t<div class=\"elementor-widget-container\">\n\t\t\t\t\t\t\t\t\t<p>Ha assistit a classes magistrals amb Angela Hewitt, Dina Yoffe o Till Fellner, entre altres. Va ser semifinalista en el IX Concurs M. K. \u010ciurlionis (2023), finalista en el Concurs Gabriel Teruel (2022), segon premi en el Concurs Laine Mets (2021), primer premi en Heljo Sepp (2022) amb una beca, premi absolut en el Concurs de Piano Yamaha (2024) i primer premi en el Concurs de Solistes EAMT (2023) i X Eesti Pianistide Konkurss (2024).<\/p>\n\t\t\t\t\t\t\t\t<\/div>\n\t\t\t\t<\/div>\n\t\t\t\t<div class=\"elementor-element elementor-element-a3edfaf elementor-align-center elementor-widget elementor-widget-button\" data-id=\"a3edfaf\" data-element_type=\"widget\" data-widget_type=\"button.default\">\n\t\t\t\t<div class=\"elementor-widget-container\">\n\t\t\t\t\t\t\t\t\t<div class=\"elementor-button-wrapper\">\n\t\t\t\t\t<a class=\"elementor-button elementor-button-link elementor-size-sm\" href=\"https:\/\/pianoiturbi.dival.es\/ca\/concurs-2025\/participants\/\">\n\t\t\t\t\t\t<span class=\"elementor-button-content-wrapper\">\n\t\t\t\t\t\t\t\t\t<span class=\"elementor-button-text\">TORNAR<\/span>\n\t\t\t\t\t<\/span>\n\t\t\t\t\t<\/a>\n\t\t\t\t<\/div>\n\t\t\t\t\t\t\t\t<\/div>\n\t\t\t\t<\/div>\n\t\t\t\t\t<\/div>\n\t\t<\/div>\n\t\t\t\t\t<\/div>\n\t\t<\/section>\n\t\t\t\t<\/div>\n\t\t","protected":false},"excerpt":{"rendered":"<p>Fortunato Salvador Garc\u00eda Piquer Fortunato Salvador Garc\u00eda Piquer va comen\u00e7ar la seua carrera musical al Centre d\u2019Ensenyances Art\u00edstiques Professionals de M\u00fasica d\u2019Onda, Espanya, on es va especialitzar en clarinet i [&hellip;]<\/p>\n","protected":false},"author":2,"featured_media":0,"parent":9694,"menu_order":0,"comment_status":"closed","ping_status":"closed","template":"","meta":{"_tec_requires_first_save":true,"site-sidebar-layout":"no-sidebar","site-content-layout":"page-builder","ast-site-content-layout":"full-width-container","site-content-style":"default","site-sidebar-style":"default","ast-global-header-display":"","ast-banner-title-visibility":"","ast-main-header-display":"","ast-hfb-above-header-display":"","ast-hfb-below-header-display":"","ast-hfb-mobile-header-display":"","site-post-title":"disabled","ast-breadcrumbs-content":"","ast-featured-img":"disabled","footer-sml-layout":"","theme-transparent-header-meta":"","adv-header-id-meta":"","stick-header-meta":"","header-above-stick-meta":"","header-main-stick-meta":"","header-below-stick-meta":"","astra-migrate-meta-layouts":"default","ast-page-background-enabled":"default","ast-page-background-meta":{"desktop":{"background-color":"","background-image":"","background-repeat":"repeat","background-position":"center center","background-size":"auto","background-attachment":"scroll","background-type":"","background-media":"","overlay-type":"","overlay-color":"","overlay-opacity":"","overlay-gradient":""},"tablet":{"background-color":"","background-image":"","background-repeat":"repeat","background-position":"center center","background-size":"auto","background-attachment":"scroll","background-type":"","background-media":"","overlay-type":"","overlay-color":"","overlay-opacity":"","overlay-gradient":""},"mobile":{"background-color":"","background-image":"","background-repeat":"repeat","background-position":"center center","background-size":"auto","background-attachment":"scroll","background-type":"","background-media":"","overlay-type":"","overlay-color":"","overlay-opacity":"","overlay-gradient":""}},"ast-content-background-meta":{"desktop":{"background-color":"var(--ast-global-color-5)","background-image":"","background-repeat":"repeat","background-position":"center center","background-size":"auto","background-attachment":"scroll","background-type":"","background-media":"","overlay-type":"","overlay-color":"","overlay-opacity":"","overlay-gradient":""},"tablet":{"background-color":"var(--ast-global-color-5)","background-image":"","background-repeat":"repeat","background-position":"center center","background-size":"auto","background-attachment":"scroll","background-type":"","background-media":"","overlay-type":"","overlay-color":"","overlay-opacity":"","overlay-gradient":""},"mobile":{"background-color":"var(--ast-global-color-5)","background-image":"","background-repeat":"repeat","background-position":"center center","background-size":"auto","background-attachment":"scroll","background-type":"","background-media":"","overlay-type":"","overlay-color":"","overlay-opacity":"","overlay-gradient":""}},"_EventAllDay":false,"_EventTimezone":"","_EventStartDate":"","_EventEndDate":"","_EventStartDateUTC":"","_EventEndDateUTC":"","_EventShowMap":false,"_EventShowMapLink":false,"_EventURL":"","_EventCost":"","_EventCostDescription":"","_EventCurrencySymbol":"","_EventCurrencyCode":"","_EventCurrencyPosition":"","_EventDateTimeSeparator":"","_EventTimeRangeSeparator":"","_EventOrganizerID":[],"_EventVenueID":[],"_OrganizerEmail":"","_OrganizerPhone":"","_OrganizerWebsite":"","_VenueAddress":"","_VenueCity":"","_VenueCountry":"","_VenueProvince":"","_VenueState":"","_VenueZip":"","_VenuePhone":"","_VenueURL":"","_VenueStateProvince":"","_VenueLat":"","_VenueLng":"","_VenueShowMap":false,"_VenueShowMapLink":false,"_tribe_blocks_recurrence_rules":"","_tribe_blocks_recurrence_description":"","_tribe_blocks_recurrence_exclusions":"","footnotes":""},"class_list":["post-9925","page","type-page","status-publish","hentry"],"yoast_head":"<!-- This site is optimized with the Yoast SEO plugin v25.3 - https:\/\/yoast.com\/wordpress\/plugins\/seo\/ -->\n<title>Fortunato Salvador Garc\u00eda Piquer - Piano Iturbi<\/title>\n<meta name=\"description\" content=\"El Concurs Internacional de Piano de Val\u00e8ncia Iturbi, plataforma per a joves pianistes de tot el m\u00f3n, \u00e9s un referent de l&#039;escena musical internacional, en combinaci\u00f3 amb el Festival de Piano Iturbi i el programa de recitals\" \/>\n<meta name=\"robots\" content=\"index, follow, max-snippet:-1, max-image-preview:large, max-video-preview:-1\" \/>\n<link rel=\"canonical\" href=\"https:\/\/pianoiturbi.dival.es\/concurso-2025\/participantes\/fortunato-salvador-garcia-piquer\/\" \/>\n<meta property=\"og:locale\" content=\"ca_ES\" \/>\n<meta property=\"og:type\" content=\"article\" \/>\n<meta property=\"og:title\" content=\"Fortunato Salvador Garc\u00eda Piquer - Piano Iturbi\" \/>\n<meta property=\"og:description\" content=\"El Concurs Internacional de Piano de Val\u00e8ncia Iturbi, plataforma per a joves pianistes de tot el m\u00f3n, \u00e9s un referent de l&#039;escena musical internacional, en combinaci\u00f3 amb el Festival de Piano Iturbi i el programa de recitals\" \/>\n<meta property=\"og:url\" content=\"https:\/\/pianoiturbi.dival.es\/concurso-2025\/participantes\/fortunato-salvador-garcia-piquer\/\" \/>\n<meta property=\"og:site_name\" content=\"Piano Iturbi\" \/>\n<meta property=\"article:modified_time\" content=\"2025-06-03T12:35:39+00:00\" \/>\n<meta property=\"og:image\" content=\"https:\/\/pianoiturbi.dival.es\/wp-content\/uploads\/pianoiturbi-2025-logo.jpg\" \/>\n\t<meta property=\"og:image:width\" content=\"600\" \/>\n\t<meta property=\"og:image:height\" content=\"833\" \/>\n\t<meta property=\"og:image:type\" content=\"image\/jpeg\" \/>\n<meta name=\"twitter:card\" content=\"summary_large_image\" \/>\n<meta name=\"twitter:label1\" content=\"Temps estimat de lectura\" \/>\n\t<meta name=\"twitter:data1\" content=\"1 minut\" \/>\n<script type=\"application\/ld+json\" class=\"yoast-schema-graph\">{\"@context\":\"https:\/\/schema.org\",\"@graph\":[{\"@type\":\"WebPage\",\"@id\":\"https:\/\/pianoiturbi.dival.es\/concurso-2025\/participantes\/fortunato-salvador-garcia-piquer\/\",\"url\":\"https:\/\/pianoiturbi.dival.es\/concurso-2025\/participantes\/fortunato-salvador-garcia-piquer\/\",\"name\":\"Fortunato Salvador Garc\u00eda Piquer - Piano Iturbi\",\"isPartOf\":{\"@id\":\"https:\/\/pianoiturbi.dival.es\/#website\"},\"primaryImageOfPage\":{\"@id\":\"https:\/\/pianoiturbi.dival.es\/concurso-2025\/participantes\/fortunato-salvador-garcia-piquer\/#primaryimage\"},\"image\":{\"@id\":\"https:\/\/pianoiturbi.dival.es\/concurso-2025\/participantes\/fortunato-salvador-garcia-piquer\/#primaryimage\"},\"thumbnailUrl\":\"https:\/\/pianoiturbi.dival.es\/wp-content\/uploads\/pianoiturbi-2025-logo.jpg\",\"datePublished\":\"2025-06-03T12:35:38+00:00\",\"dateModified\":\"2025-06-03T12:35:39+00:00\",\"description\":\"El Concurs Internacional de Piano de Val\u00e8ncia Iturbi, plataforma per a joves pianistes de tot el m\u00f3n, \u00e9s un referent de l'escena musical internacional, en combinaci\u00f3 amb el Festival de Piano Iturbi i el programa de recitals\",\"breadcrumb\":{\"@id\":\"https:\/\/pianoiturbi.dival.es\/concurso-2025\/participantes\/fortunato-salvador-garcia-piquer\/#breadcrumb\"},\"inLanguage\":\"ca\",\"potentialAction\":[{\"@type\":\"ReadAction\",\"target\":[\"https:\/\/pianoiturbi.dival.es\/concurso-2025\/participantes\/fortunato-salvador-garcia-piquer\/\"]}]},{\"@type\":\"ImageObject\",\"inLanguage\":\"ca\",\"@id\":\"https:\/\/pianoiturbi.dival.es\/concurso-2025\/participantes\/fortunato-salvador-garcia-piquer\/#primaryimage\",\"url\":\"https:\/\/pianoiturbi.dival.es\/wp-content\/uploads\/pianoiturbi-2025-logo.jpg\",\"contentUrl\":\"https:\/\/pianoiturbi.dival.es\/wp-content\/uploads\/pianoiturbi-2025-logo.jpg\"},{\"@type\":\"BreadcrumbList\",\"@id\":\"https:\/\/pianoiturbi.dival.es\/concurso-2025\/participantes\/fortunato-salvador-garcia-piquer\/#breadcrumb\",\"itemListElement\":[{\"@type\":\"ListItem\",\"position\":1,\"name\":\"Portada\",\"item\":\"https:\/\/pianoiturbi.dival.es\/ca\/\"},{\"@type\":\"ListItem\",\"position\":2,\"name\":\"Concurs 2025\",\"item\":\"https:\/\/pianoiturbi.dival.es\/ca\/concurs-2025\/\"},{\"@type\":\"ListItem\",\"position\":3,\"name\":\"Participants\",\"item\":\"https:\/\/pianoiturbi.dival.es\/concurso-2025\/participantes\/\"},{\"@type\":\"ListItem\",\"position\":4,\"name\":\"Fortunato Salvador Garc\u00eda Piquer\"}]},{\"@type\":\"WebSite\",\"@id\":\"https:\/\/pianoiturbi.dival.es\/#website\",\"url\":\"https:\/\/pianoiturbi.dival.es\/\",\"name\":\"Piano Iturbi\",\"description\":\"El Concurs Internacional de Piano de Val\u00e8ncia Iturbi, plataforma per a joves pianistes de tot el m\u00f3n, \u00e9s un referent de l'escena musical internacional, en combinaci\u00f3 amb el Festival de Piano Iturbi i el programa de recitals\",\"potentialAction\":[{\"@type\":\"SearchAction\",\"target\":{\"@type\":\"EntryPoint\",\"urlTemplate\":\"https:\/\/pianoiturbi.dival.es\/?s={search_term_string}\"},\"query-input\":{\"@type\":\"PropertyValueSpecification\",\"valueRequired\":true,\"valueName\":\"search_term_string\"}}],\"inLanguage\":\"ca\"}]}<\/script>\n<!-- \/ Yoast SEO plugin. -->","yoast_head_json":{"title":"Fortunato Salvador Garc\u00eda Piquer - Piano Iturbi","description":"El Concurs Internacional de Piano de Val\u00e8ncia Iturbi, plataforma per a joves pianistes de tot el m\u00f3n, \u00e9s un referent de l'escena musical internacional, en combinaci\u00f3 amb el Festival de Piano Iturbi i el programa de recitals","robots":{"index":"index","follow":"follow","max-snippet":"max-snippet:-1","max-image-preview":"max-image-preview:large","max-video-preview":"max-video-preview:-1"},"canonical":"https:\/\/pianoiturbi.dival.es\/concurso-2025\/participantes\/fortunato-salvador-garcia-piquer\/","og_locale":"ca_ES","og_type":"article","og_title":"Fortunato Salvador Garc\u00eda Piquer - Piano Iturbi","og_description":"El Concurs Internacional de Piano de Val\u00e8ncia Iturbi, plataforma per a joves pianistes de tot el m\u00f3n, \u00e9s un referent de l'escena musical internacional, en combinaci\u00f3 amb el Festival de Piano Iturbi i el programa de recitals","og_url":"https:\/\/pianoiturbi.dival.es\/concurso-2025\/participantes\/fortunato-salvador-garcia-piquer\/","og_site_name":"Piano Iturbi","article_modified_time":"2025-06-03T12:35:39+00:00","og_image":[{"width":600,"height":833,"url":"https:\/\/pianoiturbi.dival.es\/wp-content\/uploads\/pianoiturbi-2025-logo.jpg","type":"image\/jpeg"}],"twitter_card":"summary_large_image","twitter_misc":{"Temps estimat de lectura":"1 minut"},"schema":{"@context":"https:\/\/schema.org","@graph":[{"@type":"WebPage","@id":"https:\/\/pianoiturbi.dival.es\/concurso-2025\/participantes\/fortunato-salvador-garcia-piquer\/","url":"https:\/\/pianoiturbi.dival.es\/concurso-2025\/participantes\/fortunato-salvador-garcia-piquer\/","name":"Fortunato Salvador Garc\u00eda Piquer - Piano Iturbi","isPartOf":{"@id":"https:\/\/pianoiturbi.dival.es\/#website"},"primaryImageOfPage":{"@id":"https:\/\/pianoiturbi.dival.es\/concurso-2025\/participantes\/fortunato-salvador-garcia-piquer\/#primaryimage"},"image":{"@id":"https:\/\/pianoiturbi.dival.es\/concurso-2025\/participantes\/fortunato-salvador-garcia-piquer\/#primaryimage"},"thumbnailUrl":"https:\/\/pianoiturbi.dival.es\/wp-content\/uploads\/pianoiturbi-2025-logo.jpg","datePublished":"2025-06-03T12:35:38+00:00","dateModified":"2025-06-03T12:35:39+00:00","description":"El Concurs Internacional de Piano de Val\u00e8ncia Iturbi, plataforma per a joves pianistes de tot el m\u00f3n, \u00e9s un referent de l'escena musical internacional, en combinaci\u00f3 amb el Festival de Piano Iturbi i el programa de recitals","breadcrumb":{"@id":"https:\/\/pianoiturbi.dival.es\/concurso-2025\/participantes\/fortunato-salvador-garcia-piquer\/#breadcrumb"},"inLanguage":"ca","potentialAction":[{"@type":"ReadAction","target":["https:\/\/pianoiturbi.dival.es\/concurso-2025\/participantes\/fortunato-salvador-garcia-piquer\/"]}]},{"@type":"ImageObject","inLanguage":"ca","@id":"https:\/\/pianoiturbi.dival.es\/concurso-2025\/participantes\/fortunato-salvador-garcia-piquer\/#primaryimage","url":"https:\/\/pianoiturbi.dival.es\/wp-content\/uploads\/pianoiturbi-2025-logo.jpg","contentUrl":"https:\/\/pianoiturbi.dival.es\/wp-content\/uploads\/pianoiturbi-2025-logo.jpg"},{"@type":"BreadcrumbList","@id":"https:\/\/pianoiturbi.dival.es\/concurso-2025\/participantes\/fortunato-salvador-garcia-piquer\/#breadcrumb","itemListElement":[{"@type":"ListItem","position":1,"name":"Portada","item":"https:\/\/pianoiturbi.dival.es\/ca\/"},{"@type":"ListItem","position":2,"name":"Concurs 2025","item":"https:\/\/pianoiturbi.dival.es\/ca\/concurs-2025\/"},{"@type":"ListItem","position":3,"name":"Participants","item":"https:\/\/pianoiturbi.dival.es\/concurso-2025\/participantes\/"},{"@type":"ListItem","position":4,"name":"Fortunato Salvador Garc\u00eda Piquer"}]},{"@type":"WebSite","@id":"https:\/\/pianoiturbi.dival.es\/#website","url":"https:\/\/pianoiturbi.dival.es\/","name":"Piano Iturbi","description":"El Concurs Internacional de Piano de Val\u00e8ncia Iturbi, plataforma per a joves pianistes de tot el m\u00f3n, \u00e9s un referent de l'escena musical internacional, en combinaci\u00f3 amb el Festival de Piano Iturbi i el programa de recitals","potentialAction":[{"@type":"SearchAction","target":{"@type":"EntryPoint","urlTemplate":"https:\/\/pianoiturbi.dival.es\/?s={search_term_string}"},"query-input":{"@type":"PropertyValueSpecification","valueRequired":true,"valueName":"search_term_string"}}],"inLanguage":"ca"}]}},"_links":{"self":[{"href":"https:\/\/pianoiturbi.dival.es\/ca\/wp-json\/wp\/v2\/pages\/9925","targetHints":{"allow":["GET"]}}],"collection":[{"href":"https:\/\/pianoiturbi.dival.es\/ca\/wp-json\/wp\/v2\/pages"}],"about":[{"href":"https:\/\/pianoiturbi.dival.es\/ca\/wp-json\/wp\/v2\/types\/page"}],"author":[{"embeddable":true,"href":"https:\/\/pianoiturbi.dival.es\/ca\/wp-json\/wp\/v2\/users\/2"}],"replies":[{"embeddable":true,"href":"https:\/\/pianoiturbi.dival.es\/ca\/wp-json\/wp\/v2\/comments?post=9925"}],"version-history":[{"count":1,"href":"https:\/\/pianoiturbi.dival.es\/ca\/wp-json\/wp\/v2\/pages\/9925\/revisions"}],"predecessor-version":[{"id":9926,"href":"https:\/\/pianoiturbi.dival.es\/ca\/wp-json\/wp\/v2\/pages\/9925\/revisions\/9926"}],"up":[{"embeddable":true,"href":"https:\/\/pianoiturbi.dival.es\/ca\/wp-json\/wp\/v2\/pages\/9694"}],"wp:attachment":[{"href":"https:\/\/pianoiturbi.dival.es\/ca\/wp-json\/wp\/v2\/media?parent=9925"}],"curies":[{"name":"wp","href":"https:\/\/api.w.org\/{rel}","templated":true}]}}