{"id":1341,"date":"2020-06-16T19:17:02","date_gmt":"2020-06-16T17:17:02","guid":{"rendered":"https:\/\/pianoiturbi-pre.dival.es\/repertoire\/"},"modified":"2020-07-09T08:01:16","modified_gmt":"2020-07-09T06:01:16","slug":"repertoire","status":"publish","type":"page","link":"https:\/\/pianoiturbi.dival.es\/en\/repertoire\/","title":{"rendered":"Repertoire"},"content":{"rendered":"\t\t<div data-elementor-type=\"wp-page\" data-elementor-id=\"1341\" class=\"elementor elementor-1341 elementor-1271\" data-elementor-post-type=\"page\">\n\t\t\t\t\t\t<section class=\"elementor-section elementor-top-section elementor-element elementor-element-46cdc43a elementor-hidden-desktop elementor-hidden-tablet elementor-section-boxed elementor-section-height-default elementor-section-height-default\" data-id=\"46cdc43a\" data-element_type=\"section\">\n\t\t\t\t\t\t<div class=\"elementor-container elementor-column-gap-no\">\n\t\t\t\t\t<div class=\"elementor-column elementor-col-100 elementor-top-column elementor-element elementor-element-3f0dfc94\" data-id=\"3f0dfc94\" data-element_type=\"column\">\n\t\t\t<div class=\"elementor-widget-wrap elementor-element-populated\">\n\t\t\t\t\t\t<div class=\"elementor-element elementor-element-7432ca6d elementor-widget elementor-widget-image\" data-id=\"7432ca6d\" data-element_type=\"widget\" data-widget_type=\"image.default\">\n\t\t\t\t<div class=\"elementor-widget-container\">\n\t\t\t\t\t\t\t\t\t\t\t\t\t\t\t<img fetchpriority=\"high\" decoding=\"async\" width=\"737\" height=\"1024\" src=\"https:\/\/pianoiturbi.dival.es\/wp-content\/uploads\/Caratulas-WEB-01-1-737x1024.jpg\" class=\"attachment-large size-large wp-image-869\" alt=\"\" srcset=\"https:\/\/pianoiturbi.dival.es\/wp-content\/uploads\/Caratulas-WEB-01-1-737x1024.jpg 737w, https:\/\/pianoiturbi.dival.es\/wp-content\/uploads\/Caratulas-WEB-01-1-216x300.jpg 216w, https:\/\/pianoiturbi.dival.es\/wp-content\/uploads\/Caratulas-WEB-01-1-768x1067.jpg 768w, https:\/\/pianoiturbi.dival.es\/wp-content\/uploads\/Caratulas-WEB-01-1-1106x1536.jpg 1106w, https:\/\/pianoiturbi.dival.es\/wp-content\/uploads\/Caratulas-WEB-01-1.jpg 1276w\" sizes=\"(max-width: 737px) 100vw, 737px\" \/>\t\t\t\t\t\t\t\t\t\t\t\t\t\t\t<\/div>\n\t\t\t\t<\/div>\n\t\t\t\t\t<\/div>\n\t\t<\/div>\n\t\t\t\t\t<\/div>\n\t\t<\/section>\n\t\t\t\t<section class=\"elementor-section elementor-top-section elementor-element elementor-element-faa8862 elementor-section-boxed elementor-section-height-default elementor-section-height-default\" data-id=\"faa8862\" data-element_type=\"section\">\n\t\t\t\t\t\t<div class=\"elementor-container elementor-column-gap-no\">\n\t\t\t\t\t<div class=\"elementor-column elementor-col-50 elementor-top-column elementor-element elementor-element-143a9c9f elementor-hidden-phone\" data-id=\"143a9c9f\" data-element_type=\"column\" data-settings=\"{&quot;background_background&quot;:&quot;classic&quot;}\">\n\t\t\t<div class=\"elementor-widget-wrap elementor-element-populated\">\n\t\t\t\t\t\t<section class=\"elementor-section elementor-inner-section elementor-element elementor-element-4c57de8b elementor-section-height-min-height elementor-section-boxed elementor-section-height-default\" data-id=\"4c57de8b\" data-element_type=\"section\" data-settings=\"{&quot;sticky&quot;:&quot;top&quot;,&quot;sticky_on&quot;:[&quot;desktop&quot;,&quot;tablet&quot;,&quot;mobile&quot;],&quot;sticky_offset&quot;:0,&quot;sticky_effects_offset&quot;:0,&quot;sticky_anchor_link_offset&quot;:0}\">\n\t\t\t\t\t\t<div class=\"elementor-container elementor-column-gap-no\">\n\t\t\t\t\t<div class=\"elementor-column elementor-col-100 elementor-inner-column elementor-element elementor-element-69b6ce9a elementor-hidden-phone\" data-id=\"69b6ce9a\" data-element_type=\"column\">\n\t\t\t<div class=\"elementor-widget-wrap elementor-element-populated\">\n\t\t\t\t\t\t<div class=\"elementor-element elementor-element-b5961bb elementor-widget elementor-widget-image\" data-id=\"b5961bb\" data-element_type=\"widget\" data-widget_type=\"image.default\">\n\t\t\t\t<div class=\"elementor-widget-container\">\n\t\t\t\t\t\t\t\t\t\t\t\t\t\t\t<img fetchpriority=\"high\" decoding=\"async\" width=\"737\" height=\"1024\" src=\"https:\/\/pianoiturbi.dival.es\/wp-content\/uploads\/Caratulas-WEB-01-1-737x1024.jpg\" class=\"attachment-large size-large wp-image-869\" alt=\"\" srcset=\"https:\/\/pianoiturbi.dival.es\/wp-content\/uploads\/Caratulas-WEB-01-1-737x1024.jpg 737w, https:\/\/pianoiturbi.dival.es\/wp-content\/uploads\/Caratulas-WEB-01-1-216x300.jpg 216w, https:\/\/pianoiturbi.dival.es\/wp-content\/uploads\/Caratulas-WEB-01-1-768x1067.jpg 768w, https:\/\/pianoiturbi.dival.es\/wp-content\/uploads\/Caratulas-WEB-01-1-1106x1536.jpg 1106w, https:\/\/pianoiturbi.dival.es\/wp-content\/uploads\/Caratulas-WEB-01-1.jpg 1276w\" sizes=\"(max-width: 737px) 100vw, 737px\" \/>\t\t\t\t\t\t\t\t\t\t\t\t\t\t\t<\/div>\n\t\t\t\t<\/div>\n\t\t\t\t\t<\/div>\n\t\t<\/div>\n\t\t\t\t\t<\/div>\n\t\t<\/section>\n\t\t\t\t\t<\/div>\n\t\t<\/div>\n\t\t\t\t<div class=\"elementor-column elementor-col-50 elementor-top-column elementor-element elementor-element-3013ea77\" data-id=\"3013ea77\" data-element_type=\"column\">\n\t\t\t<div class=\"elementor-widget-wrap elementor-element-populated\">\n\t\t\t\t\t\t<div class=\"elementor-element elementor-element-75c9c08 elementor-widget elementor-widget-spacer\" data-id=\"75c9c08\" data-element_type=\"widget\" data-widget_type=\"spacer.default\">\n\t\t\t\t<div class=\"elementor-widget-container\">\n\t\t\t\t\t\t\t<div class=\"elementor-spacer\">\n\t\t\t<div class=\"elementor-spacer-inner\"><\/div>\n\t\t<\/div>\n\t\t\t\t\t\t<\/div>\n\t\t\t\t<\/div>\n\t\t\t\t<div class=\"elementor-element elementor-element-708a3ad elementor-widget elementor-widget-template\" data-id=\"708a3ad\" data-element_type=\"widget\" data-widget_type=\"template.default\">\n\t\t\t\t<div class=\"elementor-widget-container\">\n\t\t\t\t\t\t\t<div class=\"elementor-template\">\n\t\t\t\t\t<div data-elementor-type=\"page\" data-elementor-id=\"1584\" class=\"elementor elementor-1584 elementor-1567\" data-elementor-post-type=\"elementor_library\">\n\t\t\t\t\t\t<section class=\"elementor-section elementor-top-section elementor-element elementor-element-14b0a63f elementor-section-boxed elementor-section-height-default elementor-section-height-default\" data-id=\"14b0a63f\" data-element_type=\"section\">\n\t\t\t\t\t\t<div class=\"elementor-container elementor-column-gap-no\">\n\t\t\t\t\t<div class=\"elementor-column elementor-col-100 elementor-top-column elementor-element elementor-element-6e27175e\" data-id=\"6e27175e\" data-element_type=\"column\">\n\t\t\t<div class=\"elementor-widget-wrap elementor-element-populated\">\n\t\t\t\t\t\t<div class=\"elementor-element elementor-element-9249be8 elementor-widget elementor-widget-spacer\" data-id=\"9249be8\" data-element_type=\"widget\" data-widget_type=\"spacer.default\">\n\t\t\t\t<div class=\"elementor-widget-container\">\n\t\t\t\t\t\t\t<div class=\"elementor-spacer\">\n\t\t\t<div class=\"elementor-spacer-inner\"><\/div>\n\t\t<\/div>\n\t\t\t\t\t\t<\/div>\n\t\t\t\t<\/div>\n\t\t\t\t<div class=\"elementor-element elementor-element-2cb3852a elementor-widget elementor-widget-heading\" data-id=\"2cb3852a\" data-element_type=\"widget\" data-widget_type=\"heading.default\">\n\t\t\t\t<div class=\"elementor-widget-container\">\n\t\t\t\t\t<h3 class=\"elementor-heading-title elementor-size-default\">21st <br>ITURBI <br>INTERNATIONAL <br>PIANO <br>COMPETITION <br>VAL\u00c8NCIA <br><\/h3>\t\t\t\t<\/div>\n\t\t\t\t<\/div>\n\t\t\t\t<div class=\"elementor-element elementor-element-371f59c elementor-widget elementor-widget-heading\" data-id=\"371f59c\" data-element_type=\"widget\" data-widget_type=\"heading.default\">\n\t\t\t\t<div class=\"elementor-widget-container\">\n\t\t\t\t\t<h5 class=\"elementor-heading-title elementor-size-default\">June 23 to July 2, 2021<\/h5>\t\t\t\t<\/div>\n\t\t\t\t<\/div>\n\t\t\t\t<div class=\"elementor-element elementor-element-77bfd9e7 elementor-widget-divider--view-line elementor-widget elementor-widget-divider\" data-id=\"77bfd9e7\" data-element_type=\"widget\" data-widget_type=\"divider.default\">\n\t\t\t\t<div class=\"elementor-widget-container\">\n\t\t\t\t\t\t\t<div class=\"elementor-divider\">\n\t\t\t<span class=\"elementor-divider-separator\">\n\t\t\t\t\t\t<\/span>\n\t\t<\/div>\n\t\t\t\t\t\t<\/div>\n\t\t\t\t<\/div>\n\t\t\t\t\t<\/div>\n\t\t<\/div>\n\t\t\t\t\t<\/div>\n\t\t<\/section>\n\t\t\t\t<\/div>\n\t\t\t\t<\/div>\n\t\t\t\t\t\t<\/div>\n\t\t\t\t<\/div>\n\t\t\t\t<div class=\"elementor-element elementor-element-2fc36331 elementor-widget elementor-widget-heading\" data-id=\"2fc36331\" data-element_type=\"widget\" data-widget_type=\"heading.default\">\n\t\t\t\t<div class=\"elementor-widget-container\">\n\t\t\t\t\t<h3 class=\"elementor-heading-title elementor-size-default\">Repertoire<\/h3>\t\t\t\t<\/div>\n\t\t\t\t<\/div>\n\t\t\t\t<div class=\"elementor-element elementor-element-1c5eddb6 elementor-widget elementor-widget-text-editor\" data-id=\"1c5eddb6\" data-element_type=\"widget\" data-widget_type=\"text-editor.default\">\n\t\t\t\t<div class=\"elementor-widget-container\">\n\t\t\t\t\t\t\t\t\t<p><span style=\"color: #000000;\"><strong>PRESELECTION PHASE. RECORDING THE VIDEO<\/strong><\/span><\/p>\n<p>Duration: between 20 \u2013 30 minutes. Free program. Individual movements will be accepted.<\/p>\n<p>The repertoire performed in this recording could or could not be played in subsequent rounds of the Competition, according to each candidate&#8217;s criteria.<\/p>\n<p>&nbsp;<\/p>\n<p class=\"p1\"><span style=\"color: #000000;\"><b>COMPENSATION SELECTED CANDIDATES<\/b><\/span><\/p>\n<p class=\"p1\"><span class=\"s1\">400 Euros for each one of the listed candidates to participate in the Competition as a contribution to the travelling and living expenses.<\/span><\/p>\n<p class=\"p1\"><span class=\"s1\">100 Euros for each one of the selected candidates to participate in the semifinal as a contribution to the travelling and living expenses.<\/span><\/p>\n<p>&nbsp;<\/p>\n<p><span style=\"color: #000000;\"><strong>FIRST ROUND<\/strong><\/span><\/p>\n<p>30 minutes concert. Free program.<\/p>\n<p>&nbsp;<\/p>\n<p><span style=\"color: #000000;\"><strong>SECOND ROUND<\/strong><\/span><\/p>\n<p>A concert of 30 \u2013 45 minutes in which it will be mandatory to play a piece of contrapuntal characteristics: Preludes and Fugues from the Well-Tempered Clavier by Bach, Preludes and fugues by Shostakovich, Ludus Tonalis by Hindemith, Preludes and Fugues by Mendelssohn, Bach-Busoni, Bach-Liszt, etc.<\/p>\n<p>The programme for this concert will be completed freely with a maximum duration of 45 minutes and a minimum of 30 minutes.<\/p>\n<p>&nbsp;<\/p>\n<p><span style=\"color: #000000;\"><strong>SEMIFINAL<\/strong><\/span><\/p>\n<p>60 minutes concert. Free choice program in which the work commissioned to \u00d3scar Colomina for the Iturbi Competition 2021 must be included. This piece will be available for the participants from the 1<sup>st<\/sup> of February of 2021. The estimated length of the piece by \u00d3scar Colomina is between 5 to 10 minutes approximately.<\/p>\n<p>&nbsp;<\/p>\n<p><span style=\"color: #000000;\"><strong>FINAL I<\/strong><\/span><\/p>\n<p>Performing one out of five concerts for piano and orchestra by Ludwig van Beethoven.<\/p>\n<p>&nbsp;<\/p>\n<p><span style=\"color: #000000;\"><strong>GRAN FINAL<\/strong><\/span><\/p>\n<p>Performing a concert for piano and orchestra among the followings:<\/p>\n<ul>\n<li>Chopin: Concertos n\u00ba 1 and n\u00ba 2.<\/li>\n<li>Liszt: Concertos n\u00ba 1 and n\u00ba 2.<\/li>\n<li>Schumann: Concerto in A Minor.<\/li>\n<li>Brahms: Concertos n\u00ba 1 and n\u00ba 2.<\/li>\n<li>Tchaikovsky: Concerto n\u00ba 1 in B Flat Minor.<\/li>\n<li>Saint-Sa\u00ebns: Concertos n\u00ba 2 in G Minor and n\u00ba 5 in F Major.<\/li>\n<li>Prokofiev: Concertos n\u00ba 2 y n\u00ba 3.<\/li>\n<li>Ravel: Concerto in G\u00a0 Major and Concert for the Left Hand.<\/li>\n<li>Rachmaninov: Concertos no. 1, no. 2, no. 3 and Variations on a theme by Paganini.<\/li>\n<li>Britten: Concerto op. 13.<\/li>\n<li>Strauss: Burlesque<\/li>\n<li>Bartok: Concertos n\u00ba 2 and n\u00ba 3<\/li>\n<li>Joaqu\u00edn Rodrigo: Concierto Heroico.<\/li>\n<li>Manuel Palau: Concierto Dram\u00e1tico.<\/li>\n<\/ul>\n<p>During the different rounds, the pieces listed below must be included. Participants can freely decide which ones will be performed in each round (except for the Preselection).<\/p>\n<ul>\n<li>One sonata by Beethoven<\/li>\n<li>One sonata by Mozart<\/li>\n<li>Two short pieces by Chopin, of which one is an obligatory nocturn.<\/li>\n<li>One piece of the Goyescas by Enrique Granados, for the Suite Iberia by Isaac Alb\u00e9niz, or the Fantas\u00eda B\u00e9tica by Manuel de Falla.<\/li>\n<\/ul>\n<p>Participants cannot repeat pieces during the Competition.<\/p>\n<p>All the pieces will be performed by heart, except for the piece by \u00d3scar Colomina, which can be played with or without sheet music.<\/p>\n<p>&nbsp;<\/p>\n\t\t\t\t\t\t\t\t<\/div>\n\t\t\t\t<\/div>\n\t\t\t\t\t<\/div>\n\t\t<\/div>\n\t\t\t\t\t<\/div>\n\t\t<\/section>\n\t\t\t\t<\/div>\n\t\t","protected":false},"excerpt":{"rendered":"<p>Repertoire PRESELECTION PHASE. RECORDING THE VIDEO Duration: between 20 \u2013 30 minutes. Free program. Individual movements will be accepted. The repertoire performed in this recording could or could not be [&hellip;]<\/p>\n","protected":false},"author":2,"featured_media":0,"parent":0,"menu_order":0,"comment_status":"closed","ping_status":"closed","template":"","meta":{"_tec_requires_first_save":true,"site-sidebar-layout":"default","site-content-layout":"default","ast-site-content-layout":"","site-content-style":"default","site-sidebar-style":"default","ast-global-header-display":"","ast-banner-title-visibility":"","ast-main-header-display":"","ast-hfb-above-header-display":"","ast-hfb-below-header-display":"","ast-hfb-mobile-header-display":"","site-post-title":"disabled","ast-breadcrumbs-content":"","ast-featured-img":"disabled","footer-sml-layout":"","theme-transparent-header-meta":"default","adv-header-id-meta":"","stick-header-meta":"","header-above-stick-meta":"","header-main-stick-meta":"","header-below-stick-meta":"","astra-migrate-meta-layouts":"default","ast-page-background-enabled":"default","ast-page-background-meta":{"desktop":{"background-color":"","background-image":"","background-repeat":"repeat","background-position":"center center","background-size":"auto","background-attachment":"scroll","background-type":"","background-media":"","overlay-type":"","overlay-color":"","overlay-opacity":"","overlay-gradient":""},"tablet":{"background-color":"","background-image":"","background-repeat":"repeat","background-position":"center center","background-size":"auto","background-attachment":"scroll","background-type":"","background-media":"","overlay-type":"","overlay-color":"","overlay-opacity":"","overlay-gradient":""},"mobile":{"background-color":"","background-image":"","background-repeat":"repeat","background-position":"center center","background-size":"auto","background-attachment":"scroll","background-type":"","background-media":"","overlay-type":"","overlay-color":"","overlay-opacity":"","overlay-gradient":""}},"ast-content-background-meta":{"desktop":{"background-color":"var(--ast-global-color-5)","background-image":"","background-repeat":"repeat","background-position":"center center","background-size":"auto","background-attachment":"scroll","background-type":"","background-media":"","overlay-type":"","overlay-color":"","overlay-opacity":"","overlay-gradient":""},"tablet":{"background-color":"var(--ast-global-color-5)","background-image":"","background-repeat":"repeat","background-position":"center center","background-size":"auto","background-attachment":"scroll","background-type":"","background-media":"","overlay-type":"","overlay-color":"","overlay-opacity":"","overlay-gradient":""},"mobile":{"background-color":"var(--ast-global-color-5)","background-image":"","background-repeat":"repeat","background-position":"center center","background-size":"auto","background-attachment":"scroll","background-type":"","background-media":"","overlay-type":"","overlay-color":"","overlay-opacity":"","overlay-gradient":""}},"_EventAllDay":false,"_EventTimezone":"","_EventStartDate":"","_EventEndDate":"","_EventStartDateUTC":"","_EventEndDateUTC":"","_EventShowMap":false,"_EventShowMapLink":false,"_EventURL":"","_EventCost":"","_EventCostDescription":"","_EventCurrencySymbol":"","_EventCurrencyCode":"","_EventCurrencyPosition":"","_EventDateTimeSeparator":"","_EventTimeRangeSeparator":"","_EventOrganizerID":[],"_EventVenueID":[],"_OrganizerEmail":"","_OrganizerPhone":"","_OrganizerWebsite":"","_VenueAddress":"","_VenueCity":"","_VenueCountry":"","_VenueProvince":"","_VenueState":"","_VenueZip":"","_VenuePhone":"","_VenueURL":"","_VenueStateProvince":"","_VenueLat":"","_VenueLng":"","_VenueShowMap":false,"_VenueShowMapLink":false,"_tribe_blocks_recurrence_rules":"","_tribe_blocks_recurrence_description":"","_tribe_blocks_recurrence_exclusions":"","footnotes":""},"class_list":["post-1341","page","type-page","status-publish","hentry"],"yoast_head":"<!-- This site is optimized with the Yoast SEO plugin v25.3 - https:\/\/yoast.com\/wordpress\/plugins\/seo\/ -->\n<title>Repertoire - Piano Iturbi<\/title>\n<meta name=\"description\" content=\"The Valencia Iturbi International Piano Competition, a platform for young pianists from all over the world, is a benchmark on the international music scene, in combination with the Iturbi Piano Festival and the recitals programme\" \/>\n<meta name=\"robots\" content=\"index, follow, max-snippet:-1, max-image-preview:large, max-video-preview:-1\" \/>\n<link rel=\"canonical\" href=\"https:\/\/pianoiturbi.dival.es\/concurso-2021\/repertorio\/\" \/>\n<meta property=\"og:locale\" content=\"en_US\" \/>\n<meta property=\"og:type\" content=\"article\" \/>\n<meta property=\"og:title\" content=\"Repertoire - Piano Iturbi\" \/>\n<meta property=\"og:description\" content=\"The Valencia Iturbi International Piano Competition, a platform for young pianists from all over the world, is a benchmark on the international music scene, in combination with the Iturbi Piano Festival and the recitals programme\" \/>\n<meta property=\"og:url\" content=\"https:\/\/pianoiturbi.dival.es\/concurso-2021\/repertorio\/\" \/>\n<meta property=\"og:site_name\" content=\"Piano Iturbi\" \/>\n<meta property=\"article:modified_time\" content=\"2020-07-09T06:01:16+00:00\" \/>\n<meta property=\"og:image\" content=\"https:\/\/pianoiturbi.dival.es\/wp-content\/uploads\/Caratulas-WEB-01-1.jpg\" \/>\n\t<meta property=\"og:image:width\" content=\"1276\" \/>\n\t<meta property=\"og:image:height\" content=\"1772\" \/>\n\t<meta property=\"og:image:type\" content=\"image\/jpeg\" \/>\n<meta name=\"twitter:card\" content=\"summary_large_image\" \/>\n<meta name=\"twitter:label1\" content=\"Est. reading time\" \/>\n\t<meta name=\"twitter:data1\" content=\"2 minutes\" \/>\n<script type=\"application\/ld+json\" class=\"yoast-schema-graph\">{\"@context\":\"https:\/\/schema.org\",\"@graph\":[{\"@type\":\"WebPage\",\"@id\":\"https:\/\/pianoiturbi.dival.es\/concurso-2021\/repertorio\/\",\"url\":\"https:\/\/pianoiturbi.dival.es\/concurso-2021\/repertorio\/\",\"name\":\"Repertoire - Piano Iturbi\",\"isPartOf\":{\"@id\":\"https:\/\/pianoiturbi.dival.es\/#website\"},\"primaryImageOfPage\":{\"@id\":\"https:\/\/pianoiturbi.dival.es\/concurso-2021\/repertorio\/#primaryimage\"},\"image\":{\"@id\":\"https:\/\/pianoiturbi.dival.es\/concurso-2021\/repertorio\/#primaryimage\"},\"thumbnailUrl\":\"https:\/\/pianoiturbi.dival.es\/wp-content\/uploads\/Caratulas-WEB-01-1-737x1024.jpg\",\"datePublished\":\"2020-06-16T17:17:02+00:00\",\"dateModified\":\"2020-07-09T06:01:16+00:00\",\"description\":\"The Valencia Iturbi International Piano Competition, a platform for young pianists from all over the world, is a benchmark on the international music scene, in combination with the Iturbi Piano Festival and the recitals programme\",\"breadcrumb\":{\"@id\":\"https:\/\/pianoiturbi.dival.es\/concurso-2021\/repertorio\/#breadcrumb\"},\"inLanguage\":\"en-US\",\"potentialAction\":[{\"@type\":\"ReadAction\",\"target\":[\"https:\/\/pianoiturbi.dival.es\/concurso-2021\/repertorio\/\"]}]},{\"@type\":\"ImageObject\",\"inLanguage\":\"en-US\",\"@id\":\"https:\/\/pianoiturbi.dival.es\/concurso-2021\/repertorio\/#primaryimage\",\"url\":\"https:\/\/pianoiturbi.dival.es\/wp-content\/uploads\/Caratulas-WEB-01-1-737x1024.jpg\",\"contentUrl\":\"https:\/\/pianoiturbi.dival.es\/wp-content\/uploads\/Caratulas-WEB-01-1-737x1024.jpg\"},{\"@type\":\"BreadcrumbList\",\"@id\":\"https:\/\/pianoiturbi.dival.es\/concurso-2021\/repertorio\/#breadcrumb\",\"itemListElement\":[{\"@type\":\"ListItem\",\"position\":1,\"name\":\"Portada\",\"item\":\"https:\/\/pianoiturbi.dival.es\/en\/\"},{\"@type\":\"ListItem\",\"position\":2,\"name\":\"Repertoire\"}]},{\"@type\":\"WebSite\",\"@id\":\"https:\/\/pianoiturbi.dival.es\/#website\",\"url\":\"https:\/\/pianoiturbi.dival.es\/\",\"name\":\"Piano Iturbi\",\"description\":\"The Valencia Iturbi International Piano Competition, a platform for young pianists from all over the world, is a benchmark on the international music scene, in combination with the Iturbi Piano Festival and the recitals programme\",\"potentialAction\":[{\"@type\":\"SearchAction\",\"target\":{\"@type\":\"EntryPoint\",\"urlTemplate\":\"https:\/\/pianoiturbi.dival.es\/?s={search_term_string}\"},\"query-input\":{\"@type\":\"PropertyValueSpecification\",\"valueRequired\":true,\"valueName\":\"search_term_string\"}}],\"inLanguage\":\"en-US\"}]}<\/script>\n<!-- \/ Yoast SEO plugin. -->","yoast_head_json":{"title":"Repertoire - Piano Iturbi","description":"The Valencia Iturbi International Piano Competition, a platform for young pianists from all over the world, is a benchmark on the international music scene, in combination with the Iturbi Piano Festival and the recitals programme","robots":{"index":"index","follow":"follow","max-snippet":"max-snippet:-1","max-image-preview":"max-image-preview:large","max-video-preview":"max-video-preview:-1"},"canonical":"https:\/\/pianoiturbi.dival.es\/concurso-2021\/repertorio\/","og_locale":"en_US","og_type":"article","og_title":"Repertoire - Piano Iturbi","og_description":"The Valencia Iturbi International Piano Competition, a platform for young pianists from all over the world, is a benchmark on the international music scene, in combination with the Iturbi Piano Festival and the recitals programme","og_url":"https:\/\/pianoiturbi.dival.es\/concurso-2021\/repertorio\/","og_site_name":"Piano Iturbi","article_modified_time":"2020-07-09T06:01:16+00:00","og_image":[{"width":1276,"height":1772,"url":"https:\/\/pianoiturbi.dival.es\/wp-content\/uploads\/Caratulas-WEB-01-1.jpg","type":"image\/jpeg"}],"twitter_card":"summary_large_image","twitter_misc":{"Est. reading time":"2 minutes"},"schema":{"@context":"https:\/\/schema.org","@graph":[{"@type":"WebPage","@id":"https:\/\/pianoiturbi.dival.es\/concurso-2021\/repertorio\/","url":"https:\/\/pianoiturbi.dival.es\/concurso-2021\/repertorio\/","name":"Repertoire - Piano Iturbi","isPartOf":{"@id":"https:\/\/pianoiturbi.dival.es\/#website"},"primaryImageOfPage":{"@id":"https:\/\/pianoiturbi.dival.es\/concurso-2021\/repertorio\/#primaryimage"},"image":{"@id":"https:\/\/pianoiturbi.dival.es\/concurso-2021\/repertorio\/#primaryimage"},"thumbnailUrl":"https:\/\/pianoiturbi.dival.es\/wp-content\/uploads\/Caratulas-WEB-01-1-737x1024.jpg","datePublished":"2020-06-16T17:17:02+00:00","dateModified":"2020-07-09T06:01:16+00:00","description":"The Valencia Iturbi International Piano Competition, a platform for young pianists from all over the world, is a benchmark on the international music scene, in combination with the Iturbi Piano Festival and the recitals programme","breadcrumb":{"@id":"https:\/\/pianoiturbi.dival.es\/concurso-2021\/repertorio\/#breadcrumb"},"inLanguage":"en-US","potentialAction":[{"@type":"ReadAction","target":["https:\/\/pianoiturbi.dival.es\/concurso-2021\/repertorio\/"]}]},{"@type":"ImageObject","inLanguage":"en-US","@id":"https:\/\/pianoiturbi.dival.es\/concurso-2021\/repertorio\/#primaryimage","url":"https:\/\/pianoiturbi.dival.es\/wp-content\/uploads\/Caratulas-WEB-01-1-737x1024.jpg","contentUrl":"https:\/\/pianoiturbi.dival.es\/wp-content\/uploads\/Caratulas-WEB-01-1-737x1024.jpg"},{"@type":"BreadcrumbList","@id":"https:\/\/pianoiturbi.dival.es\/concurso-2021\/repertorio\/#breadcrumb","itemListElement":[{"@type":"ListItem","position":1,"name":"Portada","item":"https:\/\/pianoiturbi.dival.es\/en\/"},{"@type":"ListItem","position":2,"name":"Repertoire"}]},{"@type":"WebSite","@id":"https:\/\/pianoiturbi.dival.es\/#website","url":"https:\/\/pianoiturbi.dival.es\/","name":"Piano Iturbi","description":"The Valencia Iturbi International Piano Competition, a platform for young pianists from all over the world, is a benchmark on the international music scene, in combination with the Iturbi Piano Festival and the recitals programme","potentialAction":[{"@type":"SearchAction","target":{"@type":"EntryPoint","urlTemplate":"https:\/\/pianoiturbi.dival.es\/?s={search_term_string}"},"query-input":{"@type":"PropertyValueSpecification","valueRequired":true,"valueName":"search_term_string"}}],"inLanguage":"en-US"}]}},"_links":{"self":[{"href":"https:\/\/pianoiturbi.dival.es\/en\/wp-json\/wp\/v2\/pages\/1341","targetHints":{"allow":["GET"]}}],"collection":[{"href":"https:\/\/pianoiturbi.dival.es\/en\/wp-json\/wp\/v2\/pages"}],"about":[{"href":"https:\/\/pianoiturbi.dival.es\/en\/wp-json\/wp\/v2\/types\/page"}],"author":[{"embeddable":true,"href":"https:\/\/pianoiturbi.dival.es\/en\/wp-json\/wp\/v2\/users\/2"}],"replies":[{"embeddable":true,"href":"https:\/\/pianoiturbi.dival.es\/en\/wp-json\/wp\/v2\/comments?post=1341"}],"version-history":[{"count":0,"href":"https:\/\/pianoiturbi.dival.es\/en\/wp-json\/wp\/v2\/pages\/1341\/revisions"}],"wp:attachment":[{"href":"https:\/\/pianoiturbi.dival.es\/en\/wp-json\/wp\/v2\/media?parent=1341"}],"curies":[{"name":"wp","href":"https:\/\/api.w.org\/{rel}","templated":true}]}}