{"id":2600,"date":"2020-09-18T15:03:20","date_gmt":"2020-09-18T13:03:20","guid":{"rendered":"https:\/\/pianoiturbi.dival.es\/iturbi-festival\/biographies\/marta-zabaleta\/"},"modified":"2020-09-21T09:45:01","modified_gmt":"2020-09-21T07:45:01","slug":"marta-zabaleta","status":"publish","type":"page","link":"https:\/\/pianoiturbi.dival.es\/en\/iturbi-festival-1st-ed\/biographies\/marta-zabaleta\/","title":{"rendered":"Marta Zabaleta"},"content":{"rendered":"\t\t<div data-elementor-type=\"wp-page\" data-elementor-id=\"2600\" class=\"elementor elementor-2600 elementor-2530\" data-elementor-post-type=\"page\">\n\t\t\t\t\t\t<section class=\"elementor-section elementor-top-section elementor-element elementor-element-2e965460 elementor-hidden-desktop elementor-hidden-tablet elementor-section-boxed elementor-section-height-default elementor-section-height-default\" data-id=\"2e965460\" data-element_type=\"section\">\n\t\t\t\t\t\t<div class=\"elementor-container elementor-column-gap-no\">\n\t\t\t\t\t<div class=\"elementor-column elementor-col-100 elementor-top-column elementor-element elementor-element-48dc0994\" data-id=\"48dc0994\" data-element_type=\"column\">\n\t\t\t<div class=\"elementor-widget-wrap elementor-element-populated\">\n\t\t\t\t\t\t<div class=\"elementor-element elementor-element-1c551fc8 elementor-widget elementor-widget-image\" data-id=\"1c551fc8\" data-element_type=\"widget\" data-widget_type=\"image.default\">\n\t\t\t\t<div class=\"elementor-widget-container\">\n\t\t\t\t\t\t\t\t\t\t\t\t\t\t\t<img fetchpriority=\"high\" decoding=\"async\" width=\"738\" height=\"1024\" src=\"https:\/\/pianoiturbi.dival.es\/wp-content\/uploads\/Caratulas-WEB-02-2-738x1024.jpg\" class=\"attachment-large size-large wp-image-872\" alt=\"\" srcset=\"https:\/\/pianoiturbi.dival.es\/wp-content\/uploads\/Caratulas-WEB-02-2-738x1024.jpg 738w, https:\/\/pianoiturbi.dival.es\/wp-content\/uploads\/Caratulas-WEB-02-2-216x300.jpg 216w, https:\/\/pianoiturbi.dival.es\/wp-content\/uploads\/Caratulas-WEB-02-2-768x1066.jpg 768w, https:\/\/pianoiturbi.dival.es\/wp-content\/uploads\/Caratulas-WEB-02-2-1107x1536.jpg 1107w, https:\/\/pianoiturbi.dival.es\/wp-content\/uploads\/Caratulas-WEB-02-2.jpg 1277w\" sizes=\"(max-width: 738px) 100vw, 738px\" \/>\t\t\t\t\t\t\t\t\t\t\t\t\t\t\t<\/div>\n\t\t\t\t<\/div>\n\t\t\t\t\t<\/div>\n\t\t<\/div>\n\t\t\t\t\t<\/div>\n\t\t<\/section>\n\t\t\t\t<section class=\"elementor-section elementor-top-section elementor-element elementor-element-39f0ccb2 elementor-section-boxed elementor-section-height-default elementor-section-height-default\" data-id=\"39f0ccb2\" data-element_type=\"section\">\n\t\t\t\t\t\t<div class=\"elementor-container elementor-column-gap-no\">\n\t\t\t\t\t<div class=\"elementor-column elementor-col-50 elementor-top-column elementor-element elementor-element-497ec8d elementor-hidden-phone\" data-id=\"497ec8d\" data-element_type=\"column\" data-settings=\"{&quot;background_background&quot;:&quot;classic&quot;}\">\n\t\t\t<div class=\"elementor-widget-wrap elementor-element-populated\">\n\t\t\t\t\t\t<section class=\"elementor-section elementor-inner-section elementor-element elementor-element-36fb1e43 elementor-section-height-min-height elementor-section-boxed elementor-section-height-default\" data-id=\"36fb1e43\" data-element_type=\"section\" data-settings=\"{&quot;sticky&quot;:&quot;top&quot;,&quot;sticky_on&quot;:[&quot;desktop&quot;,&quot;tablet&quot;,&quot;mobile&quot;],&quot;sticky_offset&quot;:0,&quot;sticky_effects_offset&quot;:0,&quot;sticky_anchor_link_offset&quot;:0}\">\n\t\t\t\t\t\t<div class=\"elementor-container elementor-column-gap-no\">\n\t\t\t\t\t<div class=\"elementor-column elementor-col-100 elementor-inner-column elementor-element elementor-element-18dbbfcf elementor-hidden-phone\" data-id=\"18dbbfcf\" data-element_type=\"column\">\n\t\t\t<div class=\"elementor-widget-wrap elementor-element-populated\">\n\t\t\t\t\t\t<div class=\"elementor-element elementor-element-4ba78dc elementor-widget elementor-widget-image\" data-id=\"4ba78dc\" data-element_type=\"widget\" data-widget_type=\"image.default\">\n\t\t\t\t<div class=\"elementor-widget-container\">\n\t\t\t\t\t\t\t\t\t\t\t\t\t\t\t<img fetchpriority=\"high\" decoding=\"async\" width=\"738\" height=\"1024\" src=\"https:\/\/pianoiturbi.dival.es\/wp-content\/uploads\/Caratulas-WEB-02-2-738x1024.jpg\" class=\"attachment-large size-large wp-image-872\" alt=\"\" srcset=\"https:\/\/pianoiturbi.dival.es\/wp-content\/uploads\/Caratulas-WEB-02-2-738x1024.jpg 738w, https:\/\/pianoiturbi.dival.es\/wp-content\/uploads\/Caratulas-WEB-02-2-216x300.jpg 216w, https:\/\/pianoiturbi.dival.es\/wp-content\/uploads\/Caratulas-WEB-02-2-768x1066.jpg 768w, https:\/\/pianoiturbi.dival.es\/wp-content\/uploads\/Caratulas-WEB-02-2-1107x1536.jpg 1107w, https:\/\/pianoiturbi.dival.es\/wp-content\/uploads\/Caratulas-WEB-02-2.jpg 1277w\" sizes=\"(max-width: 738px) 100vw, 738px\" \/>\t\t\t\t\t\t\t\t\t\t\t\t\t\t\t<\/div>\n\t\t\t\t<\/div>\n\t\t\t\t\t<\/div>\n\t\t<\/div>\n\t\t\t\t\t<\/div>\n\t\t<\/section>\n\t\t\t\t\t<\/div>\n\t\t<\/div>\n\t\t\t\t<div class=\"elementor-column elementor-col-50 elementor-top-column elementor-element elementor-element-6b5ead9a\" data-id=\"6b5ead9a\" data-element_type=\"column\">\n\t\t\t<div class=\"elementor-widget-wrap elementor-element-populated\">\n\t\t\t\t\t\t<div class=\"elementor-element elementor-element-1a0046b3 elementor-widget elementor-widget-spacer\" data-id=\"1a0046b3\" data-element_type=\"widget\" data-widget_type=\"spacer.default\">\n\t\t\t\t<div class=\"elementor-widget-container\">\n\t\t\t\t\t\t\t<div class=\"elementor-spacer\">\n\t\t\t<div class=\"elementor-spacer-inner\"><\/div>\n\t\t<\/div>\n\t\t\t\t\t\t<\/div>\n\t\t\t\t<\/div>\n\t\t\t\t<div class=\"elementor-element elementor-element-7f771e4c elementor-widget elementor-widget-template\" data-id=\"7f771e4c\" data-element_type=\"widget\" data-widget_type=\"template.default\">\n\t\t\t\t<div class=\"elementor-widget-container\">\n\t\t\t\t\t\t\t<div class=\"elementor-template\">\n\t\t\t\t\t<div data-elementor-type=\"page\" data-elementor-id=\"1605\" class=\"elementor elementor-1605 elementor-1596\" data-elementor-post-type=\"elementor_library\">\n\t\t\t\t\t\t<section class=\"elementor-section elementor-top-section elementor-element elementor-element-5f621f72 elementor-section-boxed elementor-section-height-default elementor-section-height-default\" data-id=\"5f621f72\" data-element_type=\"section\">\n\t\t\t\t\t\t<div class=\"elementor-container elementor-column-gap-no\">\n\t\t\t\t\t<div class=\"elementor-column elementor-col-100 elementor-top-column elementor-element elementor-element-511ff68f\" data-id=\"511ff68f\" data-element_type=\"column\">\n\t\t\t<div class=\"elementor-widget-wrap elementor-element-populated\">\n\t\t\t\t\t\t<div class=\"elementor-element elementor-element-5082068a elementor-widget elementor-widget-spacer\" data-id=\"5082068a\" data-element_type=\"widget\" data-widget_type=\"spacer.default\">\n\t\t\t\t<div class=\"elementor-widget-container\">\n\t\t\t\t\t\t\t<div class=\"elementor-spacer\">\n\t\t\t<div class=\"elementor-spacer-inner\"><\/div>\n\t\t<\/div>\n\t\t\t\t\t\t<\/div>\n\t\t\t\t<\/div>\n\t\t\t\t<div class=\"elementor-element elementor-element-43ab52b3 elementor-widget elementor-widget-heading\" data-id=\"43ab52b3\" data-element_type=\"widget\" data-widget_type=\"heading.default\">\n\t\t\t\t<div class=\"elementor-widget-container\">\n\t\t\t\t\t<h3 class=\"elementor-heading-title elementor-size-default\">1st <br>ITURBI <br>INTERNATIONAL <br>PIANO <br>FESTIVAL <br>VAL\u00c8NCIA<\/h3>\t\t\t\t<\/div>\n\t\t\t\t<\/div>\n\t\t\t\t<div class=\"elementor-element elementor-element-731bbefc elementor-widget elementor-widget-heading\" data-id=\"731bbefc\" data-element_type=\"widget\" data-widget_type=\"heading.default\">\n\t\t\t\t<div class=\"elementor-widget-container\">\n\t\t\t\t\t<h5 class=\"elementor-heading-title elementor-size-default\">From September 22 to 27, 2020<\/h5>\t\t\t\t<\/div>\n\t\t\t\t<\/div>\n\t\t\t\t<div class=\"elementor-element elementor-element-433f3cc2 elementor-widget-divider--view-line elementor-widget elementor-widget-divider\" data-id=\"433f3cc2\" data-element_type=\"widget\" data-widget_type=\"divider.default\">\n\t\t\t\t<div class=\"elementor-widget-container\">\n\t\t\t\t\t\t\t<div class=\"elementor-divider\">\n\t\t\t<span class=\"elementor-divider-separator\">\n\t\t\t\t\t\t<\/span>\n\t\t<\/div>\n\t\t\t\t\t\t<\/div>\n\t\t\t\t<\/div>\n\t\t\t\t\t<\/div>\n\t\t<\/div>\n\t\t\t\t\t<\/div>\n\t\t<\/section>\n\t\t\t\t<\/div>\n\t\t\t\t<\/div>\n\t\t\t\t\t\t<\/div>\n\t\t\t\t<\/div>\n\t\t\t\t<div class=\"elementor-element elementor-element-309728ca elementor-widget elementor-widget-heading\" data-id=\"309728ca\" data-element_type=\"widget\" data-widget_type=\"heading.default\">\n\t\t\t\t<div class=\"elementor-widget-container\">\n\t\t\t\t\t<h3 class=\"elementor-heading-title elementor-size-default\">Marta Zabaleta<\/h3>\t\t\t\t<\/div>\n\t\t\t\t<\/div>\n\t\t\t\t<div class=\"elementor-element elementor-element-32062cc9 elementor-widget elementor-widget-text-editor\" data-id=\"32062cc9\" data-element_type=\"widget\" data-widget_type=\"text-editor.default\">\n\t\t\t\t<div class=\"elementor-widget-container\">\n\t\t\t\t\t\t\t\t\t<h4><img decoding=\"async\" class=\"wp-image-2537 size-medium alignleft\" src=\"https:\/\/pianoiturbi.dival.es\/wp-content\/uploads\/foto_marta-zabaleta-199x300.jpg\" alt=\"\" width=\"199\" height=\"300\" srcset=\"https:\/\/pianoiturbi.dival.es\/wp-content\/uploads\/foto_marta-zabaleta-199x300.jpg 199w, https:\/\/pianoiturbi.dival.es\/wp-content\/uploads\/foto_marta-zabaleta-680x1024.jpg 680w, https:\/\/pianoiturbi.dival.es\/wp-content\/uploads\/foto_marta-zabaleta-768x1156.jpg 768w, https:\/\/pianoiturbi.dival.es\/wp-content\/uploads\/foto_marta-zabaleta-1020x1536.jpg 1020w, https:\/\/pianoiturbi.dival.es\/wp-content\/uploads\/foto_marta-zabaleta-1360x2048.jpg 1360w, https:\/\/pianoiturbi.dival.es\/wp-content\/uploads\/foto_marta-zabaleta-scaled.jpg 1700w\" sizes=\"(max-width: 199px) 100vw, 199px\" \/><\/h4>\n<p>&nbsp;<\/p>\n<p>This pianist from Guipuzcoa won the first end-of-year prize in San Sebasti\u00e1n at the age of 16 and then studied at Europe\u2019s most prestigious schools &#8211; CNSM in Paris where she studied with D. Merlet, Escuela Reina Sof\u00eda in Madrid with D. Bashkirov and at Academia Marshall with Alicia de Larrocha, always achieving the very highest marks.<\/p>\n<p>&nbsp;<\/p>\n<p>Marta won important prizes at international competitions including Santander, as the best Spanish pianist, Darmstadt, \u00a0Ja\u00e9n and\u00a0 Pilar Bayonna, and her career as a concert performer involves recitals and symphonic orchestras such as those of Euskadi, Bilbao, Extremadura, Castilla y Le\u00f3n, Murcia, RTVE, Comunidad de Madrid, Galicia, C\u00f3rdoba, M\u00e1laga, Granada, Valencia, English Chamber, London Symphonic, Berlin Symphonic and the Reina Sof\u00eda, under the baton of such outstanding conductors as \u00a0Sir Colin Davis, Daniele Gatti, Harry Christophers, S. Comissiona, C. Mandeal, M. Venzago, G. Varga, G. Neuhold, J. C. Spinossi, G. Pelhivanian, J. Mena, D. Wilson, L. Pfaff, J. M. Encinar, J. Amigo,\u00a0 M. Bragado, G. I. Ramos and\u00a0 C. Wilkins.<\/p>\n<p>&nbsp;<\/p>\n<p>Marta Zabaleta performs chamber music with the cellist Asier Polo, with whom she debuted in Carnegy Hall, with the pianist Miguel Borges Coelho and the Ysaie quartet.<\/p>\n<p>&nbsp;<\/p>\n<p>Her first recordings are already on sale: two with the EMI international label, the work of Joaqu\u00edn\u00a0 Rodrigo; one with the Swiss label CLAVES, the Basque piano concert by Escudero; one with the RTVE label, the concert for two pianos by M. Pompey; Granados\u2019 Goyescas with the label \u201cLa m\u00e0 de guido\u201d; and with the cellist Asier Polo, one with BBK and another with IBS Classic.<\/p>\n<p>&nbsp;<\/p>\n<p>She teaches at Musikene, the Basque Country higher music centre, and is the director of the Academia Marshall in Barcelona as per the expressed desire of her predecessor, Alicia de Larrocha. She has been a visiting professor at prestigious European music schools including Hoghschule in Colonia and Trinity Laban in London, and on other continents at Bogot\u00e1 University and Aukland University in New Zealand.<\/p>\n<p>&nbsp;<\/p>\n<p>Marta was awarded the Alb\u00e9niz medal by the Isaac Alb\u00e9niz Public Foundation.<\/p>\n<p>&nbsp;<\/p>\n\t\t\t\t\t\t\t\t<\/div>\n\t\t\t\t<\/div>\n\t\t\t\t<div class=\"elementor-element elementor-element-ab3b4c4 elementor-align-center elementor-widget elementor-widget-button\" data-id=\"ab3b4c4\" data-element_type=\"widget\" data-widget_type=\"button.default\">\n\t\t\t\t<div class=\"elementor-widget-container\">\n\t\t\t\t\t\t\t\t\t<div class=\"elementor-button-wrapper\">\n\t\t\t\t\t<a class=\"elementor-button elementor-button-link elementor-size-sm\" href=\"https:\/\/pianoiturbi.dival.es\/en\/iturbi-festival\/biographies\/\">\n\t\t\t\t\t\t<span class=\"elementor-button-content-wrapper\">\n\t\t\t\t\t\t\t\t\t<span class=\"elementor-button-text\">BACK<\/span>\n\t\t\t\t\t<\/span>\n\t\t\t\t\t<\/a>\n\t\t\t\t<\/div>\n\t\t\t\t\t\t\t\t<\/div>\n\t\t\t\t<\/div>\n\t\t\t\t\t<\/div>\n\t\t<\/div>\n\t\t\t\t\t<\/div>\n\t\t<\/section>\n\t\t\t\t<\/div>\n\t\t","protected":false},"excerpt":{"rendered":"<p>Marta Zabaleta &nbsp; This pianist from Guipuzcoa won the first end-of-year prize in San Sebasti\u00e1n at the age of 16 and then studied at Europe\u2019s most prestigious schools &#8211; CNSM [&hellip;]<\/p>\n","protected":false},"author":11,"featured_media":0,"parent":2377,"menu_order":0,"comment_status":"closed","ping_status":"closed","template":"","meta":{"_tec_requires_first_save":true,"site-sidebar-layout":"no-sidebar","site-content-layout":"page-builder","ast-site-content-layout":"","site-content-style":"default","site-sidebar-style":"default","ast-global-header-display":"","ast-banner-title-visibility":"","ast-main-header-display":"","ast-hfb-above-header-display":"","ast-hfb-below-header-display":"","ast-hfb-mobile-header-display":"","site-post-title":"disabled","ast-breadcrumbs-content":"","ast-featured-img":"disabled","footer-sml-layout":"","theme-transparent-header-meta":"default","adv-header-id-meta":"","stick-header-meta":"","header-above-stick-meta":"","header-main-stick-meta":"","header-below-stick-meta":"","astra-migrate-meta-layouts":"default","ast-page-background-enabled":"default","ast-page-background-meta":{"desktop":{"background-color":"","background-image":"","background-repeat":"repeat","background-position":"center center","background-size":"auto","background-attachment":"scroll","background-type":"","background-media":"","overlay-type":"","overlay-color":"","overlay-opacity":"","overlay-gradient":""},"tablet":{"background-color":"","background-image":"","background-repeat":"repeat","background-position":"center center","background-size":"auto","background-attachment":"scroll","background-type":"","background-media":"","overlay-type":"","overlay-color":"","overlay-opacity":"","overlay-gradient":""},"mobile":{"background-color":"","background-image":"","background-repeat":"repeat","background-position":"center center","background-size":"auto","background-attachment":"scroll","background-type":"","background-media":"","overlay-type":"","overlay-color":"","overlay-opacity":"","overlay-gradient":""}},"ast-content-background-meta":{"desktop":{"background-color":"var(--ast-global-color-5)","background-image":"","background-repeat":"repeat","background-position":"center center","background-size":"auto","background-attachment":"scroll","background-type":"","background-media":"","overlay-type":"","overlay-color":"","overlay-opacity":"","overlay-gradient":""},"tablet":{"background-color":"var(--ast-global-color-5)","background-image":"","background-repeat":"repeat","background-position":"center center","background-size":"auto","background-attachment":"scroll","background-type":"","background-media":"","overlay-type":"","overlay-color":"","overlay-opacity":"","overlay-gradient":""},"mobile":{"background-color":"var(--ast-global-color-5)","background-image":"","background-repeat":"repeat","background-position":"center center","background-size":"auto","background-attachment":"scroll","background-type":"","background-media":"","overlay-type":"","overlay-color":"","overlay-opacity":"","overlay-gradient":""}},"_EventAllDay":false,"_EventTimezone":"","_EventStartDate":"","_EventEndDate":"","_EventStartDateUTC":"","_EventEndDateUTC":"","_EventShowMap":false,"_EventShowMapLink":false,"_EventURL":"","_EventCost":"","_EventCostDescription":"","_EventCurrencySymbol":"","_EventCurrencyCode":"","_EventCurrencyPosition":"","_EventDateTimeSeparator":"","_EventTimeRangeSeparator":"","_EventOrganizerID":[],"_EventVenueID":[],"_OrganizerEmail":"","_OrganizerPhone":"","_OrganizerWebsite":"","_VenueAddress":"","_VenueCity":"","_VenueCountry":"","_VenueProvince":"","_VenueState":"","_VenueZip":"","_VenuePhone":"","_VenueURL":"","_VenueStateProvince":"","_VenueLat":"","_VenueLng":"","_VenueShowMap":false,"_VenueShowMapLink":false,"_tribe_blocks_recurrence_rules":"","_tribe_blocks_recurrence_description":"","_tribe_blocks_recurrence_exclusions":"","footnotes":""},"class_list":["post-2600","page","type-page","status-publish","hentry"],"yoast_head":"<!-- This site is optimized with the Yoast SEO plugin v25.3 - https:\/\/yoast.com\/wordpress\/plugins\/seo\/ -->\n<title>Marta Zabaleta - Piano Iturbi<\/title>\n<meta name=\"description\" content=\"The Valencia Iturbi International Piano Competition, a platform for young pianists from all over the world, is a benchmark on the international music scene, in combination with the Iturbi Piano Festival and the recitals programme\" \/>\n<meta name=\"robots\" content=\"index, follow, max-snippet:-1, max-image-preview:large, max-video-preview:-1\" \/>\n<link rel=\"canonical\" href=\"https:\/\/pianoiturbi.dival.es\/festival-iturbi-1ed\/biografias\/marta-zabaleta\/\" \/>\n<meta property=\"og:locale\" content=\"en_US\" \/>\n<meta property=\"og:type\" content=\"article\" \/>\n<meta property=\"og:title\" content=\"Marta Zabaleta - Piano Iturbi\" \/>\n<meta property=\"og:description\" content=\"The Valencia Iturbi International Piano Competition, a platform for young pianists from all over the world, is a benchmark on the international music scene, in combination with the Iturbi Piano Festival and the recitals programme\" \/>\n<meta property=\"og:url\" content=\"https:\/\/pianoiturbi.dival.es\/festival-iturbi-1ed\/biografias\/marta-zabaleta\/\" \/>\n<meta property=\"og:site_name\" content=\"Piano Iturbi\" \/>\n<meta property=\"article:modified_time\" content=\"2020-09-21T07:45:01+00:00\" \/>\n<meta property=\"og:image\" content=\"https:\/\/pianoiturbi.dival.es\/wp-content\/uploads\/Caratulas-WEB-02-2.jpg\" \/>\n\t<meta property=\"og:image:width\" content=\"1277\" \/>\n\t<meta property=\"og:image:height\" content=\"1772\" \/>\n\t<meta property=\"og:image:type\" content=\"image\/jpeg\" \/>\n<meta name=\"twitter:card\" content=\"summary_large_image\" \/>\n<meta name=\"twitter:label1\" content=\"Est. reading time\" \/>\n\t<meta name=\"twitter:data1\" content=\"2 minutes\" \/>\n<script type=\"application\/ld+json\" class=\"yoast-schema-graph\">{\"@context\":\"https:\/\/schema.org\",\"@graph\":[{\"@type\":\"WebPage\",\"@id\":\"https:\/\/pianoiturbi.dival.es\/festival-iturbi-1ed\/biografias\/marta-zabaleta\/\",\"url\":\"https:\/\/pianoiturbi.dival.es\/festival-iturbi-1ed\/biografias\/marta-zabaleta\/\",\"name\":\"Marta Zabaleta - Piano Iturbi\",\"isPartOf\":{\"@id\":\"https:\/\/pianoiturbi.dival.es\/#website\"},\"primaryImageOfPage\":{\"@id\":\"https:\/\/pianoiturbi.dival.es\/festival-iturbi-1ed\/biografias\/marta-zabaleta\/#primaryimage\"},\"image\":{\"@id\":\"https:\/\/pianoiturbi.dival.es\/festival-iturbi-1ed\/biografias\/marta-zabaleta\/#primaryimage\"},\"thumbnailUrl\":\"https:\/\/pianoiturbi.dival.es\/wp-content\/uploads\/Caratulas-WEB-02-2-738x1024.jpg\",\"datePublished\":\"2020-09-18T13:03:20+00:00\",\"dateModified\":\"2020-09-21T07:45:01+00:00\",\"description\":\"The Valencia Iturbi International Piano Competition, a platform for young pianists from all over the world, is a benchmark on the international music scene, in combination with the Iturbi Piano Festival and the recitals programme\",\"breadcrumb\":{\"@id\":\"https:\/\/pianoiturbi.dival.es\/festival-iturbi-1ed\/biografias\/marta-zabaleta\/#breadcrumb\"},\"inLanguage\":\"en-US\",\"potentialAction\":[{\"@type\":\"ReadAction\",\"target\":[\"https:\/\/pianoiturbi.dival.es\/festival-iturbi-1ed\/biografias\/marta-zabaleta\/\"]}]},{\"@type\":\"ImageObject\",\"inLanguage\":\"en-US\",\"@id\":\"https:\/\/pianoiturbi.dival.es\/festival-iturbi-1ed\/biografias\/marta-zabaleta\/#primaryimage\",\"url\":\"https:\/\/pianoiturbi.dival.es\/wp-content\/uploads\/Caratulas-WEB-02-2-738x1024.jpg\",\"contentUrl\":\"https:\/\/pianoiturbi.dival.es\/wp-content\/uploads\/Caratulas-WEB-02-2-738x1024.jpg\"},{\"@type\":\"BreadcrumbList\",\"@id\":\"https:\/\/pianoiturbi.dival.es\/festival-iturbi-1ed\/biografias\/marta-zabaleta\/#breadcrumb\",\"itemListElement\":[{\"@type\":\"ListItem\",\"position\":1,\"name\":\"Portada\",\"item\":\"https:\/\/pianoiturbi.dival.es\/en\/\"},{\"@type\":\"ListItem\",\"position\":2,\"name\":\"Iturbi Festival (1st Edition)\",\"item\":\"https:\/\/pianoiturbi.dival.es\/festival-iturbi-1ed\/\"},{\"@type\":\"ListItem\",\"position\":3,\"name\":\"Biographies\",\"item\":\"https:\/\/pianoiturbi.dival.es\/festival-iturbi-1ed\/biografias\/\"},{\"@type\":\"ListItem\",\"position\":4,\"name\":\"Marta Zabaleta\"}]},{\"@type\":\"WebSite\",\"@id\":\"https:\/\/pianoiturbi.dival.es\/#website\",\"url\":\"https:\/\/pianoiturbi.dival.es\/\",\"name\":\"Piano Iturbi\",\"description\":\"The Valencia Iturbi International Piano Competition, a platform for young pianists from all over the world, is a benchmark on the international music scene, in combination with the Iturbi Piano Festival and the recitals programme\",\"potentialAction\":[{\"@type\":\"SearchAction\",\"target\":{\"@type\":\"EntryPoint\",\"urlTemplate\":\"https:\/\/pianoiturbi.dival.es\/?s={search_term_string}\"},\"query-input\":{\"@type\":\"PropertyValueSpecification\",\"valueRequired\":true,\"valueName\":\"search_term_string\"}}],\"inLanguage\":\"en-US\"}]}<\/script>\n<!-- \/ Yoast SEO plugin. -->","yoast_head_json":{"title":"Marta Zabaleta - Piano Iturbi","description":"The Valencia Iturbi International Piano Competition, a platform for young pianists from all over the world, is a benchmark on the international music scene, in combination with the Iturbi Piano Festival and the recitals programme","robots":{"index":"index","follow":"follow","max-snippet":"max-snippet:-1","max-image-preview":"max-image-preview:large","max-video-preview":"max-video-preview:-1"},"canonical":"https:\/\/pianoiturbi.dival.es\/festival-iturbi-1ed\/biografias\/marta-zabaleta\/","og_locale":"en_US","og_type":"article","og_title":"Marta Zabaleta - Piano Iturbi","og_description":"The Valencia Iturbi International Piano Competition, a platform for young pianists from all over the world, is a benchmark on the international music scene, in combination with the Iturbi Piano Festival and the recitals programme","og_url":"https:\/\/pianoiturbi.dival.es\/festival-iturbi-1ed\/biografias\/marta-zabaleta\/","og_site_name":"Piano Iturbi","article_modified_time":"2020-09-21T07:45:01+00:00","og_image":[{"width":1277,"height":1772,"url":"https:\/\/pianoiturbi.dival.es\/wp-content\/uploads\/Caratulas-WEB-02-2.jpg","type":"image\/jpeg"}],"twitter_card":"summary_large_image","twitter_misc":{"Est. reading time":"2 minutes"},"schema":{"@context":"https:\/\/schema.org","@graph":[{"@type":"WebPage","@id":"https:\/\/pianoiturbi.dival.es\/festival-iturbi-1ed\/biografias\/marta-zabaleta\/","url":"https:\/\/pianoiturbi.dival.es\/festival-iturbi-1ed\/biografias\/marta-zabaleta\/","name":"Marta Zabaleta - Piano Iturbi","isPartOf":{"@id":"https:\/\/pianoiturbi.dival.es\/#website"},"primaryImageOfPage":{"@id":"https:\/\/pianoiturbi.dival.es\/festival-iturbi-1ed\/biografias\/marta-zabaleta\/#primaryimage"},"image":{"@id":"https:\/\/pianoiturbi.dival.es\/festival-iturbi-1ed\/biografias\/marta-zabaleta\/#primaryimage"},"thumbnailUrl":"https:\/\/pianoiturbi.dival.es\/wp-content\/uploads\/Caratulas-WEB-02-2-738x1024.jpg","datePublished":"2020-09-18T13:03:20+00:00","dateModified":"2020-09-21T07:45:01+00:00","description":"The Valencia Iturbi International Piano Competition, a platform for young pianists from all over the world, is a benchmark on the international music scene, in combination with the Iturbi Piano Festival and the recitals programme","breadcrumb":{"@id":"https:\/\/pianoiturbi.dival.es\/festival-iturbi-1ed\/biografias\/marta-zabaleta\/#breadcrumb"},"inLanguage":"en-US","potentialAction":[{"@type":"ReadAction","target":["https:\/\/pianoiturbi.dival.es\/festival-iturbi-1ed\/biografias\/marta-zabaleta\/"]}]},{"@type":"ImageObject","inLanguage":"en-US","@id":"https:\/\/pianoiturbi.dival.es\/festival-iturbi-1ed\/biografias\/marta-zabaleta\/#primaryimage","url":"https:\/\/pianoiturbi.dival.es\/wp-content\/uploads\/Caratulas-WEB-02-2-738x1024.jpg","contentUrl":"https:\/\/pianoiturbi.dival.es\/wp-content\/uploads\/Caratulas-WEB-02-2-738x1024.jpg"},{"@type":"BreadcrumbList","@id":"https:\/\/pianoiturbi.dival.es\/festival-iturbi-1ed\/biografias\/marta-zabaleta\/#breadcrumb","itemListElement":[{"@type":"ListItem","position":1,"name":"Portada","item":"https:\/\/pianoiturbi.dival.es\/en\/"},{"@type":"ListItem","position":2,"name":"Iturbi Festival (1st Edition)","item":"https:\/\/pianoiturbi.dival.es\/festival-iturbi-1ed\/"},{"@type":"ListItem","position":3,"name":"Biographies","item":"https:\/\/pianoiturbi.dival.es\/festival-iturbi-1ed\/biografias\/"},{"@type":"ListItem","position":4,"name":"Marta Zabaleta"}]},{"@type":"WebSite","@id":"https:\/\/pianoiturbi.dival.es\/#website","url":"https:\/\/pianoiturbi.dival.es\/","name":"Piano Iturbi","description":"The Valencia Iturbi International Piano Competition, a platform for young pianists from all over the world, is a benchmark on the international music scene, in combination with the Iturbi Piano Festival and the recitals programme","potentialAction":[{"@type":"SearchAction","target":{"@type":"EntryPoint","urlTemplate":"https:\/\/pianoiturbi.dival.es\/?s={search_term_string}"},"query-input":{"@type":"PropertyValueSpecification","valueRequired":true,"valueName":"search_term_string"}}],"inLanguage":"en-US"}]}},"_links":{"self":[{"href":"https:\/\/pianoiturbi.dival.es\/en\/wp-json\/wp\/v2\/pages\/2600","targetHints":{"allow":["GET"]}}],"collection":[{"href":"https:\/\/pianoiturbi.dival.es\/en\/wp-json\/wp\/v2\/pages"}],"about":[{"href":"https:\/\/pianoiturbi.dival.es\/en\/wp-json\/wp\/v2\/types\/page"}],"author":[{"embeddable":true,"href":"https:\/\/pianoiturbi.dival.es\/en\/wp-json\/wp\/v2\/users\/11"}],"replies":[{"embeddable":true,"href":"https:\/\/pianoiturbi.dival.es\/en\/wp-json\/wp\/v2\/comments?post=2600"}],"version-history":[{"count":0,"href":"https:\/\/pianoiturbi.dival.es\/en\/wp-json\/wp\/v2\/pages\/2600\/revisions"}],"up":[{"embeddable":true,"href":"https:\/\/pianoiturbi.dival.es\/en\/wp-json\/wp\/v2\/pages\/2377"}],"wp:attachment":[{"href":"https:\/\/pianoiturbi.dival.es\/en\/wp-json\/wp\/v2\/media?parent=2600"}],"curies":[{"name":"wp","href":"https:\/\/api.w.org\/{rel}","templated":true}]}}