{"id":6713,"date":"2023-05-25T13:08:53","date_gmt":"2023-05-25T11:08:53","guid":{"rendered":"https:\/\/pianoiturbi.dival.es\/hoyel-lee\/"},"modified":"2023-05-25T13:08:54","modified_gmt":"2023-05-25T11:08:54","slug":"hoyel-lee","status":"publish","type":"page","link":"https:\/\/pianoiturbi.dival.es\/en\/concurso-2023\/participants\/hoyel-lee\/","title":{"rendered":"Hoyel Lee"},"content":{"rendered":"\t\t<div data-elementor-type=\"wp-page\" data-elementor-id=\"6713\" class=\"elementor elementor-6713 elementor-6575\" data-elementor-post-type=\"page\">\n\t\t\t\t\t\t<section class=\"elementor-section elementor-top-section elementor-element elementor-element-7a958946 elementor-hidden-desktop elementor-hidden-tablet elementor-section-boxed elementor-section-height-default elementor-section-height-default\" data-id=\"7a958946\" data-element_type=\"section\">\n\t\t\t\t\t\t<div class=\"elementor-container elementor-column-gap-no\">\n\t\t\t\t\t<div class=\"elementor-column elementor-col-100 elementor-top-column elementor-element elementor-element-5f915f4b\" data-id=\"5f915f4b\" data-element_type=\"column\">\n\t\t\t<div class=\"elementor-widget-wrap elementor-element-populated\">\n\t\t\t\t\t\t<div class=\"elementor-element elementor-element-7d6074fa elementor-widget elementor-widget-image\" data-id=\"7d6074fa\" data-element_type=\"widget\" data-widget_type=\"image.default\">\n\t\t\t\t<div class=\"elementor-widget-container\">\n\t\t\t\t\t\t\t\t\t\t\t\t\t\t\t<img fetchpriority=\"high\" decoding=\"async\" width=\"737\" height=\"1024\" src=\"https:\/\/pianoiturbi.dival.es\/wp-content\/uploads\/pianoiturbi-2023-logo-737x1024.jpg\" class=\"attachment-large size-large wp-image-4551\" alt=\"\" srcset=\"https:\/\/pianoiturbi.dival.es\/wp-content\/uploads\/pianoiturbi-2023-logo-737x1024.jpg 737w, https:\/\/pianoiturbi.dival.es\/wp-content\/uploads\/pianoiturbi-2023-logo-216x300.jpg 216w, https:\/\/pianoiturbi.dival.es\/wp-content\/uploads\/pianoiturbi-2023-logo-768x1067.jpg 768w, https:\/\/pianoiturbi.dival.es\/wp-content\/uploads\/pianoiturbi-2023-logo-1106x1536.jpg 1106w, https:\/\/pianoiturbi.dival.es\/wp-content\/uploads\/pianoiturbi-2023-logo.jpg 1276w\" sizes=\"(max-width: 737px) 100vw, 737px\" \/>\t\t\t\t\t\t\t\t\t\t\t\t\t\t\t<\/div>\n\t\t\t\t<\/div>\n\t\t\t\t\t<\/div>\n\t\t<\/div>\n\t\t\t\t\t<\/div>\n\t\t<\/section>\n\t\t\t\t<section class=\"elementor-section elementor-top-section elementor-element elementor-element-49ec3d23 elementor-section-boxed elementor-section-height-default elementor-section-height-default\" data-id=\"49ec3d23\" data-element_type=\"section\">\n\t\t\t\t\t\t<div class=\"elementor-container elementor-column-gap-no\">\n\t\t\t\t\t<div class=\"elementor-column elementor-col-50 elementor-top-column elementor-element elementor-element-6ea88d14 elementor-hidden-phone\" data-id=\"6ea88d14\" data-element_type=\"column\" data-settings=\"{&quot;background_background&quot;:&quot;classic&quot;}\">\n\t\t\t<div class=\"elementor-widget-wrap elementor-element-populated\">\n\t\t\t\t\t\t<section class=\"elementor-section elementor-inner-section elementor-element elementor-element-5a51cb70 elementor-section-height-min-height elementor-section-boxed elementor-section-height-default\" data-id=\"5a51cb70\" data-element_type=\"section\" data-settings=\"{&quot;sticky&quot;:&quot;top&quot;,&quot;sticky_on&quot;:[&quot;desktop&quot;,&quot;tablet&quot;,&quot;mobile&quot;],&quot;sticky_offset&quot;:0,&quot;sticky_effects_offset&quot;:0,&quot;sticky_anchor_link_offset&quot;:0}\">\n\t\t\t\t\t\t<div class=\"elementor-container elementor-column-gap-no\">\n\t\t\t\t\t<div class=\"elementor-column elementor-col-100 elementor-inner-column elementor-element elementor-element-18ff3db2 elementor-hidden-phone\" data-id=\"18ff3db2\" data-element_type=\"column\">\n\t\t\t<div class=\"elementor-widget-wrap elementor-element-populated\">\n\t\t\t\t\t\t<div class=\"elementor-element elementor-element-5594f850 elementor-widget elementor-widget-image\" data-id=\"5594f850\" data-element_type=\"widget\" data-widget_type=\"image.default\">\n\t\t\t\t<div class=\"elementor-widget-container\">\n\t\t\t\t\t\t\t\t\t\t\t\t\t\t\t<img fetchpriority=\"high\" decoding=\"async\" width=\"737\" height=\"1024\" src=\"https:\/\/pianoiturbi.dival.es\/wp-content\/uploads\/pianoiturbi-2023-logo-737x1024.jpg\" class=\"attachment-large size-large wp-image-4551\" alt=\"\" srcset=\"https:\/\/pianoiturbi.dival.es\/wp-content\/uploads\/pianoiturbi-2023-logo-737x1024.jpg 737w, https:\/\/pianoiturbi.dival.es\/wp-content\/uploads\/pianoiturbi-2023-logo-216x300.jpg 216w, https:\/\/pianoiturbi.dival.es\/wp-content\/uploads\/pianoiturbi-2023-logo-768x1067.jpg 768w, https:\/\/pianoiturbi.dival.es\/wp-content\/uploads\/pianoiturbi-2023-logo-1106x1536.jpg 1106w, https:\/\/pianoiturbi.dival.es\/wp-content\/uploads\/pianoiturbi-2023-logo.jpg 1276w\" sizes=\"(max-width: 737px) 100vw, 737px\" \/>\t\t\t\t\t\t\t\t\t\t\t\t\t\t\t<\/div>\n\t\t\t\t<\/div>\n\t\t\t\t\t<\/div>\n\t\t<\/div>\n\t\t\t\t\t<\/div>\n\t\t<\/section>\n\t\t\t\t\t<\/div>\n\t\t<\/div>\n\t\t\t\t<div class=\"elementor-column elementor-col-50 elementor-top-column elementor-element elementor-element-b11f30f\" data-id=\"b11f30f\" data-element_type=\"column\">\n\t\t\t<div class=\"elementor-widget-wrap elementor-element-populated\">\n\t\t\t\t\t\t<div class=\"elementor-element elementor-element-c04fba5 elementor-widget elementor-widget-spacer\" data-id=\"c04fba5\" data-element_type=\"widget\" data-widget_type=\"spacer.default\">\n\t\t\t\t<div class=\"elementor-widget-container\">\n\t\t\t\t\t\t\t<div class=\"elementor-spacer\">\n\t\t\t<div class=\"elementor-spacer-inner\"><\/div>\n\t\t<\/div>\n\t\t\t\t\t\t<\/div>\n\t\t\t\t<\/div>\n\t\t\t\t<div class=\"elementor-element elementor-element-ecb048f elementor-widget elementor-widget-template\" data-id=\"ecb048f\" data-element_type=\"widget\" data-widget_type=\"template.default\">\n\t\t\t\t<div class=\"elementor-widget-container\">\n\t\t\t\t\t\t\t<div class=\"elementor-template\">\n\t\t\t\t\t<div data-elementor-type=\"page\" data-elementor-id=\"4547\" class=\"elementor elementor-4547 elementor-4541\" data-elementor-post-type=\"elementor_library\">\n\t\t\t\t\t\t<section class=\"elementor-section elementor-top-section elementor-element elementor-element-239d8534 elementor-section-boxed elementor-section-height-default elementor-section-height-default\" data-id=\"239d8534\" data-element_type=\"section\">\n\t\t\t\t\t\t<div class=\"elementor-container elementor-column-gap-no\">\n\t\t\t\t\t<div class=\"elementor-column elementor-col-100 elementor-top-column elementor-element elementor-element-44d4e846\" data-id=\"44d4e846\" data-element_type=\"column\">\n\t\t\t<div class=\"elementor-widget-wrap elementor-element-populated\">\n\t\t\t\t\t\t<div class=\"elementor-element elementor-element-3bf8be1f elementor-widget elementor-widget-spacer\" data-id=\"3bf8be1f\" data-element_type=\"widget\" data-widget_type=\"spacer.default\">\n\t\t\t\t<div class=\"elementor-widget-container\">\n\t\t\t\t\t\t\t<div class=\"elementor-spacer\">\n\t\t\t<div class=\"elementor-spacer-inner\"><\/div>\n\t\t<\/div>\n\t\t\t\t\t\t<\/div>\n\t\t\t\t<\/div>\n\t\t\t\t<div class=\"elementor-element elementor-element-35fac6d4 elementor-widget elementor-widget-heading\" data-id=\"35fac6d4\" data-element_type=\"widget\" data-widget_type=\"heading.default\">\n\t\t\t\t<div class=\"elementor-widget-container\">\n\t\t\t\t\t<h3 class=\"elementor-heading-title elementor-size-default\">22nd<br>Val\u00e8ncia <br>ITURBI<br>International<br>Piano<br>Competition<\/h3>\t\t\t\t<\/div>\n\t\t\t\t<\/div>\n\t\t\t\t<div class=\"elementor-element elementor-element-3be91dbc elementor-widget elementor-widget-heading\" data-id=\"3be91dbc\" data-element_type=\"widget\" data-widget_type=\"heading.default\">\n\t\t\t\t<div class=\"elementor-widget-container\">\n\t\t\t\t\t<h5 class=\"elementor-heading-title elementor-size-default\">From May 31 to June 10, 2023<\/h5>\t\t\t\t<\/div>\n\t\t\t\t<\/div>\n\t\t\t\t<div class=\"elementor-element elementor-element-487ea14c elementor-widget-divider--view-line elementor-widget elementor-widget-divider\" data-id=\"487ea14c\" data-element_type=\"widget\" data-widget_type=\"divider.default\">\n\t\t\t\t<div class=\"elementor-widget-container\">\n\t\t\t\t\t\t\t<div class=\"elementor-divider\">\n\t\t\t<span class=\"elementor-divider-separator\">\n\t\t\t\t\t\t<\/span>\n\t\t<\/div>\n\t\t\t\t\t\t<\/div>\n\t\t\t\t<\/div>\n\t\t\t\t\t<\/div>\n\t\t<\/div>\n\t\t\t\t\t<\/div>\n\t\t<\/section>\n\t\t\t\t<\/div>\n\t\t\t\t<\/div>\n\t\t\t\t\t\t<\/div>\n\t\t\t\t<\/div>\n\t\t\t\t<div class=\"elementor-element elementor-element-525866f8 elementor-widget elementor-widget-image\" data-id=\"525866f8\" data-element_type=\"widget\" data-widget_type=\"image.default\">\n\t\t\t\t<div class=\"elementor-widget-container\">\n\t\t\t\t\t\t\t\t\t\t\t\t\t\t\t<img decoding=\"async\" width=\"1024\" height=\"622\" src=\"https:\/\/pianoiturbi.dival.es\/wp-content\/uploads\/07-Hoyel-Lee-1.jpg\" class=\"attachment-large size-large wp-image-6495\" alt=\"\" \/>\t\t\t\t\t\t\t\t\t\t\t\t\t\t\t<\/div>\n\t\t\t\t<\/div>\n\t\t\t\t<div class=\"elementor-element elementor-element-5fb73fd elementor-widget elementor-widget-heading\" data-id=\"5fb73fd\" data-element_type=\"widget\" data-widget_type=\"heading.default\">\n\t\t\t\t<div class=\"elementor-widget-container\">\n\t\t\t\t\t<h3 class=\"elementor-heading-title elementor-size-default\">Hoyel Lee<\/h3>\t\t\t\t<\/div>\n\t\t\t\t<\/div>\n\t\t\t\t<div class=\"elementor-element elementor-element-1cd3b6e6 elementor-widget elementor-widget-text-editor\" data-id=\"1cd3b6e6\" data-element_type=\"widget\" data-widget_type=\"text-editor.default\">\n\t\t\t\t<div class=\"elementor-widget-container\">\n\t\t\t\t\t\t\t\t\t<p class=\"p1\">Hoyel Lee has been described by the International Piano Magazine Korea as \u201cmesmerizing in the excellent interpretation, intensity and emotionalism of his music.\u201d<\/p>\n\t\t\t\t\t\t\t\t<\/div>\n\t\t\t\t<\/div>\n\t\t\t\t<div class=\"elementor-element elementor-element-440762ce elementor-widget elementor-widget-text-editor\" data-id=\"440762ce\" data-element_type=\"widget\" data-widget_type=\"text-editor.default\">\n\t\t\t\t<div class=\"elementor-widget-container\">\n\t\t\t\t\t\t\t\t\t<p class=\"p1\">He has been a top prizewinner of numerous competitions including International Jeunesses Musicales Competition Belgrade, Brescia Classica International Piano Competition, Concorso Pianistico Internazionale Massarosa, Krystian Tkaczewski International Piano Competition, Lyon International Piano Competition and Sviatoslav Richter International Piano Competition. He was selected as a Semifinalist of George Enescu International Piano Competition 2021.<\/p>\n\t\t\t\t\t\t\t\t<\/div>\n\t\t\t\t<\/div>\n\t\t\t\t<div class=\"elementor-element elementor-element-5ef768e elementor-widget elementor-widget-text-editor\" data-id=\"5ef768e\" data-element_type=\"widget\" data-widget_type=\"text-editor.default\">\n\t\t\t\t<div class=\"elementor-widget-container\">\n\t\t\t\t\t\t\t\t\t<p class=\"p1\">He is an active and prominent performer of both solo and chamber music. He has appeared as a soloist with orchestras including the Serbia Radio-Television Symphony Orchestra, Bari Symphonic Orchestra, Chicago Chamber Ensemble, Vienna Contemporary Ensemble and Gangnam Symphony Orchestra. He has given recitals at the Vienna B\u00f6sendorfer Hall, Melschede Castle, Museo Diocesano Brescia, Montreal Bourgie Hall, Texas PepsiCo Hall, New York Kaufmann Concert Hall, Belgrade Kolarac Concert Hall and Seoul Arts Center.<\/p>\n\t\t\t\t\t\t\t\t<\/div>\n\t\t\t\t<\/div>\n\t\t\t\t<div class=\"elementor-element elementor-element-58de2f92 elementor-widget elementor-widget-text-editor\" data-id=\"58de2f92\" data-element_type=\"widget\" data-widget_type=\"text-editor.default\">\n\t\t\t\t<div class=\"elementor-widget-container\">\n\t\t\t\t\t\t\t\t\t<p class=\"p1\">He graduated from Universit\u00e4t f\u00fcr Musik und darstellende Kunst Wien, Hochschule f\u00fcr Musik und Theater M\u00fcnchen, and Musikhochschule M\u00fcnster with scholarships. He studied with Prof. Arnulf von Arnim, Antti Siirala, Michael Krist, Soo-Jung Shin, Hie-Yon Choi and Jeong-Won Kim.<\/p>\n\t\t\t\t\t\t\t\t<\/div>\n\t\t\t\t<\/div>\n\t\t\t\t<div class=\"elementor-element elementor-element-36ac90bf elementor-align-center elementor-widget elementor-widget-button\" data-id=\"36ac90bf\" data-element_type=\"widget\" data-widget_type=\"button.default\">\n\t\t\t\t<div class=\"elementor-widget-container\">\n\t\t\t\t\t\t\t\t\t<div class=\"elementor-button-wrapper\">\n\t\t\t\t\t<a class=\"elementor-button elementor-button-link elementor-size-sm\" href=\"https:\/\/pianoiturbi.dival.es\/concurso-2023\/participantes\/\">\n\t\t\t\t\t\t<span class=\"elementor-button-content-wrapper\">\n\t\t\t\t\t\t\t\t\t<span class=\"elementor-button-text\">BACK<\/span>\n\t\t\t\t\t<\/span>\n\t\t\t\t\t<\/a>\n\t\t\t\t<\/div>\n\t\t\t\t\t\t\t\t<\/div>\n\t\t\t\t<\/div>\n\t\t\t\t\t<\/div>\n\t\t<\/div>\n\t\t\t\t\t<\/div>\n\t\t<\/section>\n\t\t\t\t<\/div>\n\t\t","protected":false},"excerpt":{"rendered":"<p>Hoyel Lee Hoyel Lee has been described by the International Piano Magazine Korea as \u201cmesmerizing in the excellent interpretation, intensity and emotionalism of his music.\u201d He has been a top [&hellip;]<\/p>\n","protected":false},"author":2,"featured_media":0,"parent":6759,"menu_order":0,"comment_status":"closed","ping_status":"closed","template":"","meta":{"_tec_requires_first_save":true,"site-sidebar-layout":"no-sidebar","site-content-layout":"page-builder","ast-site-content-layout":"","site-content-style":"default","site-sidebar-style":"default","ast-global-header-display":"","ast-banner-title-visibility":"","ast-main-header-display":"","ast-hfb-above-header-display":"","ast-hfb-below-header-display":"","ast-hfb-mobile-header-display":"","site-post-title":"disabled","ast-breadcrumbs-content":"","ast-featured-img":"disabled","footer-sml-layout":"","theme-transparent-header-meta":"","adv-header-id-meta":"","stick-header-meta":"","header-above-stick-meta":"","header-main-stick-meta":"","header-below-stick-meta":"","astra-migrate-meta-layouts":"default","ast-page-background-enabled":"default","ast-page-background-meta":{"desktop":{"background-color":"","background-image":"","background-repeat":"repeat","background-position":"center center","background-size":"auto","background-attachment":"scroll","background-type":"","background-media":"","overlay-type":"","overlay-color":"","overlay-opacity":"","overlay-gradient":""},"tablet":{"background-color":"","background-image":"","background-repeat":"repeat","background-position":"center center","background-size":"auto","background-attachment":"scroll","background-type":"","background-media":"","overlay-type":"","overlay-color":"","overlay-opacity":"","overlay-gradient":""},"mobile":{"background-color":"","background-image":"","background-repeat":"repeat","background-position":"center center","background-size":"auto","background-attachment":"scroll","background-type":"","background-media":"","overlay-type":"","overlay-color":"","overlay-opacity":"","overlay-gradient":""}},"ast-content-background-meta":{"desktop":{"background-color":"var(--ast-global-color-5)","background-image":"","background-repeat":"repeat","background-position":"center center","background-size":"auto","background-attachment":"scroll","background-type":"","background-media":"","overlay-type":"","overlay-color":"","overlay-opacity":"","overlay-gradient":""},"tablet":{"background-color":"var(--ast-global-color-5)","background-image":"","background-repeat":"repeat","background-position":"center center","background-size":"auto","background-attachment":"scroll","background-type":"","background-media":"","overlay-type":"","overlay-color":"","overlay-opacity":"","overlay-gradient":""},"mobile":{"background-color":"var(--ast-global-color-5)","background-image":"","background-repeat":"repeat","background-position":"center center","background-size":"auto","background-attachment":"scroll","background-type":"","background-media":"","overlay-type":"","overlay-color":"","overlay-opacity":"","overlay-gradient":""}},"_EventAllDay":false,"_EventTimezone":"","_EventStartDate":"","_EventEndDate":"","_EventStartDateUTC":"","_EventEndDateUTC":"","_EventShowMap":false,"_EventShowMapLink":false,"_EventURL":"","_EventCost":"","_EventCostDescription":"","_EventCurrencySymbol":"","_EventCurrencyCode":"","_EventCurrencyPosition":"","_EventDateTimeSeparator":"","_EventTimeRangeSeparator":"","_EventOrganizerID":[],"_EventVenueID":[],"_OrganizerEmail":"","_OrganizerPhone":"","_OrganizerWebsite":"","_VenueAddress":"","_VenueCity":"","_VenueCountry":"","_VenueProvince":"","_VenueState":"","_VenueZip":"","_VenuePhone":"","_VenueURL":"","_VenueStateProvince":"","_VenueLat":"","_VenueLng":"","_VenueShowMap":false,"_VenueShowMapLink":false,"_tribe_blocks_recurrence_rules":"","_tribe_blocks_recurrence_description":"","_tribe_blocks_recurrence_exclusions":"","footnotes":""},"class_list":["post-6713","page","type-page","status-publish","hentry"],"yoast_head":"<!-- This site is optimized with the Yoast SEO plugin v25.3 - https:\/\/yoast.com\/wordpress\/plugins\/seo\/ -->\n<title>Hoyel Lee - Piano Iturbi<\/title>\n<meta name=\"description\" content=\"The Valencia Iturbi International Piano Competition, a platform for young pianists from all over the world, is a benchmark on the international music scene, in combination with the Iturbi Piano Festival and the recitals programme\" \/>\n<meta name=\"robots\" content=\"index, follow, max-snippet:-1, max-image-preview:large, max-video-preview:-1\" \/>\n<link rel=\"canonical\" href=\"https:\/\/pianoiturbi.dival.es\/concurso-2023\/participantes\/hoyel-lee\/\" \/>\n<meta property=\"og:locale\" content=\"en_US\" \/>\n<meta property=\"og:type\" content=\"article\" \/>\n<meta property=\"og:title\" content=\"Hoyel Lee - Piano Iturbi\" \/>\n<meta property=\"og:description\" content=\"The Valencia Iturbi International Piano Competition, a platform for young pianists from all over the world, is a benchmark on the international music scene, in combination with the Iturbi Piano Festival and the recitals programme\" \/>\n<meta property=\"og:url\" content=\"https:\/\/pianoiturbi.dival.es\/concurso-2023\/participantes\/hoyel-lee\/\" \/>\n<meta property=\"og:site_name\" content=\"Piano Iturbi\" \/>\n<meta property=\"article:modified_time\" content=\"2023-05-25T11:08:54+00:00\" \/>\n<meta property=\"og:image\" content=\"https:\/\/pianoiturbi.dival.es\/wp-content\/uploads\/pianoiturbi-2023-logo.jpg\" \/>\n\t<meta property=\"og:image:width\" content=\"1276\" \/>\n\t<meta property=\"og:image:height\" content=\"1772\" \/>\n\t<meta property=\"og:image:type\" content=\"image\/jpeg\" \/>\n<meta name=\"twitter:card\" content=\"summary_large_image\" \/>\n<meta name=\"twitter:label1\" content=\"Est. reading time\" \/>\n\t<meta name=\"twitter:data1\" content=\"1 minute\" \/>\n<script type=\"application\/ld+json\" class=\"yoast-schema-graph\">{\"@context\":\"https:\/\/schema.org\",\"@graph\":[{\"@type\":\"WebPage\",\"@id\":\"https:\/\/pianoiturbi.dival.es\/concurso-2023\/participantes\/hoyel-lee\/\",\"url\":\"https:\/\/pianoiturbi.dival.es\/concurso-2023\/participantes\/hoyel-lee\/\",\"name\":\"Hoyel Lee - Piano Iturbi\",\"isPartOf\":{\"@id\":\"https:\/\/pianoiturbi.dival.es\/#website\"},\"primaryImageOfPage\":{\"@id\":\"https:\/\/pianoiturbi.dival.es\/concurso-2023\/participantes\/hoyel-lee\/#primaryimage\"},\"image\":{\"@id\":\"https:\/\/pianoiturbi.dival.es\/concurso-2023\/participantes\/hoyel-lee\/#primaryimage\"},\"thumbnailUrl\":\"https:\/\/pianoiturbi.dival.es\/wp-content\/uploads\/pianoiturbi-2023-logo-737x1024.jpg\",\"datePublished\":\"2023-05-25T11:08:53+00:00\",\"dateModified\":\"2023-05-25T11:08:54+00:00\",\"description\":\"The Valencia Iturbi International Piano Competition, a platform for young pianists from all over the world, is a benchmark on the international music scene, in combination with the Iturbi Piano Festival and the recitals programme\",\"breadcrumb\":{\"@id\":\"https:\/\/pianoiturbi.dival.es\/concurso-2023\/participantes\/hoyel-lee\/#breadcrumb\"},\"inLanguage\":\"en-US\",\"potentialAction\":[{\"@type\":\"ReadAction\",\"target\":[\"https:\/\/pianoiturbi.dival.es\/concurso-2023\/participantes\/hoyel-lee\/\"]}]},{\"@type\":\"ImageObject\",\"inLanguage\":\"en-US\",\"@id\":\"https:\/\/pianoiturbi.dival.es\/concurso-2023\/participantes\/hoyel-lee\/#primaryimage\",\"url\":\"https:\/\/pianoiturbi.dival.es\/wp-content\/uploads\/pianoiturbi-2023-logo-737x1024.jpg\",\"contentUrl\":\"https:\/\/pianoiturbi.dival.es\/wp-content\/uploads\/pianoiturbi-2023-logo-737x1024.jpg\"},{\"@type\":\"BreadcrumbList\",\"@id\":\"https:\/\/pianoiturbi.dival.es\/concurso-2023\/participantes\/hoyel-lee\/#breadcrumb\",\"itemListElement\":[{\"@type\":\"ListItem\",\"position\":1,\"name\":\"Portada\",\"item\":\"https:\/\/pianoiturbi.dival.es\/en\/\"},{\"@type\":\"ListItem\",\"position\":2,\"name\":\"Concurso 2023\",\"item\":\"https:\/\/pianoiturbi.dival.es\/concurso-2023\/\"},{\"@type\":\"ListItem\",\"position\":3,\"name\":\"Participants\",\"item\":\"https:\/\/pianoiturbi.dival.es\/concurso-2023\/participantes\/\"},{\"@type\":\"ListItem\",\"position\":4,\"name\":\"Hoyel Lee\"}]},{\"@type\":\"WebSite\",\"@id\":\"https:\/\/pianoiturbi.dival.es\/#website\",\"url\":\"https:\/\/pianoiturbi.dival.es\/\",\"name\":\"Piano Iturbi\",\"description\":\"The Valencia Iturbi International Piano Competition, a platform for young pianists from all over the world, is a benchmark on the international music scene, in combination with the Iturbi Piano Festival and the recitals programme\",\"potentialAction\":[{\"@type\":\"SearchAction\",\"target\":{\"@type\":\"EntryPoint\",\"urlTemplate\":\"https:\/\/pianoiturbi.dival.es\/?s={search_term_string}\"},\"query-input\":{\"@type\":\"PropertyValueSpecification\",\"valueRequired\":true,\"valueName\":\"search_term_string\"}}],\"inLanguage\":\"en-US\"}]}<\/script>\n<!-- \/ Yoast SEO plugin. -->","yoast_head_json":{"title":"Hoyel Lee - Piano Iturbi","description":"The Valencia Iturbi International Piano Competition, a platform for young pianists from all over the world, is a benchmark on the international music scene, in combination with the Iturbi Piano Festival and the recitals programme","robots":{"index":"index","follow":"follow","max-snippet":"max-snippet:-1","max-image-preview":"max-image-preview:large","max-video-preview":"max-video-preview:-1"},"canonical":"https:\/\/pianoiturbi.dival.es\/concurso-2023\/participantes\/hoyel-lee\/","og_locale":"en_US","og_type":"article","og_title":"Hoyel Lee - Piano Iturbi","og_description":"The Valencia Iturbi International Piano Competition, a platform for young pianists from all over the world, is a benchmark on the international music scene, in combination with the Iturbi Piano Festival and the recitals programme","og_url":"https:\/\/pianoiturbi.dival.es\/concurso-2023\/participantes\/hoyel-lee\/","og_site_name":"Piano Iturbi","article_modified_time":"2023-05-25T11:08:54+00:00","og_image":[{"width":1276,"height":1772,"url":"https:\/\/pianoiturbi.dival.es\/wp-content\/uploads\/pianoiturbi-2023-logo.jpg","type":"image\/jpeg"}],"twitter_card":"summary_large_image","twitter_misc":{"Est. reading time":"1 minute"},"schema":{"@context":"https:\/\/schema.org","@graph":[{"@type":"WebPage","@id":"https:\/\/pianoiturbi.dival.es\/concurso-2023\/participantes\/hoyel-lee\/","url":"https:\/\/pianoiturbi.dival.es\/concurso-2023\/participantes\/hoyel-lee\/","name":"Hoyel Lee - Piano Iturbi","isPartOf":{"@id":"https:\/\/pianoiturbi.dival.es\/#website"},"primaryImageOfPage":{"@id":"https:\/\/pianoiturbi.dival.es\/concurso-2023\/participantes\/hoyel-lee\/#primaryimage"},"image":{"@id":"https:\/\/pianoiturbi.dival.es\/concurso-2023\/participantes\/hoyel-lee\/#primaryimage"},"thumbnailUrl":"https:\/\/pianoiturbi.dival.es\/wp-content\/uploads\/pianoiturbi-2023-logo-737x1024.jpg","datePublished":"2023-05-25T11:08:53+00:00","dateModified":"2023-05-25T11:08:54+00:00","description":"The Valencia Iturbi International Piano Competition, a platform for young pianists from all over the world, is a benchmark on the international music scene, in combination with the Iturbi Piano Festival and the recitals programme","breadcrumb":{"@id":"https:\/\/pianoiturbi.dival.es\/concurso-2023\/participantes\/hoyel-lee\/#breadcrumb"},"inLanguage":"en-US","potentialAction":[{"@type":"ReadAction","target":["https:\/\/pianoiturbi.dival.es\/concurso-2023\/participantes\/hoyel-lee\/"]}]},{"@type":"ImageObject","inLanguage":"en-US","@id":"https:\/\/pianoiturbi.dival.es\/concurso-2023\/participantes\/hoyel-lee\/#primaryimage","url":"https:\/\/pianoiturbi.dival.es\/wp-content\/uploads\/pianoiturbi-2023-logo-737x1024.jpg","contentUrl":"https:\/\/pianoiturbi.dival.es\/wp-content\/uploads\/pianoiturbi-2023-logo-737x1024.jpg"},{"@type":"BreadcrumbList","@id":"https:\/\/pianoiturbi.dival.es\/concurso-2023\/participantes\/hoyel-lee\/#breadcrumb","itemListElement":[{"@type":"ListItem","position":1,"name":"Portada","item":"https:\/\/pianoiturbi.dival.es\/en\/"},{"@type":"ListItem","position":2,"name":"Concurso 2023","item":"https:\/\/pianoiturbi.dival.es\/concurso-2023\/"},{"@type":"ListItem","position":3,"name":"Participants","item":"https:\/\/pianoiturbi.dival.es\/concurso-2023\/participantes\/"},{"@type":"ListItem","position":4,"name":"Hoyel Lee"}]},{"@type":"WebSite","@id":"https:\/\/pianoiturbi.dival.es\/#website","url":"https:\/\/pianoiturbi.dival.es\/","name":"Piano Iturbi","description":"The Valencia Iturbi International Piano Competition, a platform for young pianists from all over the world, is a benchmark on the international music scene, in combination with the Iturbi Piano Festival and the recitals programme","potentialAction":[{"@type":"SearchAction","target":{"@type":"EntryPoint","urlTemplate":"https:\/\/pianoiturbi.dival.es\/?s={search_term_string}"},"query-input":{"@type":"PropertyValueSpecification","valueRequired":true,"valueName":"search_term_string"}}],"inLanguage":"en-US"}]}},"_links":{"self":[{"href":"https:\/\/pianoiturbi.dival.es\/en\/wp-json\/wp\/v2\/pages\/6713","targetHints":{"allow":["GET"]}}],"collection":[{"href":"https:\/\/pianoiturbi.dival.es\/en\/wp-json\/wp\/v2\/pages"}],"about":[{"href":"https:\/\/pianoiturbi.dival.es\/en\/wp-json\/wp\/v2\/types\/page"}],"author":[{"embeddable":true,"href":"https:\/\/pianoiturbi.dival.es\/en\/wp-json\/wp\/v2\/users\/2"}],"replies":[{"embeddable":true,"href":"https:\/\/pianoiturbi.dival.es\/en\/wp-json\/wp\/v2\/comments?post=6713"}],"version-history":[{"count":0,"href":"https:\/\/pianoiturbi.dival.es\/en\/wp-json\/wp\/v2\/pages\/6713\/revisions"}],"up":[{"embeddable":true,"href":"https:\/\/pianoiturbi.dival.es\/en\/wp-json\/wp\/v2\/pages\/6759"}],"wp:attachment":[{"href":"https:\/\/pianoiturbi.dival.es\/en\/wp-json\/wp\/v2\/media?parent=6713"}],"curies":[{"name":"wp","href":"https:\/\/api.w.org\/{rel}","templated":true}]}}