{"id":7935,"date":"2024-05-07T21:55:30","date_gmt":"2024-05-07T19:55:30","guid":{"rendered":"https:\/\/pianoiturbi.dival.es\/?page_id=7935"},"modified":"2024-07-04T18:22:34","modified_gmt":"2024-07-04T16:22:34","slug":"carles-marin","status":"publish","type":"page","link":"https:\/\/pianoiturbi.dival.es\/en\/2025-competition\/jury\/carles-marin\/","title":{"rendered":"Carles Mar\u00edn"},"content":{"rendered":"\t\t<div data-elementor-type=\"wp-page\" data-elementor-id=\"7935\" class=\"elementor elementor-7935 elementor-7933\" data-elementor-post-type=\"page\">\n\t\t\t\t\t\t<section class=\"elementor-section elementor-top-section elementor-element elementor-element-4eb6feb2 elementor-hidden-desktop elementor-hidden-tablet elementor-section-boxed elementor-section-height-default elementor-section-height-default\" data-id=\"4eb6feb2\" data-element_type=\"section\">\n\t\t\t\t\t\t<div class=\"elementor-container elementor-column-gap-no\">\n\t\t\t\t\t<div class=\"elementor-column elementor-col-100 elementor-top-column elementor-element elementor-element-42f36430\" data-id=\"42f36430\" data-element_type=\"column\">\n\t\t\t<div class=\"elementor-widget-wrap elementor-element-populated\">\n\t\t\t\t\t\t<div class=\"elementor-element elementor-element-3bef42db elementor-widget elementor-widget-image\" data-id=\"3bef42db\" data-element_type=\"widget\" data-widget_type=\"image.default\">\n\t\t\t\t<div class=\"elementor-widget-container\">\n\t\t\t\t\t\t\t\t\t\t\t\t\t\t\t<img fetchpriority=\"high\" decoding=\"async\" width=\"600\" height=\"833\" src=\"https:\/\/pianoiturbi.dival.es\/wp-content\/uploads\/pianoiturbi-2025-logo.jpg\" class=\"attachment-large size-large wp-image-7785\" alt=\"\" srcset=\"https:\/\/pianoiturbi.dival.es\/wp-content\/uploads\/pianoiturbi-2025-logo.jpg 600w, https:\/\/pianoiturbi.dival.es\/wp-content\/uploads\/pianoiturbi-2025-logo-216x300.jpg 216w\" sizes=\"(max-width: 600px) 100vw, 600px\" \/>\t\t\t\t\t\t\t\t\t\t\t\t\t\t\t<\/div>\n\t\t\t\t<\/div>\n\t\t\t\t\t<\/div>\n\t\t<\/div>\n\t\t\t\t\t<\/div>\n\t\t<\/section>\n\t\t\t\t<section class=\"elementor-section elementor-top-section elementor-element elementor-element-19fb79b3 elementor-section-boxed elementor-section-height-default elementor-section-height-default\" data-id=\"19fb79b3\" data-element_type=\"section\">\n\t\t\t\t\t\t<div class=\"elementor-container elementor-column-gap-no\">\n\t\t\t\t\t<div class=\"elementor-column elementor-col-50 elementor-top-column elementor-element elementor-element-b973f1e elementor-hidden-phone\" data-id=\"b973f1e\" data-element_type=\"column\" data-settings=\"{&quot;background_background&quot;:&quot;classic&quot;}\">\n\t\t\t<div class=\"elementor-widget-wrap elementor-element-populated\">\n\t\t\t\t\t\t<section class=\"elementor-section elementor-inner-section elementor-element elementor-element-5fde087 elementor-section-height-min-height elementor-section-boxed elementor-section-height-default\" data-id=\"5fde087\" data-element_type=\"section\" data-settings=\"{&quot;sticky&quot;:&quot;top&quot;,&quot;sticky_parent&quot;:&quot;yes&quot;,&quot;sticky_on&quot;:[&quot;desktop&quot;,&quot;tablet&quot;,&quot;mobile&quot;],&quot;sticky_offset&quot;:0,&quot;sticky_effects_offset&quot;:0,&quot;sticky_anchor_link_offset&quot;:0}\">\n\t\t\t\t\t\t<div class=\"elementor-container elementor-column-gap-no\">\n\t\t\t\t\t<div class=\"elementor-column elementor-col-100 elementor-inner-column elementor-element elementor-element-19c294ff elementor-hidden-phone\" data-id=\"19c294ff\" data-element_type=\"column\">\n\t\t\t<div class=\"elementor-widget-wrap elementor-element-populated\">\n\t\t\t\t\t\t<div class=\"elementor-element elementor-element-65c54ed6 elementor-widget elementor-widget-image\" data-id=\"65c54ed6\" data-element_type=\"widget\" data-widget_type=\"image.default\">\n\t\t\t\t<div class=\"elementor-widget-container\">\n\t\t\t\t\t\t\t\t\t\t\t\t\t\t\t<img fetchpriority=\"high\" decoding=\"async\" width=\"600\" height=\"833\" src=\"https:\/\/pianoiturbi.dival.es\/wp-content\/uploads\/pianoiturbi-2025-logo.jpg\" class=\"attachment-large size-large wp-image-7785\" alt=\"\" srcset=\"https:\/\/pianoiturbi.dival.es\/wp-content\/uploads\/pianoiturbi-2025-logo.jpg 600w, https:\/\/pianoiturbi.dival.es\/wp-content\/uploads\/pianoiturbi-2025-logo-216x300.jpg 216w\" sizes=\"(max-width: 600px) 100vw, 600px\" \/>\t\t\t\t\t\t\t\t\t\t\t\t\t\t\t<\/div>\n\t\t\t\t<\/div>\n\t\t\t\t\t<\/div>\n\t\t<\/div>\n\t\t\t\t\t<\/div>\n\t\t<\/section>\n\t\t\t\t\t<\/div>\n\t\t<\/div>\n\t\t\t\t<div class=\"elementor-column elementor-col-50 elementor-top-column elementor-element elementor-element-498d3408\" data-id=\"498d3408\" data-element_type=\"column\">\n\t\t\t<div class=\"elementor-widget-wrap elementor-element-populated\">\n\t\t\t\t\t\t<div class=\"elementor-element elementor-element-5eb05747 elementor-widget elementor-widget-spacer\" data-id=\"5eb05747\" data-element_type=\"widget\" data-widget_type=\"spacer.default\">\n\t\t\t\t<div class=\"elementor-widget-container\">\n\t\t\t\t\t\t\t<div class=\"elementor-spacer\">\n\t\t\t<div class=\"elementor-spacer-inner\"><\/div>\n\t\t<\/div>\n\t\t\t\t\t\t<\/div>\n\t\t\t\t<\/div>\n\t\t\t\t<div class=\"elementor-element elementor-element-6f009e91 elementor-widget elementor-widget-template\" data-id=\"6f009e91\" data-element_type=\"widget\" data-widget_type=\"template.default\">\n\t\t\t\t<div class=\"elementor-widget-container\">\n\t\t\t\t\t\t\t<div class=\"elementor-template\">\n\t\t\t\t\t<div data-elementor-type=\"page\" data-elementor-id=\"7780\" class=\"elementor elementor-7780 elementor-7773\" data-elementor-post-type=\"elementor_library\">\n\t\t\t\t\t\t<section class=\"elementor-section elementor-top-section elementor-element elementor-element-3feef6de elementor-section-boxed elementor-section-height-default elementor-section-height-default\" data-id=\"3feef6de\" data-element_type=\"section\">\n\t\t\t\t\t\t<div class=\"elementor-container elementor-column-gap-no\">\n\t\t\t\t\t<div class=\"elementor-column elementor-col-100 elementor-top-column elementor-element elementor-element-5a8c3d81\" data-id=\"5a8c3d81\" data-element_type=\"column\">\n\t\t\t<div class=\"elementor-widget-wrap elementor-element-populated\">\n\t\t\t\t\t\t<div class=\"elementor-element elementor-element-2fe6fd7f elementor-widget elementor-widget-spacer\" data-id=\"2fe6fd7f\" data-element_type=\"widget\" data-widget_type=\"spacer.default\">\n\t\t\t\t<div class=\"elementor-widget-container\">\n\t\t\t\t\t\t\t<div class=\"elementor-spacer\">\n\t\t\t<div class=\"elementor-spacer-inner\"><\/div>\n\t\t<\/div>\n\t\t\t\t\t\t<\/div>\n\t\t\t\t<\/div>\n\t\t\t\t<div class=\"elementor-element elementor-element-3906087c elementor-widget elementor-widget-heading\" data-id=\"3906087c\" data-element_type=\"widget\" data-widget_type=\"heading.default\">\n\t\t\t\t<div class=\"elementor-widget-container\">\n\t\t\t\t\t<h3 class=\"elementor-heading-title elementor-size-default\">23rd<br> Val\u00e8ncia<br> Iturbi<br> International<br> Piano<br> Competition<\/h3>\t\t\t\t<\/div>\n\t\t\t\t<\/div>\n\t\t\t\t<div class=\"elementor-element elementor-element-2b155942 elementor-widget elementor-widget-heading\" data-id=\"2b155942\" data-element_type=\"widget\" data-widget_type=\"heading.default\">\n\t\t\t\t<div class=\"elementor-widget-container\">\n\t\t\t\t\t<h5 class=\"elementor-heading-title elementor-size-default\">From 4 to June 14, 2025<\/h5>\t\t\t\t<\/div>\n\t\t\t\t<\/div>\n\t\t\t\t<div class=\"elementor-element elementor-element-6a912d3f elementor-widget-divider--view-line elementor-widget elementor-widget-divider\" data-id=\"6a912d3f\" data-element_type=\"widget\" data-widget_type=\"divider.default\">\n\t\t\t\t<div class=\"elementor-widget-container\">\n\t\t\t\t\t\t\t<div class=\"elementor-divider\">\n\t\t\t<span class=\"elementor-divider-separator\">\n\t\t\t\t\t\t<\/span>\n\t\t<\/div>\n\t\t\t\t\t\t<\/div>\n\t\t\t\t<\/div>\n\t\t\t\t\t<\/div>\n\t\t<\/div>\n\t\t\t\t\t<\/div>\n\t\t<\/section>\n\t\t\t\t<\/div>\n\t\t\t\t<\/div>\n\t\t\t\t\t\t<\/div>\n\t\t\t\t<\/div>\n\t\t\t\t<div class=\"elementor-element elementor-element-5c53dc87 elementor-widget elementor-widget-heading\" data-id=\"5c53dc87\" data-element_type=\"widget\" data-widget_type=\"heading.default\">\n\t\t\t\t<div class=\"elementor-widget-container\">\n\t\t\t\t\t<h3 class=\"elementor-heading-title elementor-size-default\">Carles Mar\u00edn<\/h3>\t\t\t\t<\/div>\n\t\t\t\t<\/div>\n\t\t\t\t<div class=\"elementor-element elementor-element-e413aa1 elementor-widget elementor-widget-text-editor\" data-id=\"e413aa1\" data-element_type=\"widget\" data-widget_type=\"text-editor.default\">\n\t\t\t\t<div class=\"elementor-widget-container\">\n\t\t\t\t\t\t\t\t\t<p><img decoding=\"async\" class=\"wp-image-961 size-medium alignleft\" src=\"https:\/\/pianoiturbi.dival.es\/wp-content\/uploads\/comisio6-240x300.jpg\" alt=\"\" width=\"240\" height=\"300\" srcset=\"https:\/\/pianoiturbi.dival.es\/wp-content\/uploads\/comisio6-240x300.jpg 240w, https:\/\/pianoiturbi.dival.es\/wp-content\/uploads\/comisio6-768x960.jpg 768w, https:\/\/pianoiturbi.dival.es\/wp-content\/uploads\/comisio6.jpg 800w\" sizes=\"(max-width: 240px) 100vw, 240px\" \/><\/p>\n<p class=\"p1\"><span class=\"s1\">During his extensive international solo career, Carles Mar\u00edn has performed at many outstanding festivals and venues including the Salzburg Festival (Mozarteum Grosser Saal and Wiener Saal), Concertgebauw in Amsterdam, Le Doelen in Rotterdam, Salle Cortot and Unesco in Paris, Salle Gotique in Brussels, Florence Festival, Seymour Center in Sydney, Teatro Nacional in Panama, Rafael Orozco Festival in Cordova, Manuel de Falla Auditorium in Granada, Juan March Foundation in Madrid, and the Echternatch-Luxembourg Festival.<\/span><\/p>\n<p class=\"p1\"><span class=\"s1\">\u00a0<\/span><\/p>\n<p class=\"p1\"><span class=\"s1\">He has also performed solo with world-class orchestras such as the Comunidad Valenciana orchestra resident at the Palau de Les Arts, the orchestras of Cordova, Valencia, Andr\u00e9s Segovia and Reina Sof\u00eda, Madrid, the Mahler Chamber Soloists, Moondwinds, Castilla y Le\u00f3n, and the Rotterdam Ensemble. Following his debut as a young pianist by the master G\u00f3mez-Mart\u00ednez with Tchaikovsky\u2019s piano concerto No.1, he has performed with such acclaimed conductors as Jordi Bern\u00e1cer, Max Bragado, Sborljub Dinic, Enrique Garc\u00eda Asensio, Omer Meir Wellber, Juan Luis Mart\u00ednez, Crist\u00f3bal Soler, Francisco Valero Terribas and Josep Vicent.<\/span><\/p>\n<p class=\"p1\"><span class=\"s1\">\u00a0<\/span><\/p>\n<p class=\"p1\"><span class=\"s1\">Prize-winner in more than 40 piano competitions including those of the Academia Mozarteum and the Scarlatti Preis in Salzburg, Baltic in Poland, Panama City, Citt\u00e0 di Marsala, Flame in Paris, Virtuoso Prize in Rotterdam, Yamaha Foundation of Europe, Jos\u00e9 Iturbi in Valencia, Manuel de Falla in Granada, Ibiza and Frechilla-Zuloaga. His famous \u201cPiano Fire\u201d CD (Nibius, 2016) received the Mel\u00f3mano de Oro award and was Ritmo CD of the month.<\/span><\/p>\n<p class=\"p1\"><span class=\"s1\">\u00a0<\/span><\/p>\n<p class=\"p1\"><span class=\"s1\">Resident piano teacher at the Escuela Internacional Musical Arts, Madrid. Carles is also often invited to give master classes in different European cities. He will soon be joining the Miami International Piano Festival Academy at the invitation of Giselle Brodsky, Mar\u00edn\u2019s mentor.<\/span><\/p>\n<p class=\"p1\"><span class=\"s1\">\u00a0<\/span><\/p>\n<p class=\"p1\"><span class=\"s1\">He has trained with such outstanding names as Joaqu\u00edn Ach\u00facarro and, more recently, Edna Golandsky. He has also been advised by Alicia de Larrocha and Zubin Mehta.<\/span><\/p>\n\t\t\t\t\t\t\t\t<\/div>\n\t\t\t\t<\/div>\n\t\t\t\t<div class=\"elementor-element elementor-element-b440838 elementor-align-center elementor-widget elementor-widget-button\" data-id=\"b440838\" data-element_type=\"widget\" data-widget_type=\"button.default\">\n\t\t\t\t<div class=\"elementor-widget-container\">\n\t\t\t\t\t\t\t\t\t<div class=\"elementor-button-wrapper\">\n\t\t\t\t\t<a class=\"elementor-button elementor-button-link elementor-size-sm\" href=\"https:\/\/pianoiturbi.dival.es\/en\/2025-competition\/jury\/\">\n\t\t\t\t\t\t<span class=\"elementor-button-content-wrapper\">\n\t\t\t\t\t\t\t\t\t<span class=\"elementor-button-text\">BACK<\/span>\n\t\t\t\t\t<\/span>\n\t\t\t\t\t<\/a>\n\t\t\t\t<\/div>\n\t\t\t\t\t\t\t\t<\/div>\n\t\t\t\t<\/div>\n\t\t\t\t\t<\/div>\n\t\t<\/div>\n\t\t\t\t\t<\/div>\n\t\t<\/section>\n\t\t\t\t<\/div>\n\t\t","protected":false},"excerpt":{"rendered":"<p>Carles Mar\u00edn During his extensive international solo career, Carles Mar\u00edn has performed at many outstanding festivals and venues including the Salzburg Festival (Mozarteum Grosser Saal and Wiener Saal), Concertgebauw in [&hellip;]<\/p>\n","protected":false},"author":2,"featured_media":0,"parent":7896,"menu_order":0,"comment_status":"closed","ping_status":"closed","template":"","meta":{"_tec_requires_first_save":true,"site-sidebar-layout":"no-sidebar","site-content-layout":"page-builder","ast-site-content-layout":"full-width-container","site-content-style":"unboxed","site-sidebar-style":"unboxed","ast-global-header-display":"","ast-banner-title-visibility":"","ast-main-header-display":"","ast-hfb-above-header-display":"","ast-hfb-below-header-display":"","ast-hfb-mobile-header-display":"","site-post-title":"disabled","ast-breadcrumbs-content":"","ast-featured-img":"disabled","footer-sml-layout":"","theme-transparent-header-meta":"default","adv-header-id-meta":"","stick-header-meta":"","header-above-stick-meta":"","header-main-stick-meta":"","header-below-stick-meta":"","astra-migrate-meta-layouts":"default","ast-page-background-enabled":"default","ast-page-background-meta":{"desktop":{"background-color":"","background-image":"","background-repeat":"repeat","background-position":"center center","background-size":"auto","background-attachment":"scroll","background-type":"","background-media":"","overlay-type":"","overlay-color":"","overlay-opacity":"","overlay-gradient":""},"tablet":{"background-color":"","background-image":"","background-repeat":"repeat","background-position":"center center","background-size":"auto","background-attachment":"scroll","background-type":"","background-media":"","overlay-type":"","overlay-color":"","overlay-opacity":"","overlay-gradient":""},"mobile":{"background-color":"","background-image":"","background-repeat":"repeat","background-position":"center center","background-size":"auto","background-attachment":"scroll","background-type":"","background-media":"","overlay-type":"","overlay-color":"","overlay-opacity":"","overlay-gradient":""}},"ast-content-background-meta":{"desktop":{"background-color":"var(--ast-global-color-5)","background-image":"","background-repeat":"repeat","background-position":"center center","background-size":"auto","background-attachment":"scroll","background-type":"","background-media":"","overlay-type":"","overlay-color":"","overlay-opacity":"","overlay-gradient":""},"tablet":{"background-color":"var(--ast-global-color-5)","background-image":"","background-repeat":"repeat","background-position":"center center","background-size":"auto","background-attachment":"scroll","background-type":"","background-media":"","overlay-type":"","overlay-color":"","overlay-opacity":"","overlay-gradient":""},"mobile":{"background-color":"var(--ast-global-color-5)","background-image":"","background-repeat":"repeat","background-position":"center center","background-size":"auto","background-attachment":"scroll","background-type":"","background-media":"","overlay-type":"","overlay-color":"","overlay-opacity":"","overlay-gradient":""}},"_EventAllDay":false,"_EventTimezone":"","_EventStartDate":"","_EventEndDate":"","_EventStartDateUTC":"","_EventEndDateUTC":"","_EventShowMap":false,"_EventShowMapLink":false,"_EventURL":"","_EventCost":"","_EventCostDescription":"","_EventCurrencySymbol":"","_EventCurrencyCode":"","_EventCurrencyPosition":"","_EventDateTimeSeparator":"","_EventTimeRangeSeparator":"","_EventOrganizerID":[],"_EventVenueID":[0],"_OrganizerEmail":"","_OrganizerPhone":"","_OrganizerWebsite":"","_VenueAddress":"","_VenueCity":"","_VenueCountry":"","_VenueProvince":"","_VenueState":"","_VenueZip":"","_VenuePhone":"","_VenueURL":"","_VenueStateProvince":"","_VenueLat":"","_VenueLng":"","_VenueShowMap":false,"_VenueShowMapLink":false,"_tribe_blocks_recurrence_rules":"","_tribe_blocks_recurrence_description":"","_tribe_blocks_recurrence_exclusions":"","footnotes":""},"class_list":["post-7935","page","type-page","status-publish","hentry"],"yoast_head":"<!-- This site is optimized with the Yoast SEO plugin v25.3 - https:\/\/yoast.com\/wordpress\/plugins\/seo\/ -->\n<title>Carles Mar\u00edn - Piano Iturbi<\/title>\n<meta name=\"description\" content=\"The Valencia Iturbi International Piano Competition, a platform for young pianists from all over the world, is a benchmark on the international music scene, in combination with the Iturbi Piano Festival and the recitals programme\" \/>\n<meta name=\"robots\" content=\"index, follow, max-snippet:-1, max-image-preview:large, max-video-preview:-1\" \/>\n<link rel=\"canonical\" href=\"https:\/\/pianoiturbi.dival.es\/concurso-2025\/jurado\/carles-marin\/\" \/>\n<meta property=\"og:locale\" content=\"en_US\" \/>\n<meta property=\"og:type\" content=\"article\" \/>\n<meta property=\"og:title\" content=\"Carles Mar\u00edn - Piano Iturbi\" \/>\n<meta property=\"og:description\" content=\"The Valencia Iturbi International Piano Competition, a platform for young pianists from all over the world, is a benchmark on the international music scene, in combination with the Iturbi Piano Festival and the recitals programme\" \/>\n<meta property=\"og:url\" content=\"https:\/\/pianoiturbi.dival.es\/concurso-2025\/jurado\/carles-marin\/\" \/>\n<meta property=\"og:site_name\" content=\"Piano Iturbi\" \/>\n<meta property=\"article:modified_time\" content=\"2024-07-04T16:22:34+00:00\" \/>\n<meta property=\"og:image\" content=\"https:\/\/pianoiturbi.dival.es\/wp-content\/uploads\/pianoiturbi-2025-logo.jpg\" \/>\n\t<meta property=\"og:image:width\" content=\"600\" \/>\n\t<meta property=\"og:image:height\" content=\"833\" \/>\n\t<meta property=\"og:image:type\" content=\"image\/jpeg\" \/>\n<meta name=\"twitter:card\" content=\"summary_large_image\" \/>\n<meta name=\"twitter:label1\" content=\"Est. reading time\" \/>\n\t<meta name=\"twitter:data1\" content=\"2 minutes\" \/>\n<script type=\"application\/ld+json\" class=\"yoast-schema-graph\">{\"@context\":\"https:\/\/schema.org\",\"@graph\":[{\"@type\":\"WebPage\",\"@id\":\"https:\/\/pianoiturbi.dival.es\/concurso-2025\/jurado\/carles-marin\/\",\"url\":\"https:\/\/pianoiturbi.dival.es\/concurso-2025\/jurado\/carles-marin\/\",\"name\":\"Carles Mar\u00edn - Piano Iturbi\",\"isPartOf\":{\"@id\":\"https:\/\/pianoiturbi.dival.es\/#website\"},\"primaryImageOfPage\":{\"@id\":\"https:\/\/pianoiturbi.dival.es\/concurso-2025\/jurado\/carles-marin\/#primaryimage\"},\"image\":{\"@id\":\"https:\/\/pianoiturbi.dival.es\/concurso-2025\/jurado\/carles-marin\/#primaryimage\"},\"thumbnailUrl\":\"https:\/\/pianoiturbi.dival.es\/wp-content\/uploads\/pianoiturbi-2025-logo.jpg\",\"datePublished\":\"2024-05-07T19:55:30+00:00\",\"dateModified\":\"2024-07-04T16:22:34+00:00\",\"description\":\"The Valencia Iturbi International Piano Competition, a platform for young pianists from all over the world, is a benchmark on the international music scene, in combination with the Iturbi Piano Festival and the recitals programme\",\"breadcrumb\":{\"@id\":\"https:\/\/pianoiturbi.dival.es\/concurso-2025\/jurado\/carles-marin\/#breadcrumb\"},\"inLanguage\":\"en-US\",\"potentialAction\":[{\"@type\":\"ReadAction\",\"target\":[\"https:\/\/pianoiturbi.dival.es\/concurso-2025\/jurado\/carles-marin\/\"]}]},{\"@type\":\"ImageObject\",\"inLanguage\":\"en-US\",\"@id\":\"https:\/\/pianoiturbi.dival.es\/concurso-2025\/jurado\/carles-marin\/#primaryimage\",\"url\":\"https:\/\/pianoiturbi.dival.es\/wp-content\/uploads\/pianoiturbi-2025-logo.jpg\",\"contentUrl\":\"https:\/\/pianoiturbi.dival.es\/wp-content\/uploads\/pianoiturbi-2025-logo.jpg\"},{\"@type\":\"BreadcrumbList\",\"@id\":\"https:\/\/pianoiturbi.dival.es\/concurso-2025\/jurado\/carles-marin\/#breadcrumb\",\"itemListElement\":[{\"@type\":\"ListItem\",\"position\":1,\"name\":\"Portada\",\"item\":\"https:\/\/pianoiturbi.dival.es\/en\/\"},{\"@type\":\"ListItem\",\"position\":2,\"name\":\"2025 Competition\",\"item\":\"https:\/\/pianoiturbi.dival.es\/en\/2025-competition\/\"},{\"@type\":\"ListItem\",\"position\":3,\"name\":\"Jury\",\"item\":\"https:\/\/pianoiturbi.dival.es\/concurso-2025\/jurado\/\"},{\"@type\":\"ListItem\",\"position\":4,\"name\":\"Carles Mar\u00edn\"}]},{\"@type\":\"WebSite\",\"@id\":\"https:\/\/pianoiturbi.dival.es\/#website\",\"url\":\"https:\/\/pianoiturbi.dival.es\/\",\"name\":\"Piano Iturbi\",\"description\":\"The Valencia Iturbi International Piano Competition, a platform for young pianists from all over the world, is a benchmark on the international music scene, in combination with the Iturbi Piano Festival and the recitals programme\",\"potentialAction\":[{\"@type\":\"SearchAction\",\"target\":{\"@type\":\"EntryPoint\",\"urlTemplate\":\"https:\/\/pianoiturbi.dival.es\/?s={search_term_string}\"},\"query-input\":{\"@type\":\"PropertyValueSpecification\",\"valueRequired\":true,\"valueName\":\"search_term_string\"}}],\"inLanguage\":\"en-US\"}]}<\/script>\n<!-- \/ Yoast SEO plugin. -->","yoast_head_json":{"title":"Carles Mar\u00edn - Piano Iturbi","description":"The Valencia Iturbi International Piano Competition, a platform for young pianists from all over the world, is a benchmark on the international music scene, in combination with the Iturbi Piano Festival and the recitals programme","robots":{"index":"index","follow":"follow","max-snippet":"max-snippet:-1","max-image-preview":"max-image-preview:large","max-video-preview":"max-video-preview:-1"},"canonical":"https:\/\/pianoiturbi.dival.es\/concurso-2025\/jurado\/carles-marin\/","og_locale":"en_US","og_type":"article","og_title":"Carles Mar\u00edn - Piano Iturbi","og_description":"The Valencia Iturbi International Piano Competition, a platform for young pianists from all over the world, is a benchmark on the international music scene, in combination with the Iturbi Piano Festival and the recitals programme","og_url":"https:\/\/pianoiturbi.dival.es\/concurso-2025\/jurado\/carles-marin\/","og_site_name":"Piano Iturbi","article_modified_time":"2024-07-04T16:22:34+00:00","og_image":[{"width":600,"height":833,"url":"https:\/\/pianoiturbi.dival.es\/wp-content\/uploads\/pianoiturbi-2025-logo.jpg","type":"image\/jpeg"}],"twitter_card":"summary_large_image","twitter_misc":{"Est. reading time":"2 minutes"},"schema":{"@context":"https:\/\/schema.org","@graph":[{"@type":"WebPage","@id":"https:\/\/pianoiturbi.dival.es\/concurso-2025\/jurado\/carles-marin\/","url":"https:\/\/pianoiturbi.dival.es\/concurso-2025\/jurado\/carles-marin\/","name":"Carles Mar\u00edn - Piano Iturbi","isPartOf":{"@id":"https:\/\/pianoiturbi.dival.es\/#website"},"primaryImageOfPage":{"@id":"https:\/\/pianoiturbi.dival.es\/concurso-2025\/jurado\/carles-marin\/#primaryimage"},"image":{"@id":"https:\/\/pianoiturbi.dival.es\/concurso-2025\/jurado\/carles-marin\/#primaryimage"},"thumbnailUrl":"https:\/\/pianoiturbi.dival.es\/wp-content\/uploads\/pianoiturbi-2025-logo.jpg","datePublished":"2024-05-07T19:55:30+00:00","dateModified":"2024-07-04T16:22:34+00:00","description":"The Valencia Iturbi International Piano Competition, a platform for young pianists from all over the world, is a benchmark on the international music scene, in combination with the Iturbi Piano Festival and the recitals programme","breadcrumb":{"@id":"https:\/\/pianoiturbi.dival.es\/concurso-2025\/jurado\/carles-marin\/#breadcrumb"},"inLanguage":"en-US","potentialAction":[{"@type":"ReadAction","target":["https:\/\/pianoiturbi.dival.es\/concurso-2025\/jurado\/carles-marin\/"]}]},{"@type":"ImageObject","inLanguage":"en-US","@id":"https:\/\/pianoiturbi.dival.es\/concurso-2025\/jurado\/carles-marin\/#primaryimage","url":"https:\/\/pianoiturbi.dival.es\/wp-content\/uploads\/pianoiturbi-2025-logo.jpg","contentUrl":"https:\/\/pianoiturbi.dival.es\/wp-content\/uploads\/pianoiturbi-2025-logo.jpg"},{"@type":"BreadcrumbList","@id":"https:\/\/pianoiturbi.dival.es\/concurso-2025\/jurado\/carles-marin\/#breadcrumb","itemListElement":[{"@type":"ListItem","position":1,"name":"Portada","item":"https:\/\/pianoiturbi.dival.es\/en\/"},{"@type":"ListItem","position":2,"name":"2025 Competition","item":"https:\/\/pianoiturbi.dival.es\/en\/2025-competition\/"},{"@type":"ListItem","position":3,"name":"Jury","item":"https:\/\/pianoiturbi.dival.es\/concurso-2025\/jurado\/"},{"@type":"ListItem","position":4,"name":"Carles Mar\u00edn"}]},{"@type":"WebSite","@id":"https:\/\/pianoiturbi.dival.es\/#website","url":"https:\/\/pianoiturbi.dival.es\/","name":"Piano Iturbi","description":"The Valencia Iturbi International Piano Competition, a platform for young pianists from all over the world, is a benchmark on the international music scene, in combination with the Iturbi Piano Festival and the recitals programme","potentialAction":[{"@type":"SearchAction","target":{"@type":"EntryPoint","urlTemplate":"https:\/\/pianoiturbi.dival.es\/?s={search_term_string}"},"query-input":{"@type":"PropertyValueSpecification","valueRequired":true,"valueName":"search_term_string"}}],"inLanguage":"en-US"}]}},"_links":{"self":[{"href":"https:\/\/pianoiturbi.dival.es\/en\/wp-json\/wp\/v2\/pages\/7935","targetHints":{"allow":["GET"]}}],"collection":[{"href":"https:\/\/pianoiturbi.dival.es\/en\/wp-json\/wp\/v2\/pages"}],"about":[{"href":"https:\/\/pianoiturbi.dival.es\/en\/wp-json\/wp\/v2\/types\/page"}],"author":[{"embeddable":true,"href":"https:\/\/pianoiturbi.dival.es\/en\/wp-json\/wp\/v2\/users\/2"}],"replies":[{"embeddable":true,"href":"https:\/\/pianoiturbi.dival.es\/en\/wp-json\/wp\/v2\/comments?post=7935"}],"version-history":[{"count":0,"href":"https:\/\/pianoiturbi.dival.es\/en\/wp-json\/wp\/v2\/pages\/7935\/revisions"}],"up":[{"embeddable":true,"href":"https:\/\/pianoiturbi.dival.es\/en\/wp-json\/wp\/v2\/pages\/7896"}],"wp:attachment":[{"href":"https:\/\/pianoiturbi.dival.es\/en\/wp-json\/wp\/v2\/media?parent=7935"}],"curies":[{"name":"wp","href":"https:\/\/api.w.org\/{rel}","templated":true}]}}