{"id":9915,"date":"2025-06-03T14:30:54","date_gmt":"2025-06-03T12:30:54","guid":{"rendered":"https:\/\/pianoiturbi.dival.es\/2025-competition\/participants\/davide-cava\/"},"modified":"2025-06-03T14:30:55","modified_gmt":"2025-06-03T12:30:55","slug":"davide-cava","status":"publish","type":"page","link":"https:\/\/pianoiturbi.dival.es\/en\/2025-competition\/participants\/davide-cava\/","title":{"rendered":"Davide Cava"},"content":{"rendered":"\t\t<div data-elementor-type=\"wp-page\" data-elementor-id=\"9915\" class=\"elementor elementor-9915 elementor-9787\" data-elementor-post-type=\"page\">\n\t\t\t\t\t\t<section class=\"elementor-section elementor-top-section elementor-element elementor-element-36a10d40 elementor-hidden-desktop elementor-hidden-tablet elementor-section-boxed elementor-section-height-default elementor-section-height-default\" data-id=\"36a10d40\" data-element_type=\"section\">\n\t\t\t\t\t\t<div class=\"elementor-container elementor-column-gap-no\">\n\t\t\t\t\t<div class=\"elementor-column elementor-col-100 elementor-top-column elementor-element elementor-element-153547e6\" data-id=\"153547e6\" data-element_type=\"column\">\n\t\t\t<div class=\"elementor-widget-wrap elementor-element-populated\">\n\t\t\t\t\t\t<div class=\"elementor-element elementor-element-2040b8a1 elementor-widget elementor-widget-image\" data-id=\"2040b8a1\" data-element_type=\"widget\" data-widget_type=\"image.default\">\n\t\t\t\t<div class=\"elementor-widget-container\">\n\t\t\t\t\t\t\t\t\t\t\t\t\t\t\t<img fetchpriority=\"high\" decoding=\"async\" width=\"600\" height=\"833\" src=\"https:\/\/pianoiturbi.dival.es\/wp-content\/uploads\/pianoiturbi-2025-logo.jpg\" class=\"attachment-large size-large wp-image-7785\" alt=\"\" srcset=\"https:\/\/pianoiturbi.dival.es\/wp-content\/uploads\/pianoiturbi-2025-logo.jpg 600w, https:\/\/pianoiturbi.dival.es\/wp-content\/uploads\/pianoiturbi-2025-logo-216x300.jpg 216w\" sizes=\"(max-width: 600px) 100vw, 600px\" \/>\t\t\t\t\t\t\t\t\t\t\t\t\t\t\t<\/div>\n\t\t\t\t<\/div>\n\t\t\t\t\t<\/div>\n\t\t<\/div>\n\t\t\t\t\t<\/div>\n\t\t<\/section>\n\t\t\t\t<section class=\"elementor-section elementor-top-section elementor-element elementor-element-48a17783 elementor-section-boxed elementor-section-height-default elementor-section-height-default\" data-id=\"48a17783\" data-element_type=\"section\">\n\t\t\t\t\t\t<div class=\"elementor-container elementor-column-gap-no\">\n\t\t\t\t\t<div class=\"elementor-column elementor-col-50 elementor-top-column elementor-element elementor-element-458fd4cf elementor-hidden-phone\" data-id=\"458fd4cf\" data-element_type=\"column\" data-settings=\"{&quot;background_background&quot;:&quot;classic&quot;}\">\n\t\t\t<div class=\"elementor-widget-wrap elementor-element-populated\">\n\t\t\t\t\t\t<section class=\"elementor-section elementor-inner-section elementor-element elementor-element-5745905c elementor-section-height-min-height elementor-section-boxed elementor-section-height-default\" data-id=\"5745905c\" data-element_type=\"section\" data-settings=\"{&quot;sticky&quot;:&quot;top&quot;,&quot;sticky_parent&quot;:&quot;yes&quot;,&quot;sticky_on&quot;:[&quot;desktop&quot;,&quot;tablet&quot;,&quot;mobile&quot;],&quot;sticky_offset&quot;:0,&quot;sticky_effects_offset&quot;:0,&quot;sticky_anchor_link_offset&quot;:0}\">\n\t\t\t\t\t\t<div class=\"elementor-container elementor-column-gap-no\">\n\t\t\t\t\t<div class=\"elementor-column elementor-col-100 elementor-inner-column elementor-element elementor-element-50a3e48 elementor-hidden-phone\" data-id=\"50a3e48\" data-element_type=\"column\">\n\t\t\t<div class=\"elementor-widget-wrap elementor-element-populated\">\n\t\t\t\t\t\t<div class=\"elementor-element elementor-element-51b58f24 elementor-widget elementor-widget-image\" data-id=\"51b58f24\" data-element_type=\"widget\" data-widget_type=\"image.default\">\n\t\t\t\t<div class=\"elementor-widget-container\">\n\t\t\t\t\t\t\t\t\t\t\t\t\t\t\t<img fetchpriority=\"high\" decoding=\"async\" width=\"600\" height=\"833\" src=\"https:\/\/pianoiturbi.dival.es\/wp-content\/uploads\/pianoiturbi-2025-logo.jpg\" class=\"attachment-large size-large wp-image-7785\" alt=\"\" srcset=\"https:\/\/pianoiturbi.dival.es\/wp-content\/uploads\/pianoiturbi-2025-logo.jpg 600w, https:\/\/pianoiturbi.dival.es\/wp-content\/uploads\/pianoiturbi-2025-logo-216x300.jpg 216w\" sizes=\"(max-width: 600px) 100vw, 600px\" \/>\t\t\t\t\t\t\t\t\t\t\t\t\t\t\t<\/div>\n\t\t\t\t<\/div>\n\t\t\t\t\t<\/div>\n\t\t<\/div>\n\t\t\t\t\t<\/div>\n\t\t<\/section>\n\t\t\t\t\t<\/div>\n\t\t<\/div>\n\t\t\t\t<div class=\"elementor-column elementor-col-50 elementor-top-column elementor-element elementor-element-4974e724\" data-id=\"4974e724\" data-element_type=\"column\">\n\t\t\t<div class=\"elementor-widget-wrap elementor-element-populated\">\n\t\t\t\t\t\t<div class=\"elementor-element elementor-element-483e40e6 elementor-widget elementor-widget-spacer\" data-id=\"483e40e6\" data-element_type=\"widget\" data-widget_type=\"spacer.default\">\n\t\t\t\t<div class=\"elementor-widget-container\">\n\t\t\t\t\t\t\t<div class=\"elementor-spacer\">\n\t\t\t<div class=\"elementor-spacer-inner\"><\/div>\n\t\t<\/div>\n\t\t\t\t\t\t<\/div>\n\t\t\t\t<\/div>\n\t\t\t\t<div class=\"elementor-element elementor-element-568df6bf elementor-widget elementor-widget-template\" data-id=\"568df6bf\" data-element_type=\"widget\" data-widget_type=\"template.default\">\n\t\t\t\t<div class=\"elementor-widget-container\">\n\t\t\t\t\t\t\t<div class=\"elementor-template\">\n\t\t\t\t\t<div data-elementor-type=\"page\" data-elementor-id=\"7780\" class=\"elementor elementor-7780 elementor-7773\" data-elementor-post-type=\"elementor_library\">\n\t\t\t\t\t\t<section class=\"elementor-section elementor-top-section elementor-element elementor-element-3feef6de elementor-section-boxed elementor-section-height-default elementor-section-height-default\" data-id=\"3feef6de\" data-element_type=\"section\">\n\t\t\t\t\t\t<div class=\"elementor-container elementor-column-gap-no\">\n\t\t\t\t\t<div class=\"elementor-column elementor-col-100 elementor-top-column elementor-element elementor-element-5a8c3d81\" data-id=\"5a8c3d81\" data-element_type=\"column\">\n\t\t\t<div class=\"elementor-widget-wrap elementor-element-populated\">\n\t\t\t\t\t\t<div class=\"elementor-element elementor-element-2fe6fd7f elementor-widget elementor-widget-spacer\" data-id=\"2fe6fd7f\" data-element_type=\"widget\" data-widget_type=\"spacer.default\">\n\t\t\t\t<div class=\"elementor-widget-container\">\n\t\t\t\t\t\t\t<div class=\"elementor-spacer\">\n\t\t\t<div class=\"elementor-spacer-inner\"><\/div>\n\t\t<\/div>\n\t\t\t\t\t\t<\/div>\n\t\t\t\t<\/div>\n\t\t\t\t<div class=\"elementor-element elementor-element-3906087c elementor-widget elementor-widget-heading\" data-id=\"3906087c\" data-element_type=\"widget\" data-widget_type=\"heading.default\">\n\t\t\t\t<div class=\"elementor-widget-container\">\n\t\t\t\t\t<h3 class=\"elementor-heading-title elementor-size-default\">23rd<br> Val\u00e8ncia<br> Iturbi<br> International<br> Piano<br> Competition<\/h3>\t\t\t\t<\/div>\n\t\t\t\t<\/div>\n\t\t\t\t<div class=\"elementor-element elementor-element-2b155942 elementor-widget elementor-widget-heading\" data-id=\"2b155942\" data-element_type=\"widget\" data-widget_type=\"heading.default\">\n\t\t\t\t<div class=\"elementor-widget-container\">\n\t\t\t\t\t<h5 class=\"elementor-heading-title elementor-size-default\">From 4 to June 14, 2025<\/h5>\t\t\t\t<\/div>\n\t\t\t\t<\/div>\n\t\t\t\t<div class=\"elementor-element elementor-element-6a912d3f elementor-widget-divider--view-line elementor-widget elementor-widget-divider\" data-id=\"6a912d3f\" data-element_type=\"widget\" data-widget_type=\"divider.default\">\n\t\t\t\t<div class=\"elementor-widget-container\">\n\t\t\t\t\t\t\t<div class=\"elementor-divider\">\n\t\t\t<span class=\"elementor-divider-separator\">\n\t\t\t\t\t\t<\/span>\n\t\t<\/div>\n\t\t\t\t\t\t<\/div>\n\t\t\t\t<\/div>\n\t\t\t\t\t<\/div>\n\t\t<\/div>\n\t\t\t\t\t<\/div>\n\t\t<\/section>\n\t\t\t\t<\/div>\n\t\t\t\t<\/div>\n\t\t\t\t\t\t<\/div>\n\t\t\t\t<\/div>\n\t\t\t\t<div class=\"elementor-element elementor-element-60c77759 elementor-widget elementor-widget-image\" data-id=\"60c77759\" data-element_type=\"widget\" data-widget_type=\"image.default\">\n\t\t\t\t<div class=\"elementor-widget-container\">\n\t\t\t\t\t\t\t\t\t\t\t\t\t\t\t<img decoding=\"async\" width=\"900\" height=\"546\" src=\"https:\/\/pianoiturbi.dival.es\/wp-content\/uploads\/02-Davide-Cava.jpg\" class=\"attachment-large size-large wp-image-9707\" alt=\"\" \/>\t\t\t\t\t\t\t\t\t\t\t\t\t\t\t<\/div>\n\t\t\t\t<\/div>\n\t\t\t\t<div class=\"elementor-element elementor-element-7b77140 elementor-widget elementor-widget-heading\" data-id=\"7b77140\" data-element_type=\"widget\" data-widget_type=\"heading.default\">\n\t\t\t\t<div class=\"elementor-widget-container\">\n\t\t\t\t\t<h3 class=\"elementor-heading-title elementor-size-default\">Davide Cava<\/h3>\t\t\t\t<\/div>\n\t\t\t\t<\/div>\n\t\t\t\t<div class=\"elementor-element elementor-element-15bf7888 elementor-widget elementor-widget-text-editor\" data-id=\"15bf7888\" data-element_type=\"widget\" data-widget_type=\"text-editor.default\">\n\t\t\t\t<div class=\"elementor-widget-container\">\n\t\t\t\t\t\t\t\t\t<p>Davide Cava, originally from Turin, Italy, began his musical studies at age 4. He graduated with highest honors in piano performance from the State Conservatory of Turin, studying under Luigi Dominici and Marina Scalafiotti. He furthered his education at the Accademia di Pinerolo and Talent Music Master Course in Brescia, earning a full scholarship to Southern Methodist University (SMU) in Dallas, where he obtained a Performer\u2019s Diploma and a Master of Music in Piano Performance under Joaqu\u00edn Ach\u00facarro. In 2023, he received a scholarship for an Artist Diploma at Texas Christian University with Tam\u00e1s Ung\u00e1r.<\/p>\n\t\t\t\t\t\t\t\t<\/div>\n\t\t\t\t<\/div>\n\t\t\t\t<div class=\"elementor-element elementor-element-73d59a37 elementor-widget elementor-widget-text-editor\" data-id=\"73d59a37\" data-element_type=\"widget\" data-widget_type=\"text-editor.default\">\n\t\t\t\t<div class=\"elementor-widget-container\">\n\t\t\t\t\t\t\t\t\t<p>Davide has won numerous awards, including the Silver Medal at the Panama City Piano Competition and was a semifinalist at the Rome International Piano Competition. He has performed in Europe and the Americas. In 2024, he debuted at the Chigiana Academy in Siena and at the Festival de \u00dabeda, Spain. He is also a soloist in Fever\u2019s Candlelight series, featuring classical and film music tributes.<\/p>\n\t\t\t\t\t\t\t\t<\/div>\n\t\t\t\t<\/div>\n\t\t\t\t<div class=\"elementor-element elementor-element-706db7d7 elementor-align-center elementor-widget elementor-widget-button\" data-id=\"706db7d7\" data-element_type=\"widget\" data-widget_type=\"button.default\">\n\t\t\t\t<div class=\"elementor-widget-container\">\n\t\t\t\t\t\t\t\t\t<div class=\"elementor-button-wrapper\">\n\t\t\t\t\t<a class=\"elementor-button elementor-button-link elementor-size-sm\" href=\"https:\/\/pianoiturbi.dival.es\/en\/2025-competition\/participants\/\">\n\t\t\t\t\t\t<span class=\"elementor-button-content-wrapper\">\n\t\t\t\t\t\t\t\t\t<span class=\"elementor-button-text\">BACK<\/span>\n\t\t\t\t\t<\/span>\n\t\t\t\t\t<\/a>\n\t\t\t\t<\/div>\n\t\t\t\t\t\t\t\t<\/div>\n\t\t\t\t<\/div>\n\t\t\t\t\t<\/div>\n\t\t<\/div>\n\t\t\t\t\t<\/div>\n\t\t<\/section>\n\t\t\t\t<\/div>\n\t\t","protected":false},"excerpt":{"rendered":"<p>Davide Cava Davide Cava, originally from Turin, Italy, began his musical studies at age 4. He graduated with highest honors in piano performance from the State Conservatory of Turin, studying [&hellip;]<\/p>\n","protected":false},"author":2,"featured_media":0,"parent":9695,"menu_order":0,"comment_status":"closed","ping_status":"closed","template":"","meta":{"_tec_requires_first_save":true,"site-sidebar-layout":"no-sidebar","site-content-layout":"page-builder","ast-site-content-layout":"full-width-container","site-content-style":"default","site-sidebar-style":"default","ast-global-header-display":"","ast-banner-title-visibility":"","ast-main-header-display":"","ast-hfb-above-header-display":"","ast-hfb-below-header-display":"","ast-hfb-mobile-header-display":"","site-post-title":"disabled","ast-breadcrumbs-content":"","ast-featured-img":"disabled","footer-sml-layout":"","theme-transparent-header-meta":"","adv-header-id-meta":"","stick-header-meta":"","header-above-stick-meta":"","header-main-stick-meta":"","header-below-stick-meta":"","astra-migrate-meta-layouts":"default","ast-page-background-enabled":"default","ast-page-background-meta":{"desktop":{"background-color":"","background-image":"","background-repeat":"repeat","background-position":"center center","background-size":"auto","background-attachment":"scroll","background-type":"","background-media":"","overlay-type":"","overlay-color":"","overlay-opacity":"","overlay-gradient":""},"tablet":{"background-color":"","background-image":"","background-repeat":"repeat","background-position":"center center","background-size":"auto","background-attachment":"scroll","background-type":"","background-media":"","overlay-type":"","overlay-color":"","overlay-opacity":"","overlay-gradient":""},"mobile":{"background-color":"","background-image":"","background-repeat":"repeat","background-position":"center center","background-size":"auto","background-attachment":"scroll","background-type":"","background-media":"","overlay-type":"","overlay-color":"","overlay-opacity":"","overlay-gradient":""}},"ast-content-background-meta":{"desktop":{"background-color":"var(--ast-global-color-5)","background-image":"","background-repeat":"repeat","background-position":"center center","background-size":"auto","background-attachment":"scroll","background-type":"","background-media":"","overlay-type":"","overlay-color":"","overlay-opacity":"","overlay-gradient":""},"tablet":{"background-color":"var(--ast-global-color-5)","background-image":"","background-repeat":"repeat","background-position":"center center","background-size":"auto","background-attachment":"scroll","background-type":"","background-media":"","overlay-type":"","overlay-color":"","overlay-opacity":"","overlay-gradient":""},"mobile":{"background-color":"var(--ast-global-color-5)","background-image":"","background-repeat":"repeat","background-position":"center center","background-size":"auto","background-attachment":"scroll","background-type":"","background-media":"","overlay-type":"","overlay-color":"","overlay-opacity":"","overlay-gradient":""}},"_EventAllDay":false,"_EventTimezone":"","_EventStartDate":"","_EventEndDate":"","_EventStartDateUTC":"","_EventEndDateUTC":"","_EventShowMap":false,"_EventShowMapLink":false,"_EventURL":"","_EventCost":"","_EventCostDescription":"","_EventCurrencySymbol":"","_EventCurrencyCode":"","_EventCurrencyPosition":"","_EventDateTimeSeparator":"","_EventTimeRangeSeparator":"","_EventOrganizerID":[],"_EventVenueID":[],"_OrganizerEmail":"","_OrganizerPhone":"","_OrganizerWebsite":"","_VenueAddress":"","_VenueCity":"","_VenueCountry":"","_VenueProvince":"","_VenueState":"","_VenueZip":"","_VenuePhone":"","_VenueURL":"","_VenueStateProvince":"","_VenueLat":"","_VenueLng":"","_VenueShowMap":false,"_VenueShowMapLink":false,"_tribe_blocks_recurrence_rules":"","_tribe_blocks_recurrence_description":"","_tribe_blocks_recurrence_exclusions":"","footnotes":""},"class_list":["post-9915","page","type-page","status-publish","hentry"],"yoast_head":"<!-- This site is optimized with the Yoast SEO plugin v25.3 - https:\/\/yoast.com\/wordpress\/plugins\/seo\/ -->\n<title>Davide Cava - Piano Iturbi<\/title>\n<meta name=\"description\" content=\"The Valencia Iturbi International Piano Competition, a platform for young pianists from all over the world, is a benchmark on the international music scene, in combination with the Iturbi Piano Festival and the recitals programme\" \/>\n<meta name=\"robots\" content=\"index, follow, max-snippet:-1, max-image-preview:large, max-video-preview:-1\" \/>\n<link rel=\"canonical\" href=\"https:\/\/pianoiturbi.dival.es\/concurso-2025\/participantes\/davide-cava\/\" \/>\n<meta property=\"og:locale\" content=\"en_US\" \/>\n<meta property=\"og:type\" content=\"article\" \/>\n<meta property=\"og:title\" content=\"Davide Cava - Piano Iturbi\" \/>\n<meta property=\"og:description\" content=\"The Valencia Iturbi International Piano Competition, a platform for young pianists from all over the world, is a benchmark on the international music scene, in combination with the Iturbi Piano Festival and the recitals programme\" \/>\n<meta property=\"og:url\" content=\"https:\/\/pianoiturbi.dival.es\/concurso-2025\/participantes\/davide-cava\/\" \/>\n<meta property=\"og:site_name\" content=\"Piano Iturbi\" \/>\n<meta property=\"article:modified_time\" content=\"2025-06-03T12:30:55+00:00\" \/>\n<meta property=\"og:image\" content=\"https:\/\/pianoiturbi.dival.es\/wp-content\/uploads\/pianoiturbi-2025-logo.jpg\" \/>\n\t<meta property=\"og:image:width\" content=\"600\" \/>\n\t<meta property=\"og:image:height\" content=\"833\" \/>\n\t<meta property=\"og:image:type\" content=\"image\/jpeg\" \/>\n<meta name=\"twitter:card\" content=\"summary_large_image\" \/>\n<meta name=\"twitter:label1\" content=\"Est. reading time\" \/>\n\t<meta name=\"twitter:data1\" content=\"1 minute\" \/>\n<script type=\"application\/ld+json\" class=\"yoast-schema-graph\">{\"@context\":\"https:\/\/schema.org\",\"@graph\":[{\"@type\":\"WebPage\",\"@id\":\"https:\/\/pianoiturbi.dival.es\/concurso-2025\/participantes\/davide-cava\/\",\"url\":\"https:\/\/pianoiturbi.dival.es\/concurso-2025\/participantes\/davide-cava\/\",\"name\":\"Davide Cava - Piano Iturbi\",\"isPartOf\":{\"@id\":\"https:\/\/pianoiturbi.dival.es\/#website\"},\"primaryImageOfPage\":{\"@id\":\"https:\/\/pianoiturbi.dival.es\/concurso-2025\/participantes\/davide-cava\/#primaryimage\"},\"image\":{\"@id\":\"https:\/\/pianoiturbi.dival.es\/concurso-2025\/participantes\/davide-cava\/#primaryimage\"},\"thumbnailUrl\":\"https:\/\/pianoiturbi.dival.es\/wp-content\/uploads\/pianoiturbi-2025-logo.jpg\",\"datePublished\":\"2025-06-03T12:30:54+00:00\",\"dateModified\":\"2025-06-03T12:30:55+00:00\",\"description\":\"The Valencia Iturbi International Piano Competition, a platform for young pianists from all over the world, is a benchmark on the international music scene, in combination with the Iturbi Piano Festival and the recitals programme\",\"breadcrumb\":{\"@id\":\"https:\/\/pianoiturbi.dival.es\/concurso-2025\/participantes\/davide-cava\/#breadcrumb\"},\"inLanguage\":\"en-US\",\"potentialAction\":[{\"@type\":\"ReadAction\",\"target\":[\"https:\/\/pianoiturbi.dival.es\/concurso-2025\/participantes\/davide-cava\/\"]}]},{\"@type\":\"ImageObject\",\"inLanguage\":\"en-US\",\"@id\":\"https:\/\/pianoiturbi.dival.es\/concurso-2025\/participantes\/davide-cava\/#primaryimage\",\"url\":\"https:\/\/pianoiturbi.dival.es\/wp-content\/uploads\/pianoiturbi-2025-logo.jpg\",\"contentUrl\":\"https:\/\/pianoiturbi.dival.es\/wp-content\/uploads\/pianoiturbi-2025-logo.jpg\"},{\"@type\":\"BreadcrumbList\",\"@id\":\"https:\/\/pianoiturbi.dival.es\/concurso-2025\/participantes\/davide-cava\/#breadcrumb\",\"itemListElement\":[{\"@type\":\"ListItem\",\"position\":1,\"name\":\"Portada\",\"item\":\"https:\/\/pianoiturbi.dival.es\/en\/\"},{\"@type\":\"ListItem\",\"position\":2,\"name\":\"2025 Competition\",\"item\":\"https:\/\/pianoiturbi.dival.es\/en\/2025-competition\/\"},{\"@type\":\"ListItem\",\"position\":3,\"name\":\"Participants\",\"item\":\"https:\/\/pianoiturbi.dival.es\/concurso-2025\/participantes\/\"},{\"@type\":\"ListItem\",\"position\":4,\"name\":\"Davide Cava\"}]},{\"@type\":\"WebSite\",\"@id\":\"https:\/\/pianoiturbi.dival.es\/#website\",\"url\":\"https:\/\/pianoiturbi.dival.es\/\",\"name\":\"Piano Iturbi\",\"description\":\"The Valencia Iturbi International Piano Competition, a platform for young pianists from all over the world, is a benchmark on the international music scene, in combination with the Iturbi Piano Festival and the recitals programme\",\"potentialAction\":[{\"@type\":\"SearchAction\",\"target\":{\"@type\":\"EntryPoint\",\"urlTemplate\":\"https:\/\/pianoiturbi.dival.es\/?s={search_term_string}\"},\"query-input\":{\"@type\":\"PropertyValueSpecification\",\"valueRequired\":true,\"valueName\":\"search_term_string\"}}],\"inLanguage\":\"en-US\"}]}<\/script>\n<!-- \/ Yoast SEO plugin. -->","yoast_head_json":{"title":"Davide Cava - Piano Iturbi","description":"The Valencia Iturbi International Piano Competition, a platform for young pianists from all over the world, is a benchmark on the international music scene, in combination with the Iturbi Piano Festival and the recitals programme","robots":{"index":"index","follow":"follow","max-snippet":"max-snippet:-1","max-image-preview":"max-image-preview:large","max-video-preview":"max-video-preview:-1"},"canonical":"https:\/\/pianoiturbi.dival.es\/concurso-2025\/participantes\/davide-cava\/","og_locale":"en_US","og_type":"article","og_title":"Davide Cava - Piano Iturbi","og_description":"The Valencia Iturbi International Piano Competition, a platform for young pianists from all over the world, is a benchmark on the international music scene, in combination with the Iturbi Piano Festival and the recitals programme","og_url":"https:\/\/pianoiturbi.dival.es\/concurso-2025\/participantes\/davide-cava\/","og_site_name":"Piano Iturbi","article_modified_time":"2025-06-03T12:30:55+00:00","og_image":[{"width":600,"height":833,"url":"https:\/\/pianoiturbi.dival.es\/wp-content\/uploads\/pianoiturbi-2025-logo.jpg","type":"image\/jpeg"}],"twitter_card":"summary_large_image","twitter_misc":{"Est. reading time":"1 minute"},"schema":{"@context":"https:\/\/schema.org","@graph":[{"@type":"WebPage","@id":"https:\/\/pianoiturbi.dival.es\/concurso-2025\/participantes\/davide-cava\/","url":"https:\/\/pianoiturbi.dival.es\/concurso-2025\/participantes\/davide-cava\/","name":"Davide Cava - Piano Iturbi","isPartOf":{"@id":"https:\/\/pianoiturbi.dival.es\/#website"},"primaryImageOfPage":{"@id":"https:\/\/pianoiturbi.dival.es\/concurso-2025\/participantes\/davide-cava\/#primaryimage"},"image":{"@id":"https:\/\/pianoiturbi.dival.es\/concurso-2025\/participantes\/davide-cava\/#primaryimage"},"thumbnailUrl":"https:\/\/pianoiturbi.dival.es\/wp-content\/uploads\/pianoiturbi-2025-logo.jpg","datePublished":"2025-06-03T12:30:54+00:00","dateModified":"2025-06-03T12:30:55+00:00","description":"The Valencia Iturbi International Piano Competition, a platform for young pianists from all over the world, is a benchmark on the international music scene, in combination with the Iturbi Piano Festival and the recitals programme","breadcrumb":{"@id":"https:\/\/pianoiturbi.dival.es\/concurso-2025\/participantes\/davide-cava\/#breadcrumb"},"inLanguage":"en-US","potentialAction":[{"@type":"ReadAction","target":["https:\/\/pianoiturbi.dival.es\/concurso-2025\/participantes\/davide-cava\/"]}]},{"@type":"ImageObject","inLanguage":"en-US","@id":"https:\/\/pianoiturbi.dival.es\/concurso-2025\/participantes\/davide-cava\/#primaryimage","url":"https:\/\/pianoiturbi.dival.es\/wp-content\/uploads\/pianoiturbi-2025-logo.jpg","contentUrl":"https:\/\/pianoiturbi.dival.es\/wp-content\/uploads\/pianoiturbi-2025-logo.jpg"},{"@type":"BreadcrumbList","@id":"https:\/\/pianoiturbi.dival.es\/concurso-2025\/participantes\/davide-cava\/#breadcrumb","itemListElement":[{"@type":"ListItem","position":1,"name":"Portada","item":"https:\/\/pianoiturbi.dival.es\/en\/"},{"@type":"ListItem","position":2,"name":"2025 Competition","item":"https:\/\/pianoiturbi.dival.es\/en\/2025-competition\/"},{"@type":"ListItem","position":3,"name":"Participants","item":"https:\/\/pianoiturbi.dival.es\/concurso-2025\/participantes\/"},{"@type":"ListItem","position":4,"name":"Davide Cava"}]},{"@type":"WebSite","@id":"https:\/\/pianoiturbi.dival.es\/#website","url":"https:\/\/pianoiturbi.dival.es\/","name":"Piano Iturbi","description":"The Valencia Iturbi International Piano Competition, a platform for young pianists from all over the world, is a benchmark on the international music scene, in combination with the Iturbi Piano Festival and the recitals programme","potentialAction":[{"@type":"SearchAction","target":{"@type":"EntryPoint","urlTemplate":"https:\/\/pianoiturbi.dival.es\/?s={search_term_string}"},"query-input":{"@type":"PropertyValueSpecification","valueRequired":true,"valueName":"search_term_string"}}],"inLanguage":"en-US"}]}},"_links":{"self":[{"href":"https:\/\/pianoiturbi.dival.es\/en\/wp-json\/wp\/v2\/pages\/9915","targetHints":{"allow":["GET"]}}],"collection":[{"href":"https:\/\/pianoiturbi.dival.es\/en\/wp-json\/wp\/v2\/pages"}],"about":[{"href":"https:\/\/pianoiturbi.dival.es\/en\/wp-json\/wp\/v2\/types\/page"}],"author":[{"embeddable":true,"href":"https:\/\/pianoiturbi.dival.es\/en\/wp-json\/wp\/v2\/users\/2"}],"replies":[{"embeddable":true,"href":"https:\/\/pianoiturbi.dival.es\/en\/wp-json\/wp\/v2\/comments?post=9915"}],"version-history":[{"count":1,"href":"https:\/\/pianoiturbi.dival.es\/en\/wp-json\/wp\/v2\/pages\/9915\/revisions"}],"predecessor-version":[{"id":9916,"href":"https:\/\/pianoiturbi.dival.es\/en\/wp-json\/wp\/v2\/pages\/9915\/revisions\/9916"}],"up":[{"embeddable":true,"href":"https:\/\/pianoiturbi.dival.es\/en\/wp-json\/wp\/v2\/pages\/9695"}],"wp:attachment":[{"href":"https:\/\/pianoiturbi.dival.es\/en\/wp-json\/wp\/v2\/media?parent=9915"}],"curies":[{"name":"wp","href":"https:\/\/api.w.org\/{rel}","templated":true}]}}